{"id":33,"date":"2015-10-28T19:33:48","date_gmt":"2015-10-28T18:33:48","guid":{"rendered":"http:\/\/www.peppapell.com\/?page_id=33"},"modified":"2025-12-08T14:23:31","modified_gmt":"2025-12-08T13:23:31","slug":"bio-actor","status":"publish","type":"page","link":"http:\/\/colinmorganactor.com\/es\/bio-actor\/","title":{"rendered":"Bio"},"content":{"rendered":"<p>[vc_row row_type=\u00bbrow\u00bb use_row_as_full_screen_section=\u00bbyes\u00bb type=\u00bbfull_width\u00bb text_align=\u00bbleft\u00bb background_image=\u00bb150&#8243; css_animation=\u00bb\u00bb][vc_column width=\u00bb1\/2&#8243; css=\u00bb.vc_custom_1452591374070{margin-top: 2% !important;margin-right: 2% !important;margin-bottom: 2% !important;margin-left: 2% !important;padding-top: 30px !important;padding-right: 30px !important;padding-bottom: 30px !important;padding-left: 30px !important;background-color: rgba(0,0,0,0.85) !important;*background-color: rgb(0,0,0) !important;}\u00bb][vc_column_text]<\/p>\n<h1>Biograf\u00eda<\/h1>\n<div>\n<p><strong>Colin Morgan<\/strong> naci\u00f3 en Los Angeles y se cri\u00f3 en California del Norte. Una vez elegida la vocaci\u00f3n, su formaci\u00f3n actoral\u00a0le ha llevado de viaje a distintas ciudades como Los Angeles donde estudi\u00f3, a Nueva York donde estudi\u00f3 de verdad, a Madrid donde se subi\u00f3 al escenario y, entre otras ciudades, a Barcelona donde se sigui\u00f3 formando al mismo tiempo que se\u00a0fue\u00a0creando un niche.<\/p>\n<p>Dado que un actor\u00a0es tanto el artista como la obra, Colin considera lo suyo como un proyecto en permanente desarrollo y suele instar a sus dem\u00e1s compa\u00f1eros del medio a pensar igual. Su recorrido profesional incluye a largometrajes, locuciones y una cantidad muy modesta de obras llevadas al teatro.<\/p>\n<p>Al haber sido padre reciente de dos criaturas, su consciencia acerca de la vida y de toda actividad l\u00fadica se ha visto ampliada. La nueva importancia que presta al juego, al cuidar del otro, al dar y al recibir, se ha visto solapada con su profesi\u00f3n. Como Shakespeare bien dijo, \u00abel mundo entero es un escenario\u00bb, la pregunta ahora es&#8230;. \u00bfqui\u00e9n se apunta para jugar?<\/p>\n<\/div>\n<p>[\/vc_column_text][\/vc_column][vc_column width=\u00bb1\/4&#8243;][\/vc_column][vc_column width=\u00bb1\/4&#8243;][\/vc_column][\/vc_row]<\/p>\n","protected":false},"excerpt":{"rendered":"<p>[vc_row row_type=\u00bbrow\u00bb use_row_as_full_screen_section=\u00bbyes\u00bb type=\u00bbfull_width\u00bb text_align=\u00bbleft\u00bb background_image=\u00bb150&#8243; css_animation=\u00bb\u00bb][vc_column width=\u00bb1\/2&#8243; css=\u00bb.vc_custom_1452591374070{margin-top: 2% !important;margin-right: 2% !important;margin-bottom: 2% !important;margin-left: 2% !important;padding-top: 30px !important;padding-right: 30px !important;padding-bottom: 30px !important;padding-left: 30px !important;background-color: rgba(0,0,0,0.85) !important;*background-color: rgb(0,0,0) !important;}\u00bb][vc_column_text] Biograf\u00eda Colin Morgan naci\u00f3 en Los Angeles y se cri\u00f3 en California del Norte. Una vez&#8230;<\/p>\n","protected":false},"author":1,"featured_media":0,"parent":0,"menu_order":0,"comment_status":"closed","ping_status":"closed","template":"full_screen.php","meta":{"_monsterinsights_skip_tracking":false,"_monsterinsights_sitenote_active":false,"_monsterinsights_sitenote_note":"","_monsterinsights_sitenote_category":0,"footnotes":""},"class_list":["post-33","page","type-page","status-publish","hentry"],"yoast_head":"<!-- This site is optimized with the Yoast SEO plugin v26.9 - https:\/\/yoast.com\/product\/yoast-seo-wordpress\/ -->\n<title>Colin Morgan Actor | Biograf\u00eda<\/title>\n<meta name=\"description\" content=\"Biograf\u00eda del actor\u00a0Colin Morgan.\" \/>\n<meta name=\"robots\" content=\"index, follow, max-snippet:-1, max-image-preview:large, max-video-preview:-1\" \/>\n<link rel=\"canonical\" href=\"http:\/\/colinmorganactor.com\/es\/bio-actor\/\" \/>\n<meta property=\"og:locale\" content=\"es_ES\" \/>\n<meta property=\"og:type\" content=\"article\" \/>\n<meta property=\"og:title\" content=\"Colin Morgan Actor | Biograf\u00eda\" \/>\n<meta property=\"og:description\" content=\"Biograf\u00eda del actor\u00a0Colin Morgan.\" \/>\n<meta property=\"og:url\" content=\"http:\/\/colinmorganactor.com\/es\/bio-actor\/\" \/>\n<meta property=\"og:site_name\" content=\"Colin Morgan\" \/>\n<meta property=\"article:modified_time\" content=\"2025-12-08T13:23:31+00:00\" \/>\n<meta name=\"twitter:card\" content=\"summary_large_image\" \/>\n<meta name=\"twitter:label1\" content=\"Tiempo de lectura\" \/>\n\t<meta name=\"twitter:data1\" content=\"1 minuto\" \/>\n<script type=\"application\/ld+json\" class=\"yoast-schema-graph\">{\"@context\":\"https:\/\/schema.org\",\"@graph\":[{\"@type\":\"WebPage\",\"@id\":\"http:\/\/colinmorganactor.com\/es\/bio-actor\/\",\"url\":\"http:\/\/colinmorganactor.com\/es\/bio-actor\/\",\"name\":\"Colin Morgan Actor | Biograf\u00eda\",\"isPartOf\":{\"@id\":\"https:\/\/colinmorganactor.com\/es\/#website\"},\"datePublished\":\"2015-10-28T18:33:48+00:00\",\"dateModified\":\"2025-12-08T13:23:31+00:00\",\"description\":\"Biograf\u00eda del actor\u00a0Colin Morgan.\",\"breadcrumb\":{\"@id\":\"http:\/\/colinmorganactor.com\/es\/bio-actor\/#breadcrumb\"},\"inLanguage\":\"es\",\"potentialAction\":[{\"@type\":\"ReadAction\",\"target\":[\"http:\/\/colinmorganactor.com\/es\/bio-actor\/\"]}]},{\"@type\":\"BreadcrumbList\",\"@id\":\"http:\/\/colinmorganactor.com\/es\/bio-actor\/#breadcrumb\",\"itemListElement\":[{\"@type\":\"ListItem\",\"position\":1,\"name\":\"Portada\",\"item\":\"http:\/\/colinmorganactor.com\/es\/\"},{\"@type\":\"ListItem\",\"position\":2,\"name\":\"Bio\"}]},{\"@type\":\"WebSite\",\"@id\":\"https:\/\/colinmorganactor.com\/es\/#website\",\"url\":\"https:\/\/colinmorganactor.com\/es\/\",\"name\":\"Colin Morgan\",\"description\":\"Actor\",\"potentialAction\":[{\"@type\":\"SearchAction\",\"target\":{\"@type\":\"EntryPoint\",\"urlTemplate\":\"https:\/\/colinmorganactor.com\/es\/?s={search_term_string}\"},\"query-input\":{\"@type\":\"PropertyValueSpecification\",\"valueRequired\":true,\"valueName\":\"search_term_string\"}}],\"inLanguage\":\"es\"}]}<\/script>\n<!-- \/ Yoast SEO plugin. -->","yoast_head_json":{"title":"Colin Morgan Actor | Biograf\u00eda","description":"Biograf\u00eda del actor\u00a0Colin Morgan.","robots":{"index":"index","follow":"follow","max-snippet":"max-snippet:-1","max-image-preview":"max-image-preview:large","max-video-preview":"max-video-preview:-1"},"canonical":"http:\/\/colinmorganactor.com\/es\/bio-actor\/","og_locale":"es_ES","og_type":"article","og_title":"Colin Morgan Actor | Biograf\u00eda","og_description":"Biograf\u00eda del actor\u00a0Colin Morgan.","og_url":"http:\/\/colinmorganactor.com\/es\/bio-actor\/","og_site_name":"Colin Morgan","article_modified_time":"2025-12-08T13:23:31+00:00","twitter_card":"summary_large_image","twitter_misc":{"Tiempo de lectura":"1 minuto"},"schema":{"@context":"https:\/\/schema.org","@graph":[{"@type":"WebPage","@id":"http:\/\/colinmorganactor.com\/es\/bio-actor\/","url":"http:\/\/colinmorganactor.com\/es\/bio-actor\/","name":"Colin Morgan Actor | Biograf\u00eda","isPartOf":{"@id":"https:\/\/colinmorganactor.com\/es\/#website"},"datePublished":"2015-10-28T18:33:48+00:00","dateModified":"2025-12-08T13:23:31+00:00","description":"Biograf\u00eda del actor\u00a0Colin Morgan.","breadcrumb":{"@id":"http:\/\/colinmorganactor.com\/es\/bio-actor\/#breadcrumb"},"inLanguage":"es","potentialAction":[{"@type":"ReadAction","target":["http:\/\/colinmorganactor.com\/es\/bio-actor\/"]}]},{"@type":"BreadcrumbList","@id":"http:\/\/colinmorganactor.com\/es\/bio-actor\/#breadcrumb","itemListElement":[{"@type":"ListItem","position":1,"name":"Portada","item":"http:\/\/colinmorganactor.com\/es\/"},{"@type":"ListItem","position":2,"name":"Bio"}]},{"@type":"WebSite","@id":"https:\/\/colinmorganactor.com\/es\/#website","url":"https:\/\/colinmorganactor.com\/es\/","name":"Colin Morgan","description":"Actor","potentialAction":[{"@type":"SearchAction","target":{"@type":"EntryPoint","urlTemplate":"https:\/\/colinmorganactor.com\/es\/?s={search_term_string}"},"query-input":{"@type":"PropertyValueSpecification","valueRequired":true,"valueName":"search_term_string"}}],"inLanguage":"es"}]}},"_links":{"self":[{"href":"http:\/\/colinmorganactor.com\/es\/wp-json\/wp\/v2\/pages\/33","targetHints":{"allow":["GET"]}}],"collection":[{"href":"http:\/\/colinmorganactor.com\/es\/wp-json\/wp\/v2\/pages"}],"about":[{"href":"http:\/\/colinmorganactor.com\/es\/wp-json\/wp\/v2\/types\/page"}],"author":[{"embeddable":true,"href":"http:\/\/colinmorganactor.com\/es\/wp-json\/wp\/v2\/users\/1"}],"replies":[{"embeddable":true,"href":"http:\/\/colinmorganactor.com\/es\/wp-json\/wp\/v2\/comments?post=33"}],"version-history":[{"count":0,"href":"http:\/\/colinmorganactor.com\/es\/wp-json\/wp\/v2\/pages\/33\/revisions"}],"wp:attachment":[{"href":"http:\/\/colinmorganactor.com\/es\/wp-json\/wp\/v2\/media?parent=33"}],"curies":[{"name":"wp","href":"https:\/\/api.w.org\/{rel}","templated":true}]}}