{"id":58,"date":"2015-10-29T10:56:01","date_gmt":"2015-10-29T09:56:01","guid":{"rendered":"http:\/\/www.peppapell.com\/?page_id=58"},"modified":"2025-12-09T12:38:39","modified_gmt":"2025-12-09T11:38:39","slug":"curriculum","status":"publish","type":"page","link":"http:\/\/colinmorganactor.com\/es\/curriculum\/","title":{"rendered":"Curr\u00edculum"},"content":{"rendered":"<p>[vc_row row_type=\u00bbrow\u00bb use_row_as_full_screen_section=\u00bbyes\u00bb type=\u00bbfull_width\u00bb text_align=\u00bbleft\u00bb background_image=\u00bb152&#8243; background_animation=\u00bbnone\u00bb css_animation=\u00bb\u00bb][vc_column width=\u00bb1\/2&#8243; css=\u00bb.vc_custom_1452600344588{margin-top: 2% !important;margin-right: 2% !important;margin-bottom: 2% !important;margin-left: 2% !important;padding-top: 30px !important;padding-right: 30px !important;padding-bottom: 30px !important;padding-left: 30px !important;background-color: rgba(0,0,0,0.85) !important;*background-color: rgb(0,0,0) !important;}\u00bb][vc_column_text]<\/p>\n<h1>CV<\/h1>\n<h2><\/h2>\n<h2>CINE<\/h2>\n<table class=\"credits\">\n<tbody>\n<tr>\n<td valign=\"top\"><strong>The Beast<\/strong><\/td>\n<td valign=\"top\">Stuart Epps<\/td>\n<td valign=\"top\">Dir. Elisabet Terri<\/td>\n<\/tr>\n<tr>\n<td valign=\"top\"><strong>Red Hot Chili Ice Cream<\/strong><\/td>\n<td valign=\"top\">Ejecutivo<\/td>\n<td valign=\"top\">Dir. Denis Kryuchkov &amp; Olga Loyanich<\/td>\n<\/tr>\n<tr>\n<td valign=\"top\"><strong>Rich Flu<\/strong><\/td>\n<td valign=\"top\">Productor n\u00ba2<\/td>\n<td valign=\"top\">Dir. Galder Gaztelu-Urrutia<\/td>\n<\/tr>\n<tr>\n<td valign=\"top\"><strong>Upon Entry<\/strong><\/td>\n<td valign=\"top\">Oficial de aduanas<\/td>\n<td valign=\"top\">Dir. Alejandro Rojas &amp; Juan Sebasti\u00e1n V\u00e1squez<\/td>\n<\/tr>\n<tr>\n<td valign=\"top\"><strong>The Box<\/strong><\/td>\n<td valign=\"top\">El Director<\/td>\n<td valign=\"top\">Dir. Sasha Sibley<\/td>\n<\/tr>\n<tr>\n<td valign=\"top\"><strong>The Shell<\/strong><\/td>\n<td valign=\"top\">Albert<\/td>\n<td valign=\"top\">Dir. Yeuhua\/Brice Wang<\/td>\n<\/tr>\n<tr>\n<td valign=\"top\"><strong>The Colour of Rosa<\/strong><\/td>\n<td valign=\"top\">Marc<\/td>\n<td valign=\"top\">Dir. Laura Van der Zee (Cortometraje)<\/td>\n<\/tr>\n<tr>\n<td valign=\"top\"><strong>Pasos en la Noche<\/strong><\/td>\n<td valign=\"top\">Barman mexicano<\/td>\n<td valign=\"top\">Dir. Maximiliano Garc\u00eda (CM)<\/td>\n<\/tr>\n<tr>\n<td valign=\"top\"><strong>Saturados \/ Saturats<\/strong><\/td>\n<td valign=\"top\">Hiru Misata<\/td>\n<td valign=\"top\">Dir. Pau Dalmau (CM)<\/td>\n<\/tr>\n<tr>\n<td valign=\"top\"><strong>Psicario<\/strong><\/td>\n<td valign=\"top\">Mafioso ruso<\/td>\n<td valign=\"top\">Dir. Dani Padr\u00f2 (CM)<\/td>\n<\/tr>\n<tr>\n<td valign=\"top\"><strong>Pablo GM<\/strong><\/td>\n<td valign=\"top\">Protagonista<\/td>\n<td valign=\"top\">Dir. Carly Mart\u00ednez<\/td>\n<\/tr>\n<\/tbody>\n<\/table>\n<h2><\/h2>\n<h2>TELEVISI\u00d3N<\/h2>\n<table class=\"credits\">\n<tbody>\n<tr>\n<td valign=\"top\"><strong>Zorro<\/strong><\/td>\n<td valign=\"top\">Bandido<\/td>\n<td valign=\"top\">Paramount+<\/td>\n<\/tr>\n<tr>\n<td valign=\"top\"><strong>La Unidad<\/strong><\/td>\n<td valign=\"top\">Agente del FBI<\/td>\n<td valign=\"top\">Movistar+<\/td>\n<\/tr>\n<tr>\n<td valign=\"top\"><strong>La Pasi\u00f3n Turca<\/strong><\/td>\n<td valign=\"top\">Subastero<\/td>\n<td valign=\"top\">Netflix<\/td>\n<\/tr>\n<tr>\n<td valign=\"top\"><strong>Land of Women<\/strong><\/td>\n<td valign=\"top\">Prestamista<\/td>\n<td valign=\"top\">Apple TV<\/td>\n<\/tr>\n<tr>\n<td valign=\"top\"><strong>Aix\u00f2 no \u00e9s Su\u00e8cia<\/strong><\/td>\n<td valign=\"top\">Transportista<\/td>\n<td valign=\"top\">TV3 &amp; RTVE<\/td>\n<\/tr>\n<tr>\n<td valign=\"top\"><strong>Ena<\/strong><\/td>\n<td valign=\"top\">Rey Eduardo VII<\/td>\n<td valign=\"top\">TVE<\/td>\n<\/tr>\n<tr>\n<td valign=\"top\"><strong>Est\u00e0 Passant<\/strong><\/td>\n<td valign=\"top\">Colin<\/td>\n<td valign=\"top\">TV3<\/td>\n<\/tr>\n<tr>\n<td valign=\"top\"><strong>Centro M\u00e9dico<\/strong><\/td>\n<td valign=\"top\">L\u00e9o<\/td>\n<td valign=\"top\">TVE<\/td>\n<\/tr>\n<tr>\n<td valign=\"top\"><strong>30 Monedas<\/strong><\/td>\n<td valign=\"top\">Periodista<\/td>\n<td valign=\"top\">AtresMedia<\/td>\n<\/tr>\n<tr>\n<td valign=\"top\"><strong>N\u00e9ro<\/strong><\/td>\n<td valign=\"top\">Monje<\/td>\n<td valign=\"top\">Canal+<\/td>\n<\/tr>\n<tr>\n<td valign=\"top\"><strong>El Crac<\/strong><\/td>\n<td valign=\"top\">El Portero<\/td>\n<td valign=\"top\">Joel Joan for TV3<\/td>\n<\/tr>\n<tr>\n<td valign=\"top\"><strong>Buenafuente<\/strong><\/td>\n<td valign=\"top\">(Varios)<\/td>\n<td valign=\"top\">El Terrat para La Sexta<\/td>\n<\/tr>\n<tr>\n<td valign=\"top\"><strong>De Buena Ley<\/strong><\/td>\n<td valign=\"top\">John &#8211; el acusado<\/td>\n<td valign=\"top\">Telecinco<\/td>\n<\/tr>\n<\/tbody>\n<\/table>\n<h2><\/h2>\n<h2>PUBLICIDAD<\/h2>\n<table class=\"credits\">\n<tbody>\n<tr>\n<td valign=\"top\"><strong>CARVYKTI<\/strong><\/td>\n<td valign=\"top\">M\u00e9dico<\/td>\n<td valign=\"top\">Farmac\u00e9utica<\/td>\n<\/tr>\n<tr>\n<td valign=\"top\"><strong>Donuts<\/strong><\/td>\n<td valign=\"top\">Comisario de salida<\/td>\n<td valign=\"top\">Alimentaci\u00f3n<\/td>\n<\/tr>\n<tr>\n<td valign=\"top\"><strong>Nikon<\/strong><\/td>\n<td valign=\"top\">\u00c1rbitro de boxeo<\/td>\n<td valign=\"top\">C\u00e1maras fotogr\u00e1ficas<\/td>\n<\/tr>\n<tr>\n<td valign=\"top\"><strong>Samsung<\/strong><\/td>\n<td valign=\"top\">Modelo de manos<\/td>\n<td valign=\"top\">Tecnolog\u00eda<\/td>\n<\/tr>\n<tr>\n<td valign=\"top\"><strong>Idealo<\/strong><\/td>\n<td valign=\"top\">Cliente satisfecho<\/td>\n<td valign=\"top\">P\u00e1gina Web<\/td>\n<\/tr>\n<tr>\n<td valign=\"top\"><strong>INPES<\/strong><\/td>\n<td valign=\"top\">El Virus<\/td>\n<td valign=\"top\">Ministerio de Sanidad<\/td>\n<\/tr>\n<tr>\n<td valign=\"top\"><strong>Carnival Tours<\/strong><\/td>\n<td valign=\"top\">Martillo neum\u00e1tico<\/td>\n<td valign=\"top\">Turismo<\/td>\n<\/tr>\n<tr>\n<td valign=\"top\"><strong>Skoda<\/strong><\/td>\n<td valign=\"top\">Vecino<\/td>\n<td valign=\"top\">Automoci\u00f3n<\/td>\n<\/tr>\n<tr>\n<td valign=\"top\"><strong>KH7<\/strong><\/td>\n<td valign=\"top\">Mec\u00e1nico<\/td>\n<td valign=\"top\">Productos de limpieza<\/td>\n<\/tr>\n<tr>\n<td valign=\"top\"><strong>Meetic<\/strong><\/td>\n<td valign=\"top\">Soltero de oro<\/td>\n<td valign=\"top\">Web de citas<\/td>\n<\/tr>\n<tr>\n<td valign=\"top\"><strong>Meller<\/strong><\/td>\n<td valign=\"top\">Juez<\/td>\n<td valign=\"top\">Gafas de sol<\/td>\n<\/tr>\n<tr>\n<td valign=\"top\"><strong>Royal Bliss<\/strong><\/td>\n<td valign=\"top\">Abogado<\/td>\n<td valign=\"top\">Bebidas<\/td>\n<\/tr>\n<\/tbody>\n<\/table>\n<h2><\/h2>\n<h2>VIDEOS<\/h2>\n<table class=\"credits\">\n<tbody>\n<tr>\n<td valign=\"top\"><strong>Cluedo<\/strong><\/td>\n<td valign=\"top\">Coronel Mostaza<\/td>\n<td valign=\"top\">Juego de mesa online<\/td>\n<\/tr>\n<tr>\n<td valign=\"top\"><strong>Alexander Marcus<\/strong><\/td>\n<td valign=\"top\">Due\u00f1o del restaurante<\/td>\n<td valign=\"top\">Videoclip de la canci\u00f3n &#8216;Italia&#8217;<\/td>\n<\/tr>\n<\/tbody>\n<\/table>\n<h2><\/h2>\n<h2>FORMACI\u00d3N PROFESIONAL<\/h2>\n<p>\u2060\u2022\u2060 1993\u20131995 Santa Monica College, Santa M\u00f3nica, C.A.<br \/>\n\u2022\u2060 \u20601996\u20131999 New York University \u2013 Tisch School of the Arts, Nueva York<br \/>\n\u2022\u2060 \u20601999 Stones Street Academy, Nueva York N.Y.<br \/>\n\u2022\u2060 \u2060Programa Meisner, Prof. J. Galit\u00f2-Cava \u2013 quinto nivel cursado, Barcelona<br \/>\n\u2022\u2060 \u20602014 \u2013 Taller de casting con Orpheus Group, Madrid<br \/>\n\u2022\u2060 \u20602014 \u2013 Fin de semana intensivo con Susan Batson, Madrid<br \/>\n\u2022\u2060 \u20602015 \u2013 Taller de casting con Manuel Teil, Madrid<br \/>\n\u2022\u2060 \u20602015 \u2013 Emma Casting Class, taller intensivo con E. Bourcy, Par\u00eds<br \/>\n\u2022\u2060 \u20602015 \u2013 Curso intensivo con Sebasti\u00e1n G\u00e1lvez \u2013 M\u00e9todo Susan Batson, Madrid<br \/>\n\u2022\u2060 \u20602015 \u2013 Las Encinas \u2013 semana intensiva de actividades ecuestres y lucha esc\u00e9nica para actores, Navalcarnero<br \/>\n\u2022\u2060 \u20602017 &#8211; La Central de Cine &#8211; Curso Intensivo con Santi Senso, Madrid<br \/>\n\u2022\u2060 \u20602017 &#8211; Susan Batson Studio &#8211; Nueva York, m\u00e9todo Susan Batson<\/p>\n<h2><\/h2>\n<h2>FORMACI\u00d3N ADICIONAL<\/h2>\n<p>\u2022\u2060 \u20601998\u20131999 New York University en Madrid, Espa\u00f1a<br \/>\n\u2022\u2060 \u20601er semestre 2000 Pontificia Universidad Cat\u00f3lica, Santiago de Chile<br \/>\n\u2022\u2060 \u20602002\u20132004 Micro Obert \u2013 Escuela de cine, Barcelona, Espa\u00f1a<\/p>\n<h2><\/h2>\n<h2>TITULACIONES \/ DIPLOMAS<\/h2>\n<p>\u2022\u2060 \u2060Licenciatura en Arte Dram\u00e1tico, Licenciatura en Literatura Hisp\u00e1nica \u2013 New York University \u2013 2001<br \/>\n\u2022\u2060 \u2060Certificado de Estudios Cinematogr\u00e1ficos \u2013 Micro Obert, Barcelona \u2013 2004<\/p>\n<h2><\/h2>\n<h2>AFICIONES \/ INTERESES<\/h2>\n<p>El cine, el deporte, el Kung-Fu, escuchar m\u00fasica, viajar, catar un buen vino, el Mediterr\u00e1neo, pasar tiempo con mis hijos.<\/p>\n<h2><\/h2>\n<h2><img loading=\"lazy\" decoding=\"async\" class=\"alignnone size-full wp-image-487\" src=\"http:\/\/colinmorganactor.com\/wp-content\/uploads\/2025\/12\/es_flag_ico.png\" alt=\"\" width=\"23\" height=\"20\" \/> IDIOMAS<\/h2>\n<p>Espa\u00f1ol, Franc\u00e9s, Ingl\u00e9s (hablado y escrito)<br \/>\nItaliano, Catal\u00e1n (nivel b\u00e1sico)<\/p>\n<h2><\/h2>\n<h2>REELS ANTERIORES<\/h2>\n<p>Videobooks Anteriores (2018 &#8211; 2020)[\/vc_column_text][vc_empty_space height=\u00bb42px\u00bb][\/vc_column][vc_column width=\u00bb1\/2&#8243;][\/vc_column][\/vc_row]<\/p>\n","protected":false},"excerpt":{"rendered":"<p>[vc_row row_type=\u00bbrow\u00bb use_row_as_full_screen_section=\u00bbyes\u00bb type=\u00bbfull_width\u00bb text_align=\u00bbleft\u00bb background_image=\u00bb152&#8243; background_animation=\u00bbnone\u00bb css_animation=\u00bb\u00bb][vc_column width=\u00bb1\/2&#8243; css=\u00bb.vc_custom_1452600344588{margin-top: 2% !important;margin-right: 2% !important;margin-bottom: 2% !important;margin-left: 2% !important;padding-top: 30px !important;padding-right: 30px !important;padding-bottom: 30px !important;padding-left: 30px !important;background-color: rgba(0,0,0,0.85) !important;*background-color: rgb(0,0,0) !important;}\u00bb][vc_column_text] CV CINE The Beast Stuart Epps Dir. Elisabet Terri Red Hot Chili Ice Cream Ejecutivo&#8230;<\/p>\n","protected":false},"author":1,"featured_media":0,"parent":0,"menu_order":0,"comment_status":"closed","ping_status":"closed","template":"full_screen.php","meta":{"_monsterinsights_skip_tracking":false,"_monsterinsights_sitenote_active":false,"_monsterinsights_sitenote_note":"","_monsterinsights_sitenote_category":0,"footnotes":""},"class_list":["post-58","page","type-page","status-publish","hentry"],"yoast_head":"<!-- This site is optimized with the Yoast SEO plugin v26.9 - https:\/\/yoast.com\/product\/yoast-seo-wordpress\/ -->\n<title>Colin Morgan Actor | Curr\u00edculum<\/title>\n<meta name=\"description\" content=\"Curr\u00edculum del actor\u00a0Colin Morgan.\" \/>\n<meta name=\"robots\" content=\"index, follow, max-snippet:-1, max-image-preview:large, max-video-preview:-1\" \/>\n<link rel=\"canonical\" href=\"http:\/\/colinmorganactor.com\/es\/curriculum\/\" \/>\n<meta property=\"og:locale\" content=\"es_ES\" \/>\n<meta property=\"og:type\" content=\"article\" \/>\n<meta property=\"og:title\" content=\"Colin Morgan Actor | Curr\u00edculum\" \/>\n<meta property=\"og:description\" content=\"Curr\u00edculum del actor\u00a0Colin Morgan.\" \/>\n<meta property=\"og:url\" content=\"http:\/\/colinmorganactor.com\/es\/curriculum\/\" \/>\n<meta property=\"og:site_name\" content=\"Colin Morgan\" \/>\n<meta property=\"article:modified_time\" content=\"2025-12-09T11:38:39+00:00\" \/>\n<meta property=\"og:image\" content=\"http:\/\/colinmorganactor.com\/wp-content\/uploads\/2025\/12\/es_flag_ico.png\" \/>\n<meta name=\"twitter:card\" content=\"summary_large_image\" \/>\n<meta name=\"twitter:label1\" content=\"Tiempo de lectura\" \/>\n\t<meta name=\"twitter:data1\" content=\"3 minutos\" \/>\n<script type=\"application\/ld+json\" class=\"yoast-schema-graph\">{\"@context\":\"https:\/\/schema.org\",\"@graph\":[{\"@type\":\"WebPage\",\"@id\":\"http:\/\/colinmorganactor.com\/es\/curriculum\/\",\"url\":\"http:\/\/colinmorganactor.com\/es\/curriculum\/\",\"name\":\"Colin Morgan Actor | Curr\u00edculum\",\"isPartOf\":{\"@id\":\"http:\/\/colinmorganactor.com\/es\/#website\"},\"primaryImageOfPage\":{\"@id\":\"http:\/\/colinmorganactor.com\/es\/curriculum\/#primaryimage\"},\"image\":{\"@id\":\"http:\/\/colinmorganactor.com\/es\/curriculum\/#primaryimage\"},\"thumbnailUrl\":\"http:\/\/colinmorganactor.com\/wp-content\/uploads\/2025\/12\/es_flag_ico.png\",\"datePublished\":\"2015-10-29T09:56:01+00:00\",\"dateModified\":\"2025-12-09T11:38:39+00:00\",\"description\":\"Curr\u00edculum del actor\u00a0Colin Morgan.\",\"breadcrumb\":{\"@id\":\"http:\/\/colinmorganactor.com\/es\/curriculum\/#breadcrumb\"},\"inLanguage\":\"es\",\"potentialAction\":[{\"@type\":\"ReadAction\",\"target\":[\"http:\/\/colinmorganactor.com\/es\/curriculum\/\"]}]},{\"@type\":\"ImageObject\",\"inLanguage\":\"es\",\"@id\":\"http:\/\/colinmorganactor.com\/es\/curriculum\/#primaryimage\",\"url\":\"http:\/\/colinmorganactor.com\/wp-content\/uploads\/2025\/12\/es_flag_ico.png\",\"contentUrl\":\"http:\/\/colinmorganactor.com\/wp-content\/uploads\/2025\/12\/es_flag_ico.png\"},{\"@type\":\"BreadcrumbList\",\"@id\":\"http:\/\/colinmorganactor.com\/es\/curriculum\/#breadcrumb\",\"itemListElement\":[{\"@type\":\"ListItem\",\"position\":1,\"name\":\"Portada\",\"item\":\"http:\/\/colinmorganactor.com\/es\/\"},{\"@type\":\"ListItem\",\"position\":2,\"name\":\"Curr\u00edculum\"}]},{\"@type\":\"WebSite\",\"@id\":\"http:\/\/colinmorganactor.com\/es\/#website\",\"url\":\"http:\/\/colinmorganactor.com\/es\/\",\"name\":\"Colin Morgan\",\"description\":\"Actor\",\"potentialAction\":[{\"@type\":\"SearchAction\",\"target\":{\"@type\":\"EntryPoint\",\"urlTemplate\":\"http:\/\/colinmorganactor.com\/es\/?s={search_term_string}\"},\"query-input\":{\"@type\":\"PropertyValueSpecification\",\"valueRequired\":true,\"valueName\":\"search_term_string\"}}],\"inLanguage\":\"es\"}]}<\/script>\n<!-- \/ Yoast SEO plugin. -->","yoast_head_json":{"title":"Colin Morgan Actor | Curr\u00edculum","description":"Curr\u00edculum del actor\u00a0Colin Morgan.","robots":{"index":"index","follow":"follow","max-snippet":"max-snippet:-1","max-image-preview":"max-image-preview:large","max-video-preview":"max-video-preview:-1"},"canonical":"http:\/\/colinmorganactor.com\/es\/curriculum\/","og_locale":"es_ES","og_type":"article","og_title":"Colin Morgan Actor | Curr\u00edculum","og_description":"Curr\u00edculum del actor\u00a0Colin Morgan.","og_url":"http:\/\/colinmorganactor.com\/es\/curriculum\/","og_site_name":"Colin Morgan","article_modified_time":"2025-12-09T11:38:39+00:00","og_image":[{"url":"http:\/\/colinmorganactor.com\/wp-content\/uploads\/2025\/12\/es_flag_ico.png","type":"","width":"","height":""}],"twitter_card":"summary_large_image","twitter_misc":{"Tiempo de lectura":"3 minutos"},"schema":{"@context":"https:\/\/schema.org","@graph":[{"@type":"WebPage","@id":"http:\/\/colinmorganactor.com\/es\/curriculum\/","url":"http:\/\/colinmorganactor.com\/es\/curriculum\/","name":"Colin Morgan Actor | Curr\u00edculum","isPartOf":{"@id":"http:\/\/colinmorganactor.com\/es\/#website"},"primaryImageOfPage":{"@id":"http:\/\/colinmorganactor.com\/es\/curriculum\/#primaryimage"},"image":{"@id":"http:\/\/colinmorganactor.com\/es\/curriculum\/#primaryimage"},"thumbnailUrl":"http:\/\/colinmorganactor.com\/wp-content\/uploads\/2025\/12\/es_flag_ico.png","datePublished":"2015-10-29T09:56:01+00:00","dateModified":"2025-12-09T11:38:39+00:00","description":"Curr\u00edculum del actor\u00a0Colin Morgan.","breadcrumb":{"@id":"http:\/\/colinmorganactor.com\/es\/curriculum\/#breadcrumb"},"inLanguage":"es","potentialAction":[{"@type":"ReadAction","target":["http:\/\/colinmorganactor.com\/es\/curriculum\/"]}]},{"@type":"ImageObject","inLanguage":"es","@id":"http:\/\/colinmorganactor.com\/es\/curriculum\/#primaryimage","url":"http:\/\/colinmorganactor.com\/wp-content\/uploads\/2025\/12\/es_flag_ico.png","contentUrl":"http:\/\/colinmorganactor.com\/wp-content\/uploads\/2025\/12\/es_flag_ico.png"},{"@type":"BreadcrumbList","@id":"http:\/\/colinmorganactor.com\/es\/curriculum\/#breadcrumb","itemListElement":[{"@type":"ListItem","position":1,"name":"Portada","item":"http:\/\/colinmorganactor.com\/es\/"},{"@type":"ListItem","position":2,"name":"Curr\u00edculum"}]},{"@type":"WebSite","@id":"http:\/\/colinmorganactor.com\/es\/#website","url":"http:\/\/colinmorganactor.com\/es\/","name":"Colin Morgan","description":"Actor","potentialAction":[{"@type":"SearchAction","target":{"@type":"EntryPoint","urlTemplate":"http:\/\/colinmorganactor.com\/es\/?s={search_term_string}"},"query-input":{"@type":"PropertyValueSpecification","valueRequired":true,"valueName":"search_term_string"}}],"inLanguage":"es"}]}},"_links":{"self":[{"href":"http:\/\/colinmorganactor.com\/es\/wp-json\/wp\/v2\/pages\/58","targetHints":{"allow":["GET"]}}],"collection":[{"href":"http:\/\/colinmorganactor.com\/es\/wp-json\/wp\/v2\/pages"}],"about":[{"href":"http:\/\/colinmorganactor.com\/es\/wp-json\/wp\/v2\/types\/page"}],"author":[{"embeddable":true,"href":"http:\/\/colinmorganactor.com\/es\/wp-json\/wp\/v2\/users\/1"}],"replies":[{"embeddable":true,"href":"http:\/\/colinmorganactor.com\/es\/wp-json\/wp\/v2\/comments?post=58"}],"version-history":[{"count":0,"href":"http:\/\/colinmorganactor.com\/es\/wp-json\/wp\/v2\/pages\/58\/revisions"}],"wp:attachment":[{"href":"http:\/\/colinmorganactor.com\/es\/wp-json\/wp\/v2\/media?parent=58"}],"curies":[{"name":"wp","href":"https:\/\/api.w.org\/{rel}","templated":true}]}}