{"id":6,"date":"2015-10-28T17:28:31","date_gmt":"2015-10-28T16:28:31","guid":{"rendered":"http:\/\/www.peppapell.com\/?page_id=6"},"modified":"2026-02-17T17:58:10","modified_gmt":"2026-02-17T16:58:10","slug":"colin-morgan","status":"publish","type":"page","link":"http:\/\/colinmorganactor.com\/es\/","title":{"rendered":"Colin Morgan"},"content":{"rendered":"<p>[vc_row row_type=\u00bbrow\u00bb use_row_as_full_screen_section=\u00bbyes\u00bb type=\u00bbfull_width\u00bb text_align=\u00bbleft\u00bb background_image=\u00bb790&#8243; background_animation=\u00bbnone\u00bb css_animation=\u00bb\u00bb][vc_column]<a href=\"https:\/\/colinmorganactor.com\/es\/demo-reel\/\" target=\"_self\"  class=\"qbutton \" style=\"font-style: normal; font-weight: 400; font-size: 14px; \">V\u00c9ALO EN ACCI\u00d3N<\/a>[\/vc_column][\/vc_row]<\/p>\n","protected":false},"excerpt":{"rendered":"<p>[vc_row row_type=\u00bbrow\u00bb use_row_as_full_screen_section=\u00bbyes\u00bb type=\u00bbfull_width\u00bb text_align=\u00bbleft\u00bb background_image=\u00bb790&#8243; background_animation=\u00bbnone\u00bb css_animation=\u00bb\u00bb][vc_column][\/vc_column][\/vc_row]<\/p>\n","protected":false},"author":1,"featured_media":0,"parent":0,"menu_order":0,"comment_status":"closed","ping_status":"closed","template":"full_screen.php","meta":{"_monsterinsights_skip_tracking":false,"_monsterinsights_sitenote_active":false,"_monsterinsights_sitenote_note":"","_monsterinsights_sitenote_category":0,"footnotes":""},"class_list":["post-6","page","type-page","status-publish","hentry"],"yoast_head":"<!-- This site is optimized with the Yoast SEO plugin v26.9 - https:\/\/yoast.com\/product\/yoast-seo-wordpress\/ -->\n<title>Colin Morgan | Actor multiling\u00fce<\/title>\n<meta name=\"description\" content=\"Actor consolidado fluido en 4 idiomas. Visto en Netflix, Amazon Prime, Disney+ y Hulu, Colin Morgan aporta formaci\u00f3n global y sensibilidad al cine, TV y teatro. Con una visi\u00f3n art\u00edstica en permanente crecimiento y una renovada sensibilidad tras convertirse en padre, integra el juego, el cuidado y la autenticidad en cada proyecto.\" \/>\n<meta name=\"robots\" content=\"index, follow, max-snippet:-1, max-image-preview:large, max-video-preview:-1\" \/>\n<link rel=\"canonical\" href=\"http:\/\/colinmorganactor.com\/es\/\" \/>\n<meta property=\"og:locale\" content=\"es_ES\" \/>\n<meta property=\"og:type\" content=\"article\" \/>\n<meta property=\"og:title\" content=\"Colin Morgan | Actor multiling\u00fce\" \/>\n<meta property=\"og:description\" content=\"Actor consolidado fluido en 4 idiomas. Visto en Netflix, Amazon Prime, Disney+ y Hulu, Colin Morgan aporta formaci\u00f3n global y sensibilidad al cine, TV y teatro. Con una visi\u00f3n art\u00edstica en permanente crecimiento y una renovada sensibilidad tras convertirse en padre, integra el juego, el cuidado y la autenticidad en cada proyecto.\" \/>\n<meta property=\"og:url\" content=\"http:\/\/colinmorganactor.com\/es\/\" \/>\n<meta property=\"og:site_name\" content=\"Colin Morgan\" \/>\n<meta property=\"article:modified_time\" content=\"2026-02-17T16:58:10+00:00\" \/>\n<meta property=\"og:image\" content=\"http:\/\/colinmorganactor.com\/wp-content\/uploads\/2015\/10\/colin-morgan-actor.jpg\" \/>\n\t<meta property=\"og:image:width\" content=\"3000\" \/>\n\t<meta property=\"og:image:height\" content=\"2000\" \/>\n\t<meta property=\"og:image:type\" content=\"image\/jpeg\" \/>\n<meta name=\"twitter:card\" content=\"summary_large_image\" \/>\n<meta name=\"twitter:label1\" content=\"Tiempo de lectura\" \/>\n\t<meta name=\"twitter:data1\" content=\"1 minuto\" \/>\n<script type=\"application\/ld+json\" class=\"yoast-schema-graph\">{\"@context\":\"https:\/\/schema.org\",\"@graph\":[{\"@type\":\"WebPage\",\"@id\":\"http:\/\/colinmorganactor.com\/es\/\",\"url\":\"http:\/\/colinmorganactor.com\/es\/\",\"name\":\"Colin Morgan | Actor multiling\u00fce\",\"isPartOf\":{\"@id\":\"http:\/\/colinmorganactor.com\/es\/#website\"},\"datePublished\":\"2015-10-28T16:28:31+00:00\",\"dateModified\":\"2026-02-17T16:58:10+00:00\",\"description\":\"Actor consolidado fluido en 4 idiomas. Visto en Netflix, Amazon Prime, Disney+ y Hulu, Colin Morgan aporta formaci\u00f3n global y sensibilidad al cine, TV y teatro. Con una visi\u00f3n art\u00edstica en permanente crecimiento y una renovada sensibilidad tras convertirse en padre, integra el juego, el cuidado y la autenticidad en cada proyecto.\",\"breadcrumb\":{\"@id\":\"http:\/\/colinmorganactor.com\/es\/#breadcrumb\"},\"inLanguage\":\"es\",\"potentialAction\":[{\"@type\":\"ReadAction\",\"target\":[\"http:\/\/colinmorganactor.com\/es\/\"]}]},{\"@type\":\"BreadcrumbList\",\"@id\":\"http:\/\/colinmorganactor.com\/es\/#breadcrumb\",\"itemListElement\":[{\"@type\":\"ListItem\",\"position\":1,\"name\":\"Portada\",\"item\":\"http:\/\/colinmorganactor.com\/es\/\"},{\"@type\":\"ListItem\",\"position\":2,\"name\":\"Colin Morgan\"}]},{\"@type\":\"WebSite\",\"@id\":\"http:\/\/colinmorganactor.com\/es\/#website\",\"url\":\"http:\/\/colinmorganactor.com\/es\/\",\"name\":\"Colin Morgan\",\"description\":\"Actor\",\"potentialAction\":[{\"@type\":\"SearchAction\",\"target\":{\"@type\":\"EntryPoint\",\"urlTemplate\":\"http:\/\/colinmorganactor.com\/es\/?s={search_term_string}\"},\"query-input\":{\"@type\":\"PropertyValueSpecification\",\"valueRequired\":true,\"valueName\":\"search_term_string\"}}],\"inLanguage\":\"es\"}]}<\/script>\n<!-- \/ Yoast SEO plugin. -->","yoast_head_json":{"title":"Colin Morgan | Actor multiling\u00fce","description":"Actor consolidado fluido en 4 idiomas. Visto en Netflix, Amazon Prime, Disney+ y Hulu, Colin Morgan aporta formaci\u00f3n global y sensibilidad al cine, TV y teatro. Con una visi\u00f3n art\u00edstica en permanente crecimiento y una renovada sensibilidad tras convertirse en padre, integra el juego, el cuidado y la autenticidad en cada proyecto.","robots":{"index":"index","follow":"follow","max-snippet":"max-snippet:-1","max-image-preview":"max-image-preview:large","max-video-preview":"max-video-preview:-1"},"canonical":"http:\/\/colinmorganactor.com\/es\/","og_locale":"es_ES","og_type":"article","og_title":"Colin Morgan | Actor multiling\u00fce","og_description":"Actor consolidado fluido en 4 idiomas. Visto en Netflix, Amazon Prime, Disney+ y Hulu, Colin Morgan aporta formaci\u00f3n global y sensibilidad al cine, TV y teatro. Con una visi\u00f3n art\u00edstica en permanente crecimiento y una renovada sensibilidad tras convertirse en padre, integra el juego, el cuidado y la autenticidad en cada proyecto.","og_url":"http:\/\/colinmorganactor.com\/es\/","og_site_name":"Colin Morgan","article_modified_time":"2026-02-17T16:58:10+00:00","og_image":[{"width":3000,"height":2000,"url":"http:\/\/colinmorganactor.com\/wp-content\/uploads\/2015\/10\/colin-morgan-actor.jpg","type":"image\/jpeg"}],"twitter_card":"summary_large_image","twitter_misc":{"Tiempo de lectura":"1 minuto"},"schema":{"@context":"https:\/\/schema.org","@graph":[{"@type":"WebPage","@id":"http:\/\/colinmorganactor.com\/es\/","url":"http:\/\/colinmorganactor.com\/es\/","name":"Colin Morgan | Actor multiling\u00fce","isPartOf":{"@id":"http:\/\/colinmorganactor.com\/es\/#website"},"datePublished":"2015-10-28T16:28:31+00:00","dateModified":"2026-02-17T16:58:10+00:00","description":"Actor consolidado fluido en 4 idiomas. Visto en Netflix, Amazon Prime, Disney+ y Hulu, Colin Morgan aporta formaci\u00f3n global y sensibilidad al cine, TV y teatro. Con una visi\u00f3n art\u00edstica en permanente crecimiento y una renovada sensibilidad tras convertirse en padre, integra el juego, el cuidado y la autenticidad en cada proyecto.","breadcrumb":{"@id":"http:\/\/colinmorganactor.com\/es\/#breadcrumb"},"inLanguage":"es","potentialAction":[{"@type":"ReadAction","target":["http:\/\/colinmorganactor.com\/es\/"]}]},{"@type":"BreadcrumbList","@id":"http:\/\/colinmorganactor.com\/es\/#breadcrumb","itemListElement":[{"@type":"ListItem","position":1,"name":"Portada","item":"http:\/\/colinmorganactor.com\/es\/"},{"@type":"ListItem","position":2,"name":"Colin Morgan"}]},{"@type":"WebSite","@id":"http:\/\/colinmorganactor.com\/es\/#website","url":"http:\/\/colinmorganactor.com\/es\/","name":"Colin Morgan","description":"Actor","potentialAction":[{"@type":"SearchAction","target":{"@type":"EntryPoint","urlTemplate":"http:\/\/colinmorganactor.com\/es\/?s={search_term_string}"},"query-input":{"@type":"PropertyValueSpecification","valueRequired":true,"valueName":"search_term_string"}}],"inLanguage":"es"}]}},"_links":{"self":[{"href":"http:\/\/colinmorganactor.com\/es\/wp-json\/wp\/v2\/pages\/6","targetHints":{"allow":["GET"]}}],"collection":[{"href":"http:\/\/colinmorganactor.com\/es\/wp-json\/wp\/v2\/pages"}],"about":[{"href":"http:\/\/colinmorganactor.com\/es\/wp-json\/wp\/v2\/types\/page"}],"author":[{"embeddable":true,"href":"http:\/\/colinmorganactor.com\/es\/wp-json\/wp\/v2\/users\/1"}],"replies":[{"embeddable":true,"href":"http:\/\/colinmorganactor.com\/es\/wp-json\/wp\/v2\/comments?post=6"}],"version-history":[{"count":4,"href":"http:\/\/colinmorganactor.com\/es\/wp-json\/wp\/v2\/pages\/6\/revisions"}],"predecessor-version":[{"id":818,"href":"http:\/\/colinmorganactor.com\/es\/wp-json\/wp\/v2\/pages\/6\/revisions\/818"}],"wp:attachment":[{"href":"http:\/\/colinmorganactor.com\/es\/wp-json\/wp\/v2\/media?parent=6"}],"curies":[{"name":"wp","href":"https:\/\/api.w.org\/{rel}","templated":true}]}}