{"id":853,"date":"2026-02-21T17:47:39","date_gmt":"2026-02-21T16:47:39","guid":{"rendered":"https:\/\/colinmorganactor.com\/?page_id=853"},"modified":"2026-02-21T17:48:56","modified_gmt":"2026-02-21T16:48:56","slug":"locuciones","status":"publish","type":"page","link":"http:\/\/colinmorganactor.com\/es\/locuciones\/","title":{"rendered":"Locuciones"},"content":{"rendered":"<p>[vc_row row_type=\u00bbrow\u00bb use_row_as_full_screen_section=\u00bbno\u00bb type=\u00bbgrid\u00bb text_align=\u00bbleft\u00bb background_animation=\u00bbnone\u00bb css_animation=\u00bb\u00bb][vc_column width=\u00bb1\/6&#8243;][\/vc_column][vc_column width=\u00bb2\/3&#8243;][vc_column_text]<\/p>\n<h1>LOCUTOR PROFESIONAL MULTILING\u00dcE<\/h1>\n<p>[\/vc_column_text][vc_separator type=\u00bbnormal\u00bb border_style=\u00bb\u00bb color=\u00bb#00eeff\u00bb][vc_empty_space height=\u00bb8px\u00bb][vc_column_text css=\u00bb.vc_custom_1771692359401{margin-top: 24px !important;margin-bottom: 24px !important;border-top-width: 24px !important;border-bottom-width: 24px !important;}\u00bb]<\/p>\n<p data-path-to-node=\"6\">Explore el portafolio de locuci\u00f3n de <b data-path-to-node=\"4\" data-index-in-node=\"37\">Colin Morgan<\/b>. Actor formado en Nueva York y Los \u00c1ngeles, ofrece servicios profesionales de narraci\u00f3n y actuaci\u00f3n en varios idiomas para cine, publicidad y proyectos internacionales.<\/p>\n<p>[\/vc_column_text][vc_raw_html]JTNDaWZyYW1lJTIwd2lkdGglM0QlMjIxMDAlMjUlMjIlMjBoZWlnaHQlM0QlMjIzMDAlMjIlMjBzY3JvbGxpbmclM0QlMjJubyUyMiUyMGZyYW1lYm9yZGVyJTNEJTIybm8lMjIlMjBhbGxvdyUzRCUyMmF1dG9wbGF5JTIyJTIwc3JjJTNEJTIyaHR0cHMlM0ElMkYlMkZ3LnNvdW5kY2xvdWQuY29tJTJGcGxheWVyJTJGJTNGdXJsJTNEaHR0cHMlMjUzQSUyRiUyRmFwaS5zb3VuZGNsb3VkLmNvbSUyRnRyYWNrcyUyRnNvdW5kY2xvdWQlMjUyNTNBdHJhY2tzJTI1MjUzQTUyNTgzMzU4MCUyNmNvbG9yJTNEJTI1MjMwMDAwMDAlMjZhdXRvX3BsYXklM0RmYWxzZSUyNmhpZGVfcmVsYXRlZCUzRGZhbHNlJTI2c2hvd19jb21tZW50cyUzRHRydWUlMjZzaG93X3VzZXIlM0R0cnVlJTI2c2hvd19yZXBvc3RzJTNEZmFsc2UlMjZzaG93X3RlYXNlciUzRHRydWUlMjZ2aXN1YWwlM0R0cnVlJTIyJTNFJTNDJTJGaWZyYW1lJTNFJTNDZGl2JTIwc3R5bGUlM0QlMjJmb250LXNpemUlM0ElMjAxMHB4JTNCJTIwY29sb3IlM0ElMjAlMjNjY2NjY2MlM0JsaW5lLWJyZWFrJTNBJTIwYW55d2hlcmUlM0J3b3JkLWJyZWFrJTNBJTIwbm9ybWFsJTNCb3ZlcmZsb3clM0ElMjBoaWRkZW4lM0J3aGl0ZS1zcGFjZSUzQSUyMG5vd3JhcCUzQnRleHQtb3ZlcmZsb3clM0ElMjBlbGxpcHNpcyUzQiUyMGZvbnQtZmFtaWx5JTNBJTIwSW50ZXJzdGF0ZSUyQ0x1Y2lkYSUyMEdyYW5kZSUyQ0x1Y2lkYSUyMFNhbnMlMjBVbmljb2RlJTJDTHVjaWRhJTIwU2FucyUyQ0dhcnVkYSUyQ1ZlcmRhbmElMkNUYWhvbWElMkNzYW5zLXNlcmlmJTNCZm9udC13ZWlnaHQlM0ElMjAxMDAlM0IlMjIlM0UlM0NhJTIwaHJlZiUzRCUyMmh0dHBzJTNBJTJGJTJGc291bmRjbG91ZC5jb20lMkZjb2xpbi1tb3JnYW4tODE2MTk0NDQzJTIyJTIwdGl0bGUlM0QlMjJDb2xpbiUyME1vcmdhbiUyMiUyMHRhcmdldCUzRCUyMl9ibGFuayUyMiUyMHN0eWxlJTNEJTIyY29sb3IlM0ElMjAlMjNjY2NjY2MlM0IlMjB0ZXh0LWRlY29yYXRpb24lM0ElMjBub25lJTNCJTIyJTNFQ29saW4lMjBNb3JnYW4lM0MlMkZhJTNFJTIwJUMyJUI3JTIwJTNDYSUyMGhyZWYlM0QlMjJodHRwcyUzQSUyRiUyRnNvdW5kY2xvdWQuY29tJTJGY29saW4tbW9yZ2FuLTgxNjE5NDQ0MyUyRmNvbGluLW1vcmdhbi12by1yZWVsJTIyJTIwdGl0bGUlM0QlMjJDb2xpbiUyME1vcmdhbiUyMFZPJTIwUmVlbCUyMiUyMHRhcmdldCUzRCUyMl9ibGFuayUyMiUyMHN0eWxlJTNEJTIyY29sb3IlM0ElMjAlMjNjY2NjY2MlM0IlMjB0ZXh0LWRlY29yYXRpb24lM0ElMjBub25lJTNCJTIyJTNFQ29saW4lMjBNb3JnYW4lMjBWTyUyMFJlZWwlM0MlMkZhJTNFJTNDJTJGZGl2JTNF[\/vc_raw_html][vc_column_text css=\u00bb.vc_custom_1771692398468{margin-top: 72px !important;margin-bottom: 24px !important;border-top-width: 24px !important;border-bottom-width: 24px !important;}\u00bb]<\/p>\n<p data-path-to-node=\"5\">\u00bfListo para dar vida a su pr\u00f3ximo proyecto? <a href=\"https:\/\/www.colinmorganactor.com\/es\/contacto\"><b data-path-to-node=\"5\" data-index-in-node=\"44\">Haga clic aqu\u00ed para ponerse en contacto.<\/b><\/a><\/p>\n<p data-path-to-node=\"6\">Si desea profundizar en su registro vocal y descubrir la versatilidad que aporta a cada proyecto, le invitamos a explorar la colecci\u00f3n completa. <b data-path-to-node=\"6\" data-index-in-node=\"145\">Descubra las siguientes grabaciones<\/b> y conozca sus interpretaciones profesionales m\u00e1s recientes.<\/p>\n<p>[\/vc_column_text][vc_raw_html]JTNDaWZyYW1lJTIwd2lkdGglM0QlMjIxMDAlMjUlMjIlMjBoZWlnaHQlM0QlMjIxNjYlMjIlMjBzY3JvbGxpbmclM0QlMjJubyUyMiUyMGZyYW1lYm9yZGVyJTNEJTIybm8lMjIlMjBhbGxvdyUzRCUyMmF1dG9wbGF5JTIyJTIwc3JjJTNEJTIyaHR0cHMlM0ElMkYlMkZ3LnNvdW5kY2xvdWQuY29tJTJGcGxheWVyJTJGJTNGdXJsJTNEaHR0cHMlMjUzQSUyRiUyRmFwaS5zb3VuZGNsb3VkLmNvbSUyRnRyYWNrcyUyRnNvdW5kY2xvdWQlMjUyNTNBdHJhY2tzJTI1MjUzQTExNDkwNTQ2NjclMjZjb2xvciUzRCUyNTIzMDAwMDAwJTI2YXV0b19wbGF5JTNEZmFsc2UlMjZoaWRlX3JlbGF0ZWQlM0RmYWxzZSUyNnNob3dfY29tbWVudHMlM0R0cnVlJTI2c2hvd191c2VyJTNEdHJ1ZSUyNnNob3dfcmVwb3N0cyUzRGZhbHNlJTI2c2hvd190ZWFzZXIlM0R0cnVlJTIyJTNFJTNDJTJGaWZyYW1lJTNFJTNDZGl2JTIwc3R5bGUlM0QlMjJmb250LXNpemUlM0ElMjAxMHB4JTNCJTIwY29sb3IlM0ElMjAlMjNjY2NjY2MlM0JsaW5lLWJyZWFrJTNBJTIwYW55d2hlcmUlM0J3b3JkLWJyZWFrJTNBJTIwbm9ybWFsJTNCb3ZlcmZsb3clM0ElMjBoaWRkZW4lM0J3aGl0ZS1zcGFjZSUzQSUyMG5vd3JhcCUzQnRleHQtb3ZlcmZsb3clM0ElMjBlbGxpcHNpcyUzQiUyMGZvbnQtZmFtaWx5JTNBJTIwSW50ZXJzdGF0ZSUyQ0x1Y2lkYSUyMEdyYW5kZSUyQ0x1Y2lkYSUyMFNhbnMlMjBVbmljb2RlJTJDTHVjaWRhJTIwU2FucyUyQ0dhcnVkYSUyQ1ZlcmRhbmElMkNUYWhvbWElMkNzYW5zLXNlcmlmJTNCZm9udC13ZWlnaHQlM0ElMjAxMDAlM0IlMjIlM0UlM0NhJTIwaHJlZiUzRCUyMmh0dHBzJTNBJTJGJTJGc291bmRjbG91ZC5jb20lMkZjb2xpbi1tb3JnYW4tODE2MTk0NDQzJTIyJTIwdGl0bGUlM0QlMjJDb2xpbiUyME1vcmdhbiUyMiUyMHRhcmdldCUzRCUyMl9ibGFuayUyMiUyMHN0eWxlJTNEJTIyY29sb3IlM0ElMjAlMjNjY2NjY2MlM0IlMjB0ZXh0LWRlY29yYXRpb24lM0ElMjBub25lJTNCJTIyJTNFQ29saW4lMjBNb3JnYW4lM0MlMkZhJTNFJTIwJUMyJUI3JTIwJTNDYSUyMGhyZWYlM0QlMjJodHRwcyUzQSUyRiUyRnNvdW5kY2xvdWQuY29tJTJGY29saW4tbW9yZ2FuLTgxNjE5NDQ0MyUyRnBhcmZ1bXMtbGFjb3N0ZSUyMiUyMHRpdGxlJTNEJTIyUGFyZnVtcyUyMExhY29zdGUlMjIlMjB0YXJnZXQlM0QlMjJfYmxhbmslMjIlMjBzdHlsZSUzRCUyMmNvbG9yJTNBJTIwJTIzY2NjY2NjJTNCJTIwdGV4dC1kZWNvcmF0aW9uJTNBJTIwbm9uZSUzQiUyMiUzRVBhcmZ1bXMlMjBMYWNvc3RlJTNDJTJGYSUzRSUzQyUyRmRpdiUzRQ==[\/vc_raw_html][vc_separator type=\u00bbnormal\u00bb border_style=\u00bb\u00bb color=\u00bb#00eeff\u00bb][vc_raw_html]JTNDaWZyYW1lJTIwd2lkdGglM0QlMjIxMDAlMjUlMjIlMjBoZWlnaHQlM0QlMjIxNjYlMjIlMjBzY3JvbGxpbmclM0QlMjJubyUyMiUyMGZyYW1lYm9yZGVyJTNEJTIybm8lMjIlMjBhbGxvdyUzRCUyMmF1dG9wbGF5JTIyJTIwc3JjJTNEJTIyaHR0cHMlM0ElMkYlMkZ3LnNvdW5kY2xvdWQuY29tJTJGcGxheWVyJTJGJTNGdXJsJTNEaHR0cHMlMjUzQSUyRiUyRmFwaS5zb3VuZGNsb3VkLmNvbSUyRnRyYWNrcyUyRnNvdW5kY2xvdWQlMjUyNTNBdHJhY2tzJTI1MjUzQTY5NTY3NDM1NyUyNmNvbG9yJTNEJTI1MjMwMDAwMDAlMjZhdXRvX3BsYXklM0RmYWxzZSUyNmhpZGVfcmVsYXRlZCUzRGZhbHNlJTI2c2hvd19jb21tZW50cyUzRHRydWUlMjZzaG93X3VzZXIlM0R0cnVlJTI2c2hvd19yZXBvc3RzJTNEZmFsc2UlMjZzaG93X3RlYXNlciUzRHRydWUlMjIlM0UlM0MlMkZpZnJhbWUlM0UlM0NkaXYlMjBzdHlsZSUzRCUyMmZvbnQtc2l6ZSUzQSUyMDEwcHglM0IlMjBjb2xvciUzQSUyMCUyM2NjY2NjYyUzQmxpbmUtYnJlYWslM0ElMjBhbnl3aGVyZSUzQndvcmQtYnJlYWslM0ElMjBub3JtYWwlM0JvdmVyZmxvdyUzQSUyMGhpZGRlbiUzQndoaXRlLXNwYWNlJTNBJTIwbm93cmFwJTNCdGV4dC1vdmVyZmxvdyUzQSUyMGVsbGlwc2lzJTNCJTIwZm9udC1mYW1pbHklM0ElMjBJbnRlcnN0YXRlJTJDTHVjaWRhJTIwR3JhbmRlJTJDTHVjaWRhJTIwU2FucyUyMFVuaWNvZGUlMkNMdWNpZGElMjBTYW5zJTJDR2FydWRhJTJDVmVyZGFuYSUyQ1RhaG9tYSUyQ3NhbnMtc2VyaWYlM0Jmb250LXdlaWdodCUzQSUyMDEwMCUzQiUyMiUzRSUzQ2ElMjBocmVmJTNEJTIyaHR0cHMlM0ElMkYlMkZzb3VuZGNsb3VkLmNvbSUyRmNvbGluLW1vcmdhbi04MTYxOTQ0NDMlMjIlMjB0aXRsZSUzRCUyMkNvbGluJTIwTW9yZ2FuJTIyJTIwdGFyZ2V0JTNEJTIyX2JsYW5rJTIyJTIwc3R5bGUlM0QlMjJjb2xvciUzQSUyMCUyM2NjY2NjYyUzQiUyMHRleHQtZGVjb3JhdGlvbiUzQSUyMG5vbmUlM0IlMjIlM0VDb2xpbiUyME1vcmdhbiUzQyUyRmElM0UlMjAlQzIlQjclMjAlM0NhJTIwaHJlZiUzRCUyMmh0dHBzJTNBJTJGJTJGc291bmRjbG91ZC5jb20lMkZjb2xpbi1tb3JnYW4tODE2MTk0NDQzJTJGcmFkaW8tdm8tMSUyMiUyMHRpdGxlJTNEJTIyUmFkaW8lMjBWLk8uJTIwc2VsZi10YXBlZCUyMGF1ZGl0aW9uJTIyJTIwdGFyZ2V0JTNEJTIyX2JsYW5rJTIyJTIwc3R5bGUlM0QlMjJjb2xvciUzQSUyMCUyM2NjY2NjYyUzQiUyMHRleHQtZGVjb3JhdGlvbiUzQSUyMG5vbmUlM0IlMjIlM0VSYWRpbyUyMFYuTy4lMjBzZWxmLXRhcGVkJTIwYXVkaXRpb24lM0MlMkZhJTNFJTNDJTJGZGl2JTNF[\/vc_raw_html][vc_separator type=\u00bbnormal\u00bb border_style=\u00bb\u00bb color=\u00bb#00eeff\u00bb][vc_raw_html]JTNDaWZyYW1lJTIwd2lkdGglM0QlMjIxMDAlMjUlMjIlMjBoZWlnaHQlM0QlMjIxNjYlMjIlMjBzY3JvbGxpbmclM0QlMjJubyUyMiUyMGZyYW1lYm9yZGVyJTNEJTIybm8lMjIlMjBhbGxvdyUzRCUyMmF1dG9wbGF5JTIyJTIwc3JjJTNEJTIyaHR0cHMlM0ElMkYlMkZ3LnNvdW5kY2xvdWQuY29tJTJGcGxheWVyJTJGJTNGdXJsJTNEaHR0cHMlMjUzQSUyRiUyRmFwaS5zb3VuZGNsb3VkLmNvbSUyRnRyYWNrcyUyRnNvdW5kY2xvdWQlMjUyNTNBdHJhY2tzJTI1MjUzQTYxMDAwNjUxMiUyNmNvbG9yJTNEJTI1MjNmZjAwMDAlMjZhdXRvX3BsYXklM0RmYWxzZSUyNmhpZGVfcmVsYXRlZCUzRGZhbHNlJTI2c2hvd19jb21tZW50cyUzRHRydWUlMjZzaG93X3VzZXIlM0R0cnVlJTI2c2hvd19yZXBvc3RzJTNEZmFsc2UlMjZzaG93X3RlYXNlciUzRHRydWUlMjIlM0UlM0MlMkZpZnJhbWUlM0UlM0NkaXYlMjBzdHlsZSUzRCUyMmZvbnQtc2l6ZSUzQSUyMDEwcHglM0IlMjBjb2xvciUzQSUyMCUyM2NjY2NjYyUzQmxpbmUtYnJlYWslM0ElMjBhbnl3aGVyZSUzQndvcmQtYnJlYWslM0ElMjBub3JtYWwlM0JvdmVyZmxvdyUzQSUyMGhpZGRlbiUzQndoaXRlLXNwYWNlJTNBJTIwbm93cmFwJTNCdGV4dC1vdmVyZmxvdyUzQSUyMGVsbGlwc2lzJTNCJTIwZm9udC1mYW1pbHklM0ElMjBJbnRlcnN0YXRlJTJDTHVjaWRhJTIwR3JhbmRlJTJDTHVjaWRhJTIwU2FucyUyMFVuaWNvZGUlMkNMdWNpZGElMjBTYW5zJTJDR2FydWRhJTJDVmVyZGFuYSUyQ1RhaG9tYSUyQ3NhbnMtc2VyaWYlM0Jmb250LXdlaWdodCUzQSUyMDEwMCUzQiUyMiUzRSUzQ2ElMjBocmVmJTNEJTIyaHR0cHMlM0ElMkYlMkZzb3VuZGNsb3VkLmNvbSUyRmNvbGluLW1vcmdhbi04MTYxOTQ0NDMlMjIlMjB0aXRsZSUzRCUyMkNvbGluJTIwTW9yZ2FuJTIyJTIwdGFyZ2V0JTNEJTIyX2JsYW5rJTIyJTIwc3R5bGUlM0QlMjJjb2xvciUzQSUyMCUyM2NjY2NjYyUzQiUyMHRleHQtZGVjb3JhdGlvbiUzQSUyMG5vbmUlM0IlMjIlM0VDb2xpbiUyME1vcmdhbiUzQyUyRmElM0UlMjAlQzIlQjclMjAlM0NhJTIwaHJlZiUzRCUyMmh0dHBzJTNBJTJGJTJGc291bmRjbG91ZC5jb20lMkZjb2xpbi1tb3JnYW4tODE2MTk0NDQzJTJGcmVhZGluZy1vZi1ob3dhcmQtcm9hcmtlJTIyJTIwdGl0bGUlM0QlMjJSZWFkaW5nJTIwb2YlMjBIb3dhcmQlMjBSb2Fya2UlMjIlMjB0YXJnZXQlM0QlMjJfYmxhbmslMjIlMjBzdHlsZSUzRCUyMmNvbG9yJTNBJTIwJTIzY2NjY2NjJTNCJTIwdGV4dC1kZWNvcmF0aW9uJTNBJTIwbm9uZSUzQiUyMiUzRVJlYWRpbmclMjBvZiUyMEhvd2FyZCUyMFJvYXJrZSUzQyUyRmElM0UlM0MlMkZkaXYlM0U=[\/vc_raw_html][vc_separator type=\u00bbnormal\u00bb border_style=\u00bb\u00bb color=\u00bb#00eeff\u00bb][vc_raw_html]JTNDaWZyYW1lJTIwd2lkdGglM0QlMjIxMDAlMjUlMjIlMjBoZWlnaHQlM0QlMjIxNjYlMjIlMjBzY3JvbGxpbmclM0QlMjJubyUyMiUyMGZyYW1lYm9yZGVyJTNEJTIybm8lMjIlMjBhbGxvdyUzRCUyMmF1dG9wbGF5JTIyJTIwc3JjJTNEJTIyaHR0cHMlM0ElMkYlMkZ3LnNvdW5kY2xvdWQuY29tJTJGcGxheWVyJTJGJTNGdXJsJTNEaHR0cHMlMjUzQSUyRiUyRmFwaS5zb3VuZGNsb3VkLmNvbSUyRnRyYWNrcyUyRnNvdW5kY2xvdWQlMjUyNTNBdHJhY2tzJTI1MjUzQTU3NDU4MTA0NSUyNmNvbG9yJTNEJTI1MjNmZjAwMDAlMjZhdXRvX3BsYXklM0RmYWxzZSUyNmhpZGVfcmVsYXRlZCUzRGZhbHNlJTI2c2hvd19jb21tZW50cyUzRHRydWUlMjZzaG93X3VzZXIlM0R0cnVlJTI2c2hvd19yZXBvc3RzJTNEZmFsc2UlMjZzaG93X3RlYXNlciUzRHRydWUlMjIlM0UlM0MlMkZpZnJhbWUlM0UlM0NkaXYlMjBzdHlsZSUzRCUyMmZvbnQtc2l6ZSUzQSUyMDEwcHglM0IlMjBjb2xvciUzQSUyMCUyM2NjY2NjYyUzQmxpbmUtYnJlYWslM0ElMjBhbnl3aGVyZSUzQndvcmQtYnJlYWslM0ElMjBub3JtYWwlM0JvdmVyZmxvdyUzQSUyMGhpZGRlbiUzQndoaXRlLXNwYWNlJTNBJTIwbm93cmFwJTNCdGV4dC1vdmVyZmxvdyUzQSUyMGVsbGlwc2lzJTNCJTIwZm9udC1mYW1pbHklM0ElMjBJbnRlcnN0YXRlJTJDTHVjaWRhJTIwR3JhbmRlJTJDTHVjaWRhJTIwU2FucyUyMFVuaWNvZGUlMkNMdWNpZGElMjBTYW5zJTJDR2FydWRhJTJDVmVyZGFuYSUyQ1RhaG9tYSUyQ3NhbnMtc2VyaWYlM0Jmb250LXdlaWdodCUzQSUyMDEwMCUzQiUyMiUzRSUzQ2ElMjBocmVmJTNEJTIyaHR0cHMlM0ElMkYlMkZzb3VuZGNsb3VkLmNvbSUyRmNvbGluLW1vcmdhbi04MTYxOTQ0NDMlMjIlMjB0aXRsZSUzRCUyMkNvbGluJTIwTW9yZ2FuJTIyJTIwdGFyZ2V0JTNEJTIyX2JsYW5rJTIyJTIwc3R5bGUlM0QlMjJjb2xvciUzQSUyMCUyM2NjY2NjYyUzQiUyMHRleHQtZGVjb3JhdGlvbiUzQSUyMG5vbmUlM0IlMjIlM0VDb2xpbiUyME1vcmdhbiUzQyUyRmElM0UlMjAlQzIlQjclMjAlM0NhJTIwaHJlZiUzRCUyMmh0dHBzJTNBJTJGJTJGc291bmRjbG91ZC5jb20lMkZjb2xpbi1tb3JnYW4tODE2MTk0NDQzJTJGYW1hem9uLWZ1bGZpbGxtZW50LWZyZW5jaCUyMiUyMHRpdGxlJTNEJTIyQW1hem9uJTIwRnVsZmlsbG1lbnQlMjAtRnJlbmNoJTIyJTIwdGFyZ2V0JTNEJTIyX2JsYW5rJTIyJTIwc3R5bGUlM0QlMjJjb2xvciUzQSUyMCUyM2NjY2NjYyUzQiUyMHRleHQtZGVjb3JhdGlvbiUzQSUyMG5vbmUlM0IlMjIlM0VBbWF6b24lMjBGdWxmaWxsbWVudCUyMC1GcmVuY2glM0MlMkZhJTNFJTNDJTJGZGl2JTNF[\/vc_raw_html][vc_separator type=\u00bbnormal\u00bb border_style=\u00bb\u00bb color=\u00bb#00eeff\u00bb][vc_raw_html]JTNDaWZyYW1lJTIwd2lkdGglM0QlMjIxMDAlMjUlMjIlMjBoZWlnaHQlM0QlMjIxNjYlMjIlMjBzY3JvbGxpbmclM0QlMjJubyUyMiUyMGZyYW1lYm9yZGVyJTNEJTIybm8lMjIlMjBhbGxvdyUzRCUyMmF1dG9wbGF5JTIyJTIwc3JjJTNEJTIyaHR0cHMlM0ElMkYlMkZ3LnNvdW5kY2xvdWQuY29tJTJGcGxheWVyJTJGJTNGdXJsJTNEaHR0cHMlMjUzQSUyRiUyRmFwaS5zb3VuZGNsb3VkLmNvbSUyRnRyYWNrcyUyRnNvdW5kY2xvdWQlMjUyNTNBdHJhY2tzJTI1MjUzQTU3NDEwMDYxMyUyNmNvbG9yJTNEJTI1MjNmZjAwMDAlMjZhdXRvX3BsYXklM0RmYWxzZSUyNmhpZGVfcmVsYXRlZCUzRGZhbHNlJTI2c2hvd19jb21tZW50cyUzRHRydWUlMjZzaG93X3VzZXIlM0R0cnVlJTI2c2hvd19yZXBvc3RzJTNEZmFsc2UlMjZzaG93X3RlYXNlciUzRHRydWUlMjIlM0UlM0MlMkZpZnJhbWUlM0UlM0NkaXYlMjBzdHlsZSUzRCUyMmZvbnQtc2l6ZSUzQSUyMDEwcHglM0IlMjBjb2xvciUzQSUyMCUyM2NjY2NjYyUzQmxpbmUtYnJlYWslM0ElMjBhbnl3aGVyZSUzQndvcmQtYnJlYWslM0ElMjBub3JtYWwlM0JvdmVyZmxvdyUzQSUyMGhpZGRlbiUzQndoaXRlLXNwYWNlJTNBJTIwbm93cmFwJTNCdGV4dC1vdmVyZmxvdyUzQSUyMGVsbGlwc2lzJTNCJTIwZm9udC1mYW1pbHklM0ElMjBJbnRlcnN0YXRlJTJDTHVjaWRhJTIwR3JhbmRlJTJDTHVjaWRhJTIwU2FucyUyMFVuaWNvZGUlMkNMdWNpZGElMjBTYW5zJTJDR2FydWRhJTJDVmVyZGFuYSUyQ1RhaG9tYSUyQ3NhbnMtc2VyaWYlM0Jmb250LXdlaWdodCUzQSUyMDEwMCUzQiUyMiUzRSUzQ2ElMjBocmVmJTNEJTIyaHR0cHMlM0ElMkYlMkZzb3VuZGNsb3VkLmNvbSUyRmNvbGluLW1vcmdhbi04MTYxOTQ0NDMlMjIlMjB0aXRsZSUzRCUyMkNvbGluJTIwTW9yZ2FuJTIyJTIwdGFyZ2V0JTNEJTIyX2JsYW5rJTIyJTIwc3R5bGUlM0QlMjJjb2xvciUzQSUyMCUyM2NjY2NjYyUzQiUyMHRleHQtZGVjb3JhdGlvbiUzQSUyMG5vbmUlM0IlMjIlM0VDb2xpbiUyME1vcmdhbiUzQyUyRmElM0UlMjAlQzIlQjclMjAlM0NhJTIwaHJlZiUzRCUyMmh0dHBzJTNBJTJGJTJGc291bmRjbG91ZC5jb20lMkZjb2xpbi1tb3JnYW4tODE2MTk0NDQzJTJGYW1hem9uLWZ1bGZpbGxtZW50LXNwYW5pc2gtY29weSUyMiUyMHRpdGxlJTNEJTIyQW1hem9uJTIwRnVsZmlsbG1lbnQlMjAtU3BhbmlzaCUyMiUyMHRhcmdldCUzRCUyMl9ibGFuayUyMiUyMHN0eWxlJTNEJTIyY29sb3IlM0ElMjAlMjNjY2NjY2MlM0IlMjB0ZXh0LWRlY29yYXRpb24lM0ElMjBub25lJTNCJTIyJTNFQW1hem9uJTIwRnVsZmlsbG1lbnQlMjAtU3BhbmlzaCUzQyUyRmElM0UlM0MlMkZkaXYlM0U=[\/vc_raw_html][vc_separator type=\u00bbnormal\u00bb border_style=\u00bb\u00bb color=\u00bb#00eeff\u00bb][vc_raw_html]JTNDaWZyYW1lJTIwd2lkdGglM0QlMjIxMDAlMjUlMjIlMjBoZWlnaHQlM0QlMjIxNjYlMjIlMjBzY3JvbGxpbmclM0QlMjJubyUyMiUyMGZyYW1lYm9yZGVyJTNEJTIybm8lMjIlMjBhbGxvdyUzRCUyMmF1dG9wbGF5JTIyJTIwc3JjJTNEJTIyaHR0cHMlM0ElMkYlMkZ3LnNvdW5kY2xvdWQuY29tJTJGcGxheWVyJTJGJTNGdXJsJTNEaHR0cHMlMjUzQSUyRiUyRmFwaS5zb3VuZGNsb3VkLmNvbSUyRnRyYWNrcyUyRnNvdW5kY2xvdWQlMjUyNTNBdHJhY2tzJTI1MjUzQTU2NzUxOTU2MSUyNmNvbG9yJTNEJTI1MjMwMDAwMDAlMjZhdXRvX3BsYXklM0RmYWxzZSUyNmhpZGVfcmVsYXRlZCUzRGZhbHNlJTI2c2hvd19jb21tZW50cyUzRHRydWUlMjZzaG93X3VzZXIlM0R0cnVlJTI2c2hvd19yZXBvc3RzJTNEZmFsc2UlMjZzaG93X3RlYXNlciUzRHRydWUlMjIlM0UlM0MlMkZpZnJhbWUlM0UlM0NkaXYlMjBzdHlsZSUzRCUyMmZvbnQtc2l6ZSUzQSUyMDEwcHglM0IlMjBjb2xvciUzQSUyMCUyM2NjY2NjYyUzQmxpbmUtYnJlYWslM0ElMjBhbnl3aGVyZSUzQndvcmQtYnJlYWslM0ElMjBub3JtYWwlM0JvdmVyZmxvdyUzQSUyMGhpZGRlbiUzQndoaXRlLXNwYWNlJTNBJTIwbm93cmFwJTNCdGV4dC1vdmVyZmxvdyUzQSUyMGVsbGlwc2lzJTNCJTIwZm9udC1mYW1pbHklM0ElMjBJbnRlcnN0YXRlJTJDTHVjaWRhJTIwR3JhbmRlJTJDTHVjaWRhJTIwU2FucyUyMFVuaWNvZGUlMkNMdWNpZGElMjBTYW5zJTJDR2FydWRhJTJDVmVyZGFuYSUyQ1RhaG9tYSUyQ3NhbnMtc2VyaWYlM0Jmb250LXdlaWdodCUzQSUyMDEwMCUzQiUyMiUzRSUzQ2ElMjBocmVmJTNEJTIyaHR0cHMlM0ElMkYlMkZzb3VuZGNsb3VkLmNvbSUyRmNvbGluLW1vcmdhbi04MTYxOTQ0NDMlMjIlMjB0aXRsZSUzRCUyMkNvbGluJTIwTW9yZ2FuJTIyJTIwdGFyZ2V0JTNEJTIyX2JsYW5rJTIyJTIwc3R5bGUlM0QlMjJjb2xvciUzQSUyMCUyM2NjY2NjYyUzQiUyMHRleHQtZGVjb3JhdGlvbiUzQSUyMG5vbmUlM0IlMjIlM0VDb2xpbiUyME1vcmdhbiUzQyUyRmElM0UlMjAlQzIlQjclMjAlM0NhJTIwaHJlZiUzRCUyMmh0dHBzJTNBJTJGJTJGc291bmRjbG91ZC5jb20lMkZjb2xpbi1tb3JnYW4tODE2MTk0NDQzJTJGaW50b3RoZXNreWRvdGNvbSUyMiUyMHRpdGxlJTNEJTIySW50b1RoZVNreURvdENvbSUyMiUyMHRhcmdldCUzRCUyMl9ibGFuayUyMiUyMHN0eWxlJTNEJTIyY29sb3IlM0ElMjAlMjNjY2NjY2MlM0IlMjB0ZXh0LWRlY29yYXRpb24lM0ElMjBub25lJTNCJTIyJTNFSW50b1RoZVNreURvdENvbSUzQyUyRmElM0UlM0MlMkZkaXYlM0U=[\/vc_raw_html][vc_separator type=\u00bbnormal\u00bb border_style=\u00bb\u00bb color=\u00bb#00eeff\u00bb][vc_raw_html]JTNDaWZyYW1lJTIwd2lkdGglM0QlMjIxMDAlMjUlMjIlMjBoZWlnaHQlM0QlMjIxNjYlMjIlMjBzY3JvbGxpbmclM0QlMjJubyUyMiUyMGZyYW1lYm9yZGVyJTNEJTIybm8lMjIlMjBhbGxvdyUzRCUyMmF1dG9wbGF5JTIyJTIwc3JjJTNEJTIyaHR0cHMlM0ElMkYlMkZ3LnNvdW5kY2xvdWQuY29tJTJGcGxheWVyJTJGJTNGdXJsJTNEaHR0cHMlMjUzQSUyRiUyRmFwaS5zb3VuZGNsb3VkLmNvbSUyRnRyYWNrcyUyRnNvdW5kY2xvdWQlMjUyNTNBdHJhY2tzJTI1MjUzQTUzNTYzNzg3NyUyNmNvbG9yJTNEJTI1MjMwMDAwMDAlMjZhdXRvX3BsYXklM0RmYWxzZSUyNmhpZGVfcmVsYXRlZCUzRGZhbHNlJTI2c2hvd19jb21tZW50cyUzRHRydWUlMjZzaG93X3VzZXIlM0R0cnVlJTI2c2hvd19yZXBvc3RzJTNEZmFsc2UlMjZzaG93X3RlYXNlciUzRHRydWUlMjIlM0UlM0MlMkZpZnJhbWUlM0UlM0NkaXYlMjBzdHlsZSUzRCUyMmZvbnQtc2l6ZSUzQSUyMDEwcHglM0IlMjBjb2xvciUzQSUyMCUyM2NjY2NjYyUzQmxpbmUtYnJlYWslM0ElMjBhbnl3aGVyZSUzQndvcmQtYnJlYWslM0ElMjBub3JtYWwlM0JvdmVyZmxvdyUzQSUyMGhpZGRlbiUzQndoaXRlLXNwYWNlJTNBJTIwbm93cmFwJTNCdGV4dC1vdmVyZmxvdyUzQSUyMGVsbGlwc2lzJTNCJTIwZm9udC1mYW1pbHklM0ElMjBJbnRlcnN0YXRlJTJDTHVjaWRhJTIwR3JhbmRlJTJDTHVjaWRhJTIwU2FucyUyMFVuaWNvZGUlMkNMdWNpZGElMjBTYW5zJTJDR2FydWRhJTJDVmVyZGFuYSUyQ1RhaG9tYSUyQ3NhbnMtc2VyaWYlM0Jmb250LXdlaWdodCUzQSUyMDEwMCUzQiUyMiUzRSUzQ2ElMjBocmVmJTNEJTIyaHR0cHMlM0ElMkYlMkZzb3VuZGNsb3VkLmNvbSUyRmNvbGluLW1vcmdhbi04MTYxOTQ0NDMlMjIlMjB0aXRsZSUzRCUyMkNvbGluJTIwTW9yZ2FuJTIyJTIwdGFyZ2V0JTNEJTIyX2JsYW5rJTIyJTIwc3R5bGUlM0QlMjJjb2xvciUzQSUyMCUyM2NjY2NjYyUzQiUyMHRleHQtZGVjb3JhdGlvbiUzQSUyMG5vbmUlM0IlMjIlM0VDb2xpbiUyME1vcmdhbiUzQyUyRmElM0UlMjAlQzIlQjclMjAlM0NhJTIwaHJlZiUzRCUyMmh0dHBzJTNBJTJGJTJGc291bmRjbG91ZC5jb20lMkZjb2xpbi1tb3JnYW4tODE2MTk0NDQzJTJGYmV0aGVsbC1ib3N0b24tYWNjZW50JTIyJTIwdGl0bGUlM0QlMjJCZXRoZWxsJTIwQm9zdG9uJTIwQWNjZW50JTIyJTIwdGFyZ2V0JTNEJTIyX2JsYW5rJTIyJTIwc3R5bGUlM0QlMjJjb2xvciUzQSUyMCUyM2NjY2NjYyUzQiUyMHRleHQtZGVjb3JhdGlvbiUzQSUyMG5vbmUlM0IlMjIlM0VCZXRoZWxsJTIwQm9zdG9uJTIwQWNjZW50JTNDJTJGYSUzRSUzQyUyRmRpdiUzRQ==[\/vc_raw_html][vc_column_text css=\u00bb.vc_custom_1771692454147{margin-top: 36px !important;margin-bottom: 24px !important;border-top-width: 24px !important;border-bottom-width: 24px !important;}\u00bb]<\/p>\n<p data-path-to-node=\"8\">\u00bfListo para dar vida a su pr\u00f3ximo proyecto con una voz \u00fanica y vers\u00e1til? Ya sea para cine, publicidad o narraciones de alto nivel, Colin Morgan est\u00e1 disponible para colaboraciones internacionales. <a href=\"https:\/\/www.colinmorganactor.com\/es\/contacto\"><b data-path-to-node=\"7\" data-index-in-node=\"197\">Haga clic aqu\u00ed para ponerse en contacto y analizar c\u00f3mo podemos elevar su producci\u00f3n.<\/b><\/a><\/p>\n<p>[\/vc_column_text][vc_row_inner row_type=\u00bbrow\u00bb type=\u00bbfull_width\u00bb use_row_as_full_screen_section_slide=\u00bbno\u00bb text_align=\u00bbleft\u00bb css_animation=\u00bb\u00bb][vc_column_inner][\/vc_column_inner][\/vc_row_inner][\/vc_column][vc_column width=\u00bb1\/6&#8243;][\/vc_column][\/vc_row]<\/p>\n","protected":false},"excerpt":{"rendered":"<p>[vc_row row_type=\u00bbrow\u00bb use_row_as_full_screen_section=\u00bbno\u00bb type=\u00bbgrid\u00bb text_align=\u00bbleft\u00bb background_animation=\u00bbnone\u00bb css_animation=\u00bb\u00bb][vc_column width=\u00bb1\/6&#8243;][\/vc_column][vc_column width=\u00bb2\/3&#8243;][vc_column_text] LOCUTOR PROFESIONAL MULTILING\u00dcE [\/vc_column_text][vc_separator type=\u00bbnormal\u00bb border_style=\u00bb\u00bb color=\u00bb#00eeff\u00bb][vc_empty_space height=\u00bb8px\u00bb][vc_column_text css=\u00bb.vc_custom_1771692359401{margin-top: 24px !important;margin-bottom: 24px !important;border-top-width: 24px !important;border-bottom-width: 24px !important;}\u00bb] Explore el portafolio de locuci\u00f3n de Colin Morgan. Actor formado en Nueva York y Los \u00c1ngeles, ofrece servicios profesionales&#8230;<\/p>\n","protected":false},"author":2,"featured_media":0,"parent":0,"menu_order":0,"comment_status":"closed","ping_status":"closed","template":"full_width.php","meta":{"_monsterinsights_skip_tracking":false,"_monsterinsights_sitenote_active":false,"_monsterinsights_sitenote_note":"","_monsterinsights_sitenote_category":0,"footnotes":""},"class_list":["post-853","page","type-page","status-publish","hentry"],"yoast_head":"<!-- This site is optimized with the Yoast SEO plugin v26.9 - https:\/\/yoast.com\/product\/yoast-seo-wordpress\/ -->\n<title>Colin Morgan Actor | Videobook<\/title>\n<meta name=\"description\" content=\"Videobook con los \u00faltimos trabajos del actor Colin Morgan.\" \/>\n<meta name=\"robots\" content=\"index, follow, max-snippet:-1, max-image-preview:large, max-video-preview:-1\" \/>\n<link rel=\"canonical\" href=\"http:\/\/colinmorganactor.com\/es\/locuciones\/\" \/>\n<meta property=\"og:locale\" content=\"es_ES\" \/>\n<meta property=\"og:type\" content=\"article\" \/>\n<meta property=\"og:title\" content=\"Colin Morgan Actor | Videobook\" \/>\n<meta property=\"og:description\" content=\"Videobook con los \u00faltimos trabajos del actor Colin Morgan.\" \/>\n<meta property=\"og:url\" content=\"http:\/\/colinmorganactor.com\/es\/locuciones\/\" \/>\n<meta property=\"og:site_name\" content=\"Colin Morgan\" \/>\n<meta property=\"article:modified_time\" content=\"2026-02-21T16:48:56+00:00\" \/>\n<meta name=\"twitter:card\" content=\"summary_large_image\" \/>\n<meta name=\"twitter:label1\" content=\"Tiempo de lectura\" \/>\n\t<meta name=\"twitter:data1\" content=\"1 minuto\" \/>\n<script type=\"application\/ld+json\" class=\"yoast-schema-graph\">{\"@context\":\"https:\/\/schema.org\",\"@graph\":[{\"@type\":\"WebPage\",\"@id\":\"http:\/\/colinmorganactor.com\/es\/locuciones\/\",\"url\":\"http:\/\/colinmorganactor.com\/es\/locuciones\/\",\"name\":\"Colin Morgan Actor | Videobook\",\"isPartOf\":{\"@id\":\"http:\/\/colinmorganactor.com\/es\/#website\"},\"datePublished\":\"2026-02-21T16:47:39+00:00\",\"dateModified\":\"2026-02-21T16:48:56+00:00\",\"description\":\"Videobook con los \u00faltimos trabajos del actor Colin Morgan.\",\"breadcrumb\":{\"@id\":\"http:\/\/colinmorganactor.com\/es\/locuciones\/#breadcrumb\"},\"inLanguage\":\"es\",\"potentialAction\":[{\"@type\":\"ReadAction\",\"target\":[\"http:\/\/colinmorganactor.com\/es\/locuciones\/\"]}]},{\"@type\":\"BreadcrumbList\",\"@id\":\"http:\/\/colinmorganactor.com\/es\/locuciones\/#breadcrumb\",\"itemListElement\":[{\"@type\":\"ListItem\",\"position\":1,\"name\":\"Portada\",\"item\":\"https:\/\/colinmorganactor.com\/es\/\"},{\"@type\":\"ListItem\",\"position\":2,\"name\":\"Locuciones\"}]},{\"@type\":\"WebSite\",\"@id\":\"http:\/\/colinmorganactor.com\/es\/#website\",\"url\":\"http:\/\/colinmorganactor.com\/es\/\",\"name\":\"Colin Morgan\",\"description\":\"Actor\",\"potentialAction\":[{\"@type\":\"SearchAction\",\"target\":{\"@type\":\"EntryPoint\",\"urlTemplate\":\"http:\/\/colinmorganactor.com\/es\/?s={search_term_string}\"},\"query-input\":{\"@type\":\"PropertyValueSpecification\",\"valueRequired\":true,\"valueName\":\"search_term_string\"}}],\"inLanguage\":\"es\"}]}<\/script>\n<!-- \/ Yoast SEO plugin. -->","yoast_head_json":{"title":"Colin Morgan Actor | Videobook","description":"Videobook con los \u00faltimos trabajos del actor Colin Morgan.","robots":{"index":"index","follow":"follow","max-snippet":"max-snippet:-1","max-image-preview":"max-image-preview:large","max-video-preview":"max-video-preview:-1"},"canonical":"http:\/\/colinmorganactor.com\/es\/locuciones\/","og_locale":"es_ES","og_type":"article","og_title":"Colin Morgan Actor | Videobook","og_description":"Videobook con los \u00faltimos trabajos del actor Colin Morgan.","og_url":"http:\/\/colinmorganactor.com\/es\/locuciones\/","og_site_name":"Colin Morgan","article_modified_time":"2026-02-21T16:48:56+00:00","twitter_card":"summary_large_image","twitter_misc":{"Tiempo de lectura":"1 minuto"},"schema":{"@context":"https:\/\/schema.org","@graph":[{"@type":"WebPage","@id":"http:\/\/colinmorganactor.com\/es\/locuciones\/","url":"http:\/\/colinmorganactor.com\/es\/locuciones\/","name":"Colin Morgan Actor | Videobook","isPartOf":{"@id":"http:\/\/colinmorganactor.com\/es\/#website"},"datePublished":"2026-02-21T16:47:39+00:00","dateModified":"2026-02-21T16:48:56+00:00","description":"Videobook con los \u00faltimos trabajos del actor Colin Morgan.","breadcrumb":{"@id":"http:\/\/colinmorganactor.com\/es\/locuciones\/#breadcrumb"},"inLanguage":"es","potentialAction":[{"@type":"ReadAction","target":["http:\/\/colinmorganactor.com\/es\/locuciones\/"]}]},{"@type":"BreadcrumbList","@id":"http:\/\/colinmorganactor.com\/es\/locuciones\/#breadcrumb","itemListElement":[{"@type":"ListItem","position":1,"name":"Portada","item":"https:\/\/colinmorganactor.com\/es\/"},{"@type":"ListItem","position":2,"name":"Locuciones"}]},{"@type":"WebSite","@id":"http:\/\/colinmorganactor.com\/es\/#website","url":"http:\/\/colinmorganactor.com\/es\/","name":"Colin Morgan","description":"Actor","potentialAction":[{"@type":"SearchAction","target":{"@type":"EntryPoint","urlTemplate":"http:\/\/colinmorganactor.com\/es\/?s={search_term_string}"},"query-input":{"@type":"PropertyValueSpecification","valueRequired":true,"valueName":"search_term_string"}}],"inLanguage":"es"}]}},"_links":{"self":[{"href":"http:\/\/colinmorganactor.com\/es\/wp-json\/wp\/v2\/pages\/853","targetHints":{"allow":["GET"]}}],"collection":[{"href":"http:\/\/colinmorganactor.com\/es\/wp-json\/wp\/v2\/pages"}],"about":[{"href":"http:\/\/colinmorganactor.com\/es\/wp-json\/wp\/v2\/types\/page"}],"author":[{"embeddable":true,"href":"http:\/\/colinmorganactor.com\/es\/wp-json\/wp\/v2\/users\/2"}],"replies":[{"embeddable":true,"href":"http:\/\/colinmorganactor.com\/es\/wp-json\/wp\/v2\/comments?post=853"}],"version-history":[{"count":1,"href":"http:\/\/colinmorganactor.com\/es\/wp-json\/wp\/v2\/pages\/853\/revisions"}],"predecessor-version":[{"id":867,"href":"http:\/\/colinmorganactor.com\/es\/wp-json\/wp\/v2\/pages\/853\/revisions\/867"}],"wp:attachment":[{"href":"http:\/\/colinmorganactor.com\/es\/wp-json\/wp\/v2\/media?parent=853"}],"curies":[{"name":"wp","href":"https:\/\/api.w.org\/{rel}","templated":true}]}}