{"id":431,"date":"2015-10-28T17:28:31","date_gmt":"2015-10-28T16:28:31","guid":{"rendered":"https:\/\/colinmorganactor.com\/colin-morgan\/"},"modified":"2026-02-17T17:58:10","modified_gmt":"2026-02-17T16:58:10","slug":"colin-morgan","status":"publish","type":"page","link":"http:\/\/colinmorganactor.com\/fr\/","title":{"rendered":"Colin Morgan"},"content":{"rendered":"<p>[vc_row row_type=\u00a0\u00bbrow\u00a0\u00bb use_row_as_full_screen_section=\u00a0\u00bbyes\u00a0\u00bb type=\u00a0\u00bbfull_width\u00a0\u00bb text_align=\u00a0\u00bbleft\u00a0\u00bb background_image=\u00a0\u00bb792&Prime; background_animation=\u00a0\u00bbnone\u00a0\u00bb css_animation=\u00a0\u00bb\u00a0\u00bb][vc_column]<a href=\"\" target=\"_self\"  class=\"qbutton \" style=\"font-style: normal; font-weight: 400; font-size: 14px; \">VOIR EN ACTION<\/a>[\/vc_column][\/vc_row]<\/p>\n","protected":false},"excerpt":{"rendered":"<p>[vc_row row_type=\u00a0\u00bbrow\u00a0\u00bb use_row_as_full_screen_section=\u00a0\u00bbyes\u00a0\u00bb type=\u00a0\u00bbfull_width\u00a0\u00bb text_align=\u00a0\u00bbleft\u00a0\u00bb background_image=\u00a0\u00bb792&Prime; background_animation=\u00a0\u00bbnone\u00a0\u00bb css_animation=\u00a0\u00bb\u00a0\u00bb][vc_column][\/vc_column][\/vc_row]<\/p>\n","protected":false},"author":1,"featured_media":0,"parent":0,"menu_order":0,"comment_status":"closed","ping_status":"closed","template":"full_screen.php","meta":{"_monsterinsights_skip_tracking":false,"_monsterinsights_sitenote_active":false,"_monsterinsights_sitenote_note":"","_monsterinsights_sitenote_category":0,"footnotes":""},"class_list":["post-431","page","type-page","status-publish","hentry"],"yoast_head":"<!-- This site is optimized with the Yoast SEO plugin v26.9 - https:\/\/yoast.com\/product\/yoast-seo-wordpress\/ -->\n<title>Colin Morgan | Acteur Polyglotte<\/title>\n<meta name=\"description\" content=\"Acteur confirm\u00e9 ma\u00eetrisant 4 langues. Vu sur Netflix, Amazon Prime, Disney+ et Hulu, Colin Morgan apporte formation globale et sensibilit\u00e9 au cin\u00e9ma, TV et th\u00e9\u00e2tre.\" \/>\n<meta name=\"robots\" content=\"index, follow, max-snippet:-1, max-image-preview:large, max-video-preview:-1\" \/>\n<link rel=\"canonical\" href=\"http:\/\/colinmorganactor.com\/fr\/\" \/>\n<meta property=\"og:locale\" content=\"fr_FR\" \/>\n<meta property=\"og:type\" content=\"article\" \/>\n<meta property=\"og:title\" content=\"Colin Morgan | Acteur Polyglotte\" \/>\n<meta property=\"og:description\" content=\"Acteur confirm\u00e9 ma\u00eetrisant 4 langues. Vu sur Netflix, Amazon Prime, Disney+ et Hulu, Colin Morgan apporte formation globale et sensibilit\u00e9 au cin\u00e9ma, TV et th\u00e9\u00e2tre.\" \/>\n<meta property=\"og:url\" content=\"http:\/\/colinmorganactor.com\/fr\/\" \/>\n<meta property=\"og:site_name\" content=\"Colin Morgan\" \/>\n<meta property=\"article:modified_time\" content=\"2026-02-17T16:58:10+00:00\" \/>\n<meta property=\"og:image\" content=\"http:\/\/colinmorganactor.com\/wp-content\/uploads\/2015\/10\/colin-morgan-actor.jpg\" \/>\n\t<meta property=\"og:image:width\" content=\"3000\" \/>\n\t<meta property=\"og:image:height\" content=\"2000\" \/>\n\t<meta property=\"og:image:type\" content=\"image\/jpeg\" \/>\n<meta name=\"twitter:card\" content=\"summary_large_image\" \/>\n<meta name=\"twitter:label1\" content=\"Dur\u00e9e de lecture estim\u00e9e\" \/>\n\t<meta name=\"twitter:data1\" content=\"1 minute\" \/>\n<script type=\"application\/ld+json\" class=\"yoast-schema-graph\">{\"@context\":\"https:\/\/schema.org\",\"@graph\":[{\"@type\":\"WebPage\",\"@id\":\"http:\/\/colinmorganactor.com\/fr\/\",\"url\":\"http:\/\/colinmorganactor.com\/fr\/\",\"name\":\"Colin Morgan | Acteur Polyglotte\",\"isPartOf\":{\"@id\":\"https:\/\/colinmorganactor.com\/fr\/#website\"},\"datePublished\":\"2015-10-28T16:28:31+00:00\",\"dateModified\":\"2026-02-17T16:58:10+00:00\",\"description\":\"Acteur confirm\u00e9 ma\u00eetrisant 4 langues. Vu sur Netflix, Amazon Prime, Disney+ et Hulu, Colin Morgan apporte formation globale et sensibilit\u00e9 au cin\u00e9ma, TV et th\u00e9\u00e2tre.\",\"breadcrumb\":{\"@id\":\"http:\/\/colinmorganactor.com\/fr\/#breadcrumb\"},\"inLanguage\":\"fr-FR\",\"potentialAction\":[{\"@type\":\"ReadAction\",\"target\":[\"http:\/\/colinmorganactor.com\/fr\/\"]}]},{\"@type\":\"BreadcrumbList\",\"@id\":\"http:\/\/colinmorganactor.com\/fr\/#breadcrumb\",\"itemListElement\":[{\"@type\":\"ListItem\",\"position\":1,\"name\":\"Portada\",\"item\":\"http:\/\/colinmorganactor.com\/fr\/\"},{\"@type\":\"ListItem\",\"position\":2,\"name\":\"Colin Morgan\"}]},{\"@type\":\"WebSite\",\"@id\":\"https:\/\/colinmorganactor.com\/fr\/#website\",\"url\":\"https:\/\/colinmorganactor.com\/fr\/\",\"name\":\"Colin Morgan\",\"description\":\"Actor\",\"potentialAction\":[{\"@type\":\"SearchAction\",\"target\":{\"@type\":\"EntryPoint\",\"urlTemplate\":\"https:\/\/colinmorganactor.com\/fr\/?s={search_term_string}\"},\"query-input\":{\"@type\":\"PropertyValueSpecification\",\"valueRequired\":true,\"valueName\":\"search_term_string\"}}],\"inLanguage\":\"fr-FR\"}]}<\/script>\n<!-- \/ Yoast SEO plugin. -->","yoast_head_json":{"title":"Colin Morgan | Acteur Polyglotte","description":"Acteur confirm\u00e9 ma\u00eetrisant 4 langues. Vu sur Netflix, Amazon Prime, Disney+ et Hulu, Colin Morgan apporte formation globale et sensibilit\u00e9 au cin\u00e9ma, TV et th\u00e9\u00e2tre.","robots":{"index":"index","follow":"follow","max-snippet":"max-snippet:-1","max-image-preview":"max-image-preview:large","max-video-preview":"max-video-preview:-1"},"canonical":"http:\/\/colinmorganactor.com\/fr\/","og_locale":"fr_FR","og_type":"article","og_title":"Colin Morgan | Acteur Polyglotte","og_description":"Acteur confirm\u00e9 ma\u00eetrisant 4 langues. Vu sur Netflix, Amazon Prime, Disney+ et Hulu, Colin Morgan apporte formation globale et sensibilit\u00e9 au cin\u00e9ma, TV et th\u00e9\u00e2tre.","og_url":"http:\/\/colinmorganactor.com\/fr\/","og_site_name":"Colin Morgan","article_modified_time":"2026-02-17T16:58:10+00:00","og_image":[{"width":3000,"height":2000,"url":"http:\/\/colinmorganactor.com\/wp-content\/uploads\/2015\/10\/colin-morgan-actor.jpg","type":"image\/jpeg"}],"twitter_card":"summary_large_image","twitter_misc":{"Dur\u00e9e de lecture estim\u00e9e":"1 minute"},"schema":{"@context":"https:\/\/schema.org","@graph":[{"@type":"WebPage","@id":"http:\/\/colinmorganactor.com\/fr\/","url":"http:\/\/colinmorganactor.com\/fr\/","name":"Colin Morgan | Acteur Polyglotte","isPartOf":{"@id":"https:\/\/colinmorganactor.com\/fr\/#website"},"datePublished":"2015-10-28T16:28:31+00:00","dateModified":"2026-02-17T16:58:10+00:00","description":"Acteur confirm\u00e9 ma\u00eetrisant 4 langues. Vu sur Netflix, Amazon Prime, Disney+ et Hulu, Colin Morgan apporte formation globale et sensibilit\u00e9 au cin\u00e9ma, TV et th\u00e9\u00e2tre.","breadcrumb":{"@id":"http:\/\/colinmorganactor.com\/fr\/#breadcrumb"},"inLanguage":"fr-FR","potentialAction":[{"@type":"ReadAction","target":["http:\/\/colinmorganactor.com\/fr\/"]}]},{"@type":"BreadcrumbList","@id":"http:\/\/colinmorganactor.com\/fr\/#breadcrumb","itemListElement":[{"@type":"ListItem","position":1,"name":"Portada","item":"http:\/\/colinmorganactor.com\/fr\/"},{"@type":"ListItem","position":2,"name":"Colin Morgan"}]},{"@type":"WebSite","@id":"https:\/\/colinmorganactor.com\/fr\/#website","url":"https:\/\/colinmorganactor.com\/fr\/","name":"Colin Morgan","description":"Actor","potentialAction":[{"@type":"SearchAction","target":{"@type":"EntryPoint","urlTemplate":"https:\/\/colinmorganactor.com\/fr\/?s={search_term_string}"},"query-input":{"@type":"PropertyValueSpecification","valueRequired":true,"valueName":"search_term_string"}}],"inLanguage":"fr-FR"}]}},"_links":{"self":[{"href":"http:\/\/colinmorganactor.com\/fr\/wp-json\/wp\/v2\/pages\/431","targetHints":{"allow":["GET"]}}],"collection":[{"href":"http:\/\/colinmorganactor.com\/fr\/wp-json\/wp\/v2\/pages"}],"about":[{"href":"http:\/\/colinmorganactor.com\/fr\/wp-json\/wp\/v2\/types\/page"}],"author":[{"embeddable":true,"href":"http:\/\/colinmorganactor.com\/fr\/wp-json\/wp\/v2\/users\/1"}],"replies":[{"embeddable":true,"href":"http:\/\/colinmorganactor.com\/fr\/wp-json\/wp\/v2\/comments?post=431"}],"version-history":[{"count":4,"href":"http:\/\/colinmorganactor.com\/fr\/wp-json\/wp\/v2\/pages\/431\/revisions"}],"predecessor-version":[{"id":806,"href":"http:\/\/colinmorganactor.com\/fr\/wp-json\/wp\/v2\/pages\/431\/revisions\/806"}],"wp:attachment":[{"href":"http:\/\/colinmorganactor.com\/fr\/wp-json\/wp\/v2\/media?parent=431"}],"curies":[{"name":"wp","href":"https:\/\/api.w.org\/{rel}","templated":true}]}}