{"id":442,"date":"2015-10-29T10:56:01","date_gmt":"2015-10-29T09:56:01","guid":{"rendered":"https:\/\/colinmorganactor.com\/curriculum\/"},"modified":"2025-12-09T16:11:15","modified_gmt":"2025-12-09T15:11:15","slug":"curriculum","status":"publish","type":"page","link":"http:\/\/colinmorganactor.com\/fr\/curriculum\/","title":{"rendered":"CV"},"content":{"rendered":"<p>[vc_row row_type=\u00a0\u00bbrow\u00a0\u00bb use_row_as_full_screen_section=\u00a0\u00bbyes\u00a0\u00bb type=\u00a0\u00bbfull_width\u00a0\u00bb text_align=\u00a0\u00bbleft\u00a0\u00bb background_image=\u00a0\u00bb152&Prime; background_animation=\u00a0\u00bbnone\u00a0\u00bb css_animation=\u00a0\u00bb\u00a0\u00bb][vc_column width=\u00a0\u00bb1\/2&Prime; css=\u00a0\u00bb.vc_custom_1452600344588{margin-top: 2% !important;margin-right: 2% !important;margin-bottom: 2% !important;margin-left: 2% !important;padding-top: 30px !important;padding-right: 30px !important;padding-bottom: 30px !important;padding-left: 30px !important;background-color: rgba(0,0,0,0.85) !important;*background-color: rgb(0,0,0) !important;}\u00a0\u00bb][vc_column_text]<\/p>\n<h1>CV<\/h1>\n<p>&nbsp;<\/p>\n<h2>CIN\u00c9MA<\/h2>\n<table class=\"credits\">\n<tbody>\n<tr>\n<td valign=\"top\"><strong>The Beast<\/strong><\/td>\n<td valign=\"top\">Stuart Epps<\/td>\n<td valign=\"top\">Dir. Elisabet Terri<\/td>\n<\/tr>\n<tr>\n<td valign=\"top\"><strong>Red Hot Chili Ice Cream<\/strong><\/td>\n<td valign=\"top\">Cadre d&rsquo;entreprise<\/td>\n<td valign=\"top\">Dir. Denis Kryuchkov &amp; Olga Loyanich<\/td>\n<\/tr>\n<tr>\n<td valign=\"top\"><strong>Rich Flu<\/strong><\/td>\n<td valign=\"top\">Producteur n\u00b02<\/td>\n<td valign=\"top\">Dir. Galder Gaztelu-Urrutia<\/td>\n<\/tr>\n<tr>\n<td valign=\"top\"><strong>Upon Entry<\/strong><\/td>\n<td valign=\"top\">Officier des douanes<\/td>\n<td valign=\"top\">Dir. Alejandro Rojas &amp; Juan Sebasti\u00e1n V\u00e1squez<\/td>\n<\/tr>\n<tr>\n<td valign=\"top\"><strong>The Box<\/strong><\/td>\n<td valign=\"top\">Le Directeur<\/td>\n<td valign=\"top\">Dir. Sasha Sibley<\/td>\n<\/tr>\n<tr>\n<td valign=\"top\"><strong>The Shell<\/strong><\/td>\n<td valign=\"top\">Albert<\/td>\n<td valign=\"top\">Dir. Yeuhua\/Brice Wang<\/td>\n<\/tr>\n<tr>\n<td valign=\"top\"><strong>The Colour of Rosa<\/strong><\/td>\n<td valign=\"top\">Marc<\/td>\n<td valign=\"top\">Dir. Laura Van der Zee (Court m\u00e9trage)<\/td>\n<\/tr>\n<tr>\n<td valign=\"top\"><strong>Pasos en la Noche<\/strong><\/td>\n<td valign=\"top\">Barman mexicain<\/td>\n<td valign=\"top\">Dir. Maximiliano Garc\u00eda (CM)<\/td>\n<\/tr>\n<tr>\n<td valign=\"top\"><strong>Saturados \/ Saturats<\/strong><\/td>\n<td valign=\"top\">Hiru Misata<\/td>\n<td valign=\"top\">Dir. Pau Dalmau (CM)<\/td>\n<\/tr>\n<tr>\n<td valign=\"top\"><strong>Psicario<\/strong><\/td>\n<td valign=\"top\">Mafieux russe<\/td>\n<td valign=\"top\">Dir. Dani Padr\u00f2 (CM)<\/td>\n<\/tr>\n<tr>\n<td valign=\"top\"><strong>Pablo GM<\/strong><\/td>\n<td valign=\"top\">Protagoniste<\/td>\n<td valign=\"top\">Dir. Carly Mart\u00ednez<\/td>\n<\/tr>\n<\/tbody>\n<\/table>\n<h2><\/h2>\n<h2>T\u00c9L\u00c9VISION<\/h2>\n<table class=\"credits\">\n<tbody>\n<tr>\n<td valign=\"top\"><strong>Zorro<\/strong><\/td>\n<td valign=\"top\">Brigand<\/td>\n<td valign=\"top\">Paramount+<\/td>\n<\/tr>\n<tr>\n<td valign=\"top\"><strong>La Unidad<\/strong><\/td>\n<td valign=\"top\">Agent du FBI<\/td>\n<td valign=\"top\">Movistar+<\/td>\n<\/tr>\n<tr>\n<td valign=\"top\"><strong>La Pasi\u00f3n Turca<\/strong><\/td>\n<td valign=\"top\">Commissaire-priseur<\/td>\n<td valign=\"top\">Netflix<\/td>\n<\/tr>\n<tr>\n<td valign=\"top\"><strong>Land of Women<\/strong><\/td>\n<td valign=\"top\">Pr\u00eateur<\/td>\n<td valign=\"top\">Apple TV<\/td>\n<\/tr>\n<tr>\n<td valign=\"top\"><strong>Aix\u00f2 no \u00e9s Su\u00e8cia<\/strong><\/td>\n<td valign=\"top\">Transporteur<\/td>\n<td valign=\"top\">TV3 &amp; RTVE<\/td>\n<\/tr>\n<tr>\n<td valign=\"top\"><strong>Ena<\/strong><\/td>\n<td valign=\"top\">Roi \u00c9douard VII<\/td>\n<td valign=\"top\">TVE<\/td>\n<\/tr>\n<tr>\n<td valign=\"top\"><strong>Est\u00e0 Passant<\/strong><\/td>\n<td valign=\"top\">Colin<\/td>\n<td valign=\"top\">TV3<\/td>\n<\/tr>\n<tr>\n<td valign=\"top\"><strong>Centro M\u00e9dico<\/strong><\/td>\n<td valign=\"top\">L\u00e9o<\/td>\n<td valign=\"top\">TVE<\/td>\n<\/tr>\n<tr>\n<td valign=\"top\"><strong>30 Monedas<\/strong><\/td>\n<td valign=\"top\">Journaliste<\/td>\n<td valign=\"top\">AtresMedia<\/td>\n<\/tr>\n<tr>\n<td valign=\"top\"><strong>N\u00e9ro<\/strong><\/td>\n<td valign=\"top\">Moine<\/td>\n<td valign=\"top\">Canal+<\/td>\n<\/tr>\n<tr>\n<td valign=\"top\"><strong>El Crac<\/strong><\/td>\n<td valign=\"top\">Le Portier<\/td>\n<td valign=\"top\">Joel Joan for TV3<\/td>\n<\/tr>\n<tr>\n<td valign=\"top\"><strong>Buenafuente<\/strong><\/td>\n<td valign=\"top\">(Divers)<\/td>\n<td valign=\"top\">El Terrat para La Sexta<\/td>\n<\/tr>\n<tr>\n<td valign=\"top\"><strong>De Buena Ley<\/strong><\/td>\n<td valign=\"top\">John &#8211; l&rsquo;accus\u00e9<\/td>\n<td valign=\"top\">Telecinco<\/td>\n<\/tr>\n<\/tbody>\n<\/table>\n<h2><\/h2>\n<h2>PUBLICIT\u00c9<\/h2>\n<table class=\"credits\">\n<tbody>\n<tr>\n<td valign=\"top\"><strong>CARVYKTI<\/strong><\/td>\n<td valign=\"top\">M\u00e9decin<\/td>\n<td valign=\"top\">Pharmaceutique<\/td>\n<\/tr>\n<tr>\n<td valign=\"top\"><strong>Donuts<\/strong><\/td>\n<td valign=\"top\">Commissaire de d\u00e9part<\/td>\n<td valign=\"top\">Alimentation<\/td>\n<\/tr>\n<tr>\n<td valign=\"top\"><strong>Nikon<\/strong><\/td>\n<td valign=\"top\">Arbitre de boxe<\/td>\n<td valign=\"top\">Appareils photo<\/td>\n<\/tr>\n<tr>\n<td valign=\"top\"><strong>Samsung<\/strong><\/td>\n<td valign=\"top\">Mannequin de mains<\/td>\n<td valign=\"top\">Technologie<\/td>\n<\/tr>\n<tr>\n<td valign=\"top\"><strong>Idealo<\/strong><\/td>\n<td valign=\"top\">Client satisfait<\/td>\n<td valign=\"top\">Site Web<\/td>\n<\/tr>\n<tr>\n<td valign=\"top\"><strong>INPES<\/strong><\/td>\n<td valign=\"top\">Le Virus<\/td>\n<td valign=\"top\">Minist\u00e8re de la Sant\u00e9<\/td>\n<\/tr>\n<tr>\n<td valign=\"top\"><strong>Carnival Tours<\/strong><\/td>\n<td valign=\"top\">Marteau-piqueur<\/td>\n<td valign=\"top\">Tourisme<\/td>\n<\/tr>\n<tr>\n<td valign=\"top\"><strong>Skoda<\/strong><\/td>\n<td valign=\"top\">Voisin<\/td>\n<td valign=\"top\">Automobile<\/td>\n<\/tr>\n<tr>\n<td valign=\"top\"><strong>KH7<\/strong><\/td>\n<td valign=\"top\">M\u00e9canicien<\/td>\n<td valign=\"top\">Produits d&rsquo;entretien<\/td>\n<\/tr>\n<tr>\n<td valign=\"top\"><strong>Meetic<\/strong><\/td>\n<td valign=\"top\">C\u00e9libataire d&rsquo;or<\/td>\n<td valign=\"top\">Site de rencontres<\/td>\n<\/tr>\n<tr>\n<td valign=\"top\"><strong>Meller<\/strong><\/td>\n<td valign=\"top\">Juge<\/td>\n<td valign=\"top\">Lunettes de soleil<\/td>\n<\/tr>\n<tr>\n<td valign=\"top\"><strong>Royal Bliss<\/strong><\/td>\n<td valign=\"top\">Avocat<\/td>\n<td valign=\"top\">Boissons<\/td>\n<\/tr>\n<\/tbody>\n<\/table>\n<p align=\"LEFT\"><strong>\u00a0<\/strong><\/p>\n<h2><\/h2>\n<h2>VID\u00c9OS<\/h2>\n<table class=\"credits\">\n<tbody>\n<tr>\n<td valign=\"top\"><strong>Cluedo<\/strong><\/td>\n<td valign=\"top\">Colonel Moutarde<\/td>\n<td valign=\"top\">Jeu de soci\u00e9t\u00e9 en ligne<\/td>\n<\/tr>\n<tr>\n<td valign=\"top\"><strong>Alexander Marcus<\/strong><\/td>\n<td valign=\"top\">Patron du restaurant<\/td>\n<td valign=\"top\">Clip de la chanson &lsquo;Italia&rsquo;<\/td>\n<\/tr>\n<\/tbody>\n<\/table>\n<h2><\/h2>\n<h2>FORMATION PROFESSIONNELLE<\/h2>\n<p>\u2060\u2022\u2060 1993\u20131995 Santa Monica College, Santa Monica, C.A.<br \/>\n\u2022\u2060 \u20601996\u20131999 New York University \u2013 Tisch School of the Arts, New York<br \/>\n\u2022\u2060 \u20601999 Stones Street Academy, New York N.Y.<br \/>\n\u2022\u2060 \u2060Programme Meisner, Prof. J. Galit\u00f2-Cava \u2013 cinqui\u00e8me niveau suivi, Barcelone<br \/>\n\u2022\u2060 \u20602014 \u2013 Atelier de casting avec Orpheus Group, Madrid<br \/>\n\u2022\u2060 \u20602014 \u2013 Week-end intensif avec Susan Batson, Madrid<br \/>\n\u2022\u2060 \u20602015 \u2013 Atelier de casting avec Manuel Teil, Madrid<br \/>\n\u2022\u2060 \u20602015 \u2013 Emma Casting Class, atelier intensif avec E. Bourcy, Paris<br \/>\n\u2022\u2060 \u20602015 \u2013 Stage intensif avec Sebasti\u00e1n G\u00e1lvez \u2013 M\u00e9thode Susan Batson, Madrid<br \/>\n\u2022\u2060 \u20602015 \u2013 Las Encinas \u2013 semaine intensive d\u2019activit\u00e9s \u00e9questres et de combat sc\u00e9nique pour acteurs, Navalcarnero<br \/>\n\u2022\u2060 \u20602017 &#8211; La Central de Cine &#8211; Cours Intensif avec Santi Senso, Madrid<br \/>\n\u2022\u2060 \u20602017 &#8211; Susan Batson Studio &#8211; New York, m\u00e9thode Susan Batson<\/p>\n<h2><\/h2>\n<h2>FORMATION SUPPL\u00c9MENTAIRE<\/h2>\n<p>\u2022\u2060 \u20601998\u20131999 New York University \u00e0 Madrid, Espagne<br \/>\n\u2022\u2060 \u20601er semestre 2000 Pontificia Universidad Cat\u00f3lica, Santiago du Chili<br \/>\n\u2022\u2060 \u20602002\u20132004 Micro Obert \u2013 \u00c9cole de cin\u00e9ma, Barcelone, Espagne<\/p>\n<h2><\/h2>\n<h2>TITLES \/ DIPL\u00d4MES<\/h2>\n<p>\u2022\u2060 \u2060Licence en Art Dramatique, Licence en Litt\u00e9rature Hispanique \u2013 New York University \u2013 2001<br \/>\n\u2022\u2060 \u2060Certificat d\u2019\u00c9tudes Cin\u00e9matographiques \u2013 Micro Obert, Barcelone \u2013 2004<\/p>\n<h2><\/h2>\n<h2>LOISIRS \/ CENTRES D&rsquo;INT\u00c9R\u00caT<\/h2>\n<p>Le cin\u00e9ma, le sport, le Kung-Fu, \u00e9couter de la musique, les voyages, d\u00e9guster un bon vin, la M\u00e9diterran\u00e9e, passer du temps avec mes enfants.<\/p>\n<h2><\/h2>\n<h2><img loading=\"lazy\" decoding=\"async\" class=\"alignnone size-full wp-image-479\" src=\"http:\/\/colinmorganactor.com\/wp-content\/uploads\/2025\/12\/fr_flag_ico-1.png\" alt=\"\" width=\"23\" height=\"20\" \/> LANGUES<\/h2>\n<p>\u2022\u2060 \u2060Fran\u00e7ais, Anglais, Espagnol (\u00e9crit et parl\u00e9)<br \/>\n\u2022\u2060 \u2060Italien et Catalan (niveau basique)<\/p>\n<h2><\/h2>\n<h2>REELS ANTERIORES<\/h2>\n<p>Bandes D\u00e9mo Pr\u00e9c\u00e9dentes (2018 &#8211; 2020)[\/vc_column_text][vc_empty_space height=\u00a0\u00bb42px\u00a0\u00bb][\/vc_column][vc_column width=\u00a0\u00bb1\/2&Prime;][\/vc_column][\/vc_row]<\/p>\n","protected":false},"excerpt":{"rendered":"<p>[vc_row row_type=\u00a0\u00bbrow\u00a0\u00bb use_row_as_full_screen_section=\u00a0\u00bbyes\u00a0\u00bb type=\u00a0\u00bbfull_width\u00a0\u00bb text_align=\u00a0\u00bbleft\u00a0\u00bb background_image=\u00a0\u00bb152&Prime; background_animation=\u00a0\u00bbnone\u00a0\u00bb css_animation=\u00a0\u00bb\u00a0\u00bb][vc_column width=\u00a0\u00bb1\/2&Prime; css=\u00a0\u00bb.vc_custom_1452600344588{margin-top: 2% !important;margin-right: 2% !important;margin-bottom: 2% !important;margin-left: 2% !important;padding-top: 30px !important;padding-right: 30px !important;padding-bottom: 30px !important;padding-left: 30px !important;background-color: rgba(0,0,0,0.85) !important;*background-color: rgb(0,0,0) !important;}\u00a0\u00bb][vc_column_text] CV &nbsp; CIN\u00c9MA The Beast Stuart Epps Dir. Elisabet Terri Red Hot Chili Ice Cream&#8230;<\/p>\n","protected":false},"author":1,"featured_media":0,"parent":0,"menu_order":0,"comment_status":"closed","ping_status":"closed","template":"full_screen.php","meta":{"_monsterinsights_skip_tracking":false,"_monsterinsights_sitenote_active":false,"_monsterinsights_sitenote_note":"","_monsterinsights_sitenote_category":0,"footnotes":""},"class_list":["post-442","page","type-page","status-publish","hentry"],"yoast_head":"<!-- This site is optimized with the Yoast SEO plugin v26.9 - https:\/\/yoast.com\/product\/yoast-seo-wordpress\/ -->\n<title>Colin Morgan Actor | Curr\u00edculum<\/title>\n<meta name=\"description\" content=\"Curr\u00edculum del actor\u00a0Colin Morgan.\" \/>\n<meta name=\"robots\" content=\"index, follow, max-snippet:-1, max-image-preview:large, max-video-preview:-1\" \/>\n<link rel=\"canonical\" href=\"http:\/\/colinmorganactor.com\/fr\/curriculum\/\" \/>\n<meta property=\"og:locale\" content=\"fr_FR\" \/>\n<meta property=\"og:type\" content=\"article\" \/>\n<meta property=\"og:title\" content=\"Colin Morgan Actor | Curr\u00edculum\" \/>\n<meta property=\"og:description\" content=\"Curr\u00edculum del actor\u00a0Colin Morgan.\" \/>\n<meta property=\"og:url\" content=\"http:\/\/colinmorganactor.com\/fr\/curriculum\/\" \/>\n<meta property=\"og:site_name\" content=\"Colin Morgan\" \/>\n<meta property=\"article:modified_time\" content=\"2025-12-09T15:11:15+00:00\" \/>\n<meta property=\"og:image\" content=\"http:\/\/colinmorganactor.com\/wp-content\/uploads\/2025\/12\/fr_flag_ico-1.png\" \/>\n<meta name=\"twitter:card\" content=\"summary_large_image\" \/>\n<meta name=\"twitter:label1\" content=\"Dur\u00e9e de lecture estim\u00e9e\" \/>\n\t<meta name=\"twitter:data1\" content=\"3 minutes\" \/>\n<script type=\"application\/ld+json\" class=\"yoast-schema-graph\">{\"@context\":\"https:\/\/schema.org\",\"@graph\":[{\"@type\":\"WebPage\",\"@id\":\"http:\/\/colinmorganactor.com\/fr\/curriculum\/\",\"url\":\"http:\/\/colinmorganactor.com\/fr\/curriculum\/\",\"name\":\"Colin Morgan Actor | Curr\u00edculum\",\"isPartOf\":{\"@id\":\"http:\/\/colinmorganactor.com\/fr\/#website\"},\"primaryImageOfPage\":{\"@id\":\"http:\/\/colinmorganactor.com\/fr\/curriculum\/#primaryimage\"},\"image\":{\"@id\":\"http:\/\/colinmorganactor.com\/fr\/curriculum\/#primaryimage\"},\"thumbnailUrl\":\"http:\/\/colinmorganactor.com\/wp-content\/uploads\/2025\/12\/fr_flag_ico-1.png\",\"datePublished\":\"2015-10-29T09:56:01+00:00\",\"dateModified\":\"2025-12-09T15:11:15+00:00\",\"description\":\"Curr\u00edculum del actor\u00a0Colin Morgan.\",\"breadcrumb\":{\"@id\":\"http:\/\/colinmorganactor.com\/fr\/curriculum\/#breadcrumb\"},\"inLanguage\":\"fr-FR\",\"potentialAction\":[{\"@type\":\"ReadAction\",\"target\":[\"http:\/\/colinmorganactor.com\/fr\/curriculum\/\"]}]},{\"@type\":\"ImageObject\",\"inLanguage\":\"fr-FR\",\"@id\":\"http:\/\/colinmorganactor.com\/fr\/curriculum\/#primaryimage\",\"url\":\"http:\/\/colinmorganactor.com\/wp-content\/uploads\/2025\/12\/fr_flag_ico-1.png\",\"contentUrl\":\"http:\/\/colinmorganactor.com\/wp-content\/uploads\/2025\/12\/fr_flag_ico-1.png\"},{\"@type\":\"BreadcrumbList\",\"@id\":\"http:\/\/colinmorganactor.com\/fr\/curriculum\/#breadcrumb\",\"itemListElement\":[{\"@type\":\"ListItem\",\"position\":1,\"name\":\"Portada\",\"item\":\"http:\/\/colinmorganactor.com\/fr\/\"},{\"@type\":\"ListItem\",\"position\":2,\"name\":\"CV\"}]},{\"@type\":\"WebSite\",\"@id\":\"http:\/\/colinmorganactor.com\/fr\/#website\",\"url\":\"http:\/\/colinmorganactor.com\/fr\/\",\"name\":\"Colin Morgan\",\"description\":\"Actor\",\"potentialAction\":[{\"@type\":\"SearchAction\",\"target\":{\"@type\":\"EntryPoint\",\"urlTemplate\":\"http:\/\/colinmorganactor.com\/fr\/?s={search_term_string}\"},\"query-input\":{\"@type\":\"PropertyValueSpecification\",\"valueRequired\":true,\"valueName\":\"search_term_string\"}}],\"inLanguage\":\"fr-FR\"}]}<\/script>\n<!-- \/ Yoast SEO plugin. -->","yoast_head_json":{"title":"Colin Morgan Actor | Curr\u00edculum","description":"Curr\u00edculum del actor\u00a0Colin Morgan.","robots":{"index":"index","follow":"follow","max-snippet":"max-snippet:-1","max-image-preview":"max-image-preview:large","max-video-preview":"max-video-preview:-1"},"canonical":"http:\/\/colinmorganactor.com\/fr\/curriculum\/","og_locale":"fr_FR","og_type":"article","og_title":"Colin Morgan Actor | Curr\u00edculum","og_description":"Curr\u00edculum del actor\u00a0Colin Morgan.","og_url":"http:\/\/colinmorganactor.com\/fr\/curriculum\/","og_site_name":"Colin Morgan","article_modified_time":"2025-12-09T15:11:15+00:00","og_image":[{"url":"http:\/\/colinmorganactor.com\/wp-content\/uploads\/2025\/12\/fr_flag_ico-1.png","type":"","width":"","height":""}],"twitter_card":"summary_large_image","twitter_misc":{"Dur\u00e9e de lecture estim\u00e9e":"3 minutes"},"schema":{"@context":"https:\/\/schema.org","@graph":[{"@type":"WebPage","@id":"http:\/\/colinmorganactor.com\/fr\/curriculum\/","url":"http:\/\/colinmorganactor.com\/fr\/curriculum\/","name":"Colin Morgan Actor | Curr\u00edculum","isPartOf":{"@id":"http:\/\/colinmorganactor.com\/fr\/#website"},"primaryImageOfPage":{"@id":"http:\/\/colinmorganactor.com\/fr\/curriculum\/#primaryimage"},"image":{"@id":"http:\/\/colinmorganactor.com\/fr\/curriculum\/#primaryimage"},"thumbnailUrl":"http:\/\/colinmorganactor.com\/wp-content\/uploads\/2025\/12\/fr_flag_ico-1.png","datePublished":"2015-10-29T09:56:01+00:00","dateModified":"2025-12-09T15:11:15+00:00","description":"Curr\u00edculum del actor\u00a0Colin Morgan.","breadcrumb":{"@id":"http:\/\/colinmorganactor.com\/fr\/curriculum\/#breadcrumb"},"inLanguage":"fr-FR","potentialAction":[{"@type":"ReadAction","target":["http:\/\/colinmorganactor.com\/fr\/curriculum\/"]}]},{"@type":"ImageObject","inLanguage":"fr-FR","@id":"http:\/\/colinmorganactor.com\/fr\/curriculum\/#primaryimage","url":"http:\/\/colinmorganactor.com\/wp-content\/uploads\/2025\/12\/fr_flag_ico-1.png","contentUrl":"http:\/\/colinmorganactor.com\/wp-content\/uploads\/2025\/12\/fr_flag_ico-1.png"},{"@type":"BreadcrumbList","@id":"http:\/\/colinmorganactor.com\/fr\/curriculum\/#breadcrumb","itemListElement":[{"@type":"ListItem","position":1,"name":"Portada","item":"http:\/\/colinmorganactor.com\/fr\/"},{"@type":"ListItem","position":2,"name":"CV"}]},{"@type":"WebSite","@id":"http:\/\/colinmorganactor.com\/fr\/#website","url":"http:\/\/colinmorganactor.com\/fr\/","name":"Colin Morgan","description":"Actor","potentialAction":[{"@type":"SearchAction","target":{"@type":"EntryPoint","urlTemplate":"http:\/\/colinmorganactor.com\/fr\/?s={search_term_string}"},"query-input":{"@type":"PropertyValueSpecification","valueRequired":true,"valueName":"search_term_string"}}],"inLanguage":"fr-FR"}]}},"_links":{"self":[{"href":"http:\/\/colinmorganactor.com\/fr\/wp-json\/wp\/v2\/pages\/442","targetHints":{"allow":["GET"]}}],"collection":[{"href":"http:\/\/colinmorganactor.com\/fr\/wp-json\/wp\/v2\/pages"}],"about":[{"href":"http:\/\/colinmorganactor.com\/fr\/wp-json\/wp\/v2\/types\/page"}],"author":[{"embeddable":true,"href":"http:\/\/colinmorganactor.com\/fr\/wp-json\/wp\/v2\/users\/1"}],"replies":[{"embeddable":true,"href":"http:\/\/colinmorganactor.com\/fr\/wp-json\/wp\/v2\/comments?post=442"}],"version-history":[{"count":0,"href":"http:\/\/colinmorganactor.com\/fr\/wp-json\/wp\/v2\/pages\/442\/revisions"}],"wp:attachment":[{"href":"http:\/\/colinmorganactor.com\/fr\/wp-json\/wp\/v2\/media?parent=442"}],"curies":[{"name":"wp","href":"https:\/\/api.w.org\/{rel}","templated":true}]}}