{"id":445,"date":"2015-10-28T18:30:30","date_gmt":"2015-10-28T17:30:30","guid":{"rendered":"https:\/\/colinmorganactor.com\/videobook\/"},"modified":"2026-02-05T21:23:48","modified_gmt":"2026-02-05T20:23:48","slug":"videobook","status":"publish","type":"page","link":"http:\/\/colinmorganactor.com\/fr\/videobook\/","title":{"rendered":"BANDE D\u00c9MO"},"content":{"rendered":"<p>[vc_row row_type=\u00a0\u00bbrow\u00a0\u00bb use_row_as_full_screen_section=\u00a0\u00bbno\u00a0\u00bb type=\u00a0\u00bbgrid\u00a0\u00bb text_align=\u00a0\u00bbleft\u00a0\u00bb background_animation=\u00a0\u00bbnone\u00a0\u00bb css_animation=\u00a0\u00bb\u00a0\u00bb][vc_column width=\u00a0\u00bb1\/6&Prime;][\/vc_column][vc_column width=\u00a0\u00bb2\/3&Prime;][vc_video link=\u00a0\u00bbhttps:\/\/vimeo.com\/1139377091&Prime; align=\u00a0\u00bbcenter\u00a0\u00bb][vc_column_text]<\/p>\n<h1>Bande d\u00e9mo (g\u00e9n\u00e9rale) \/ Showreel (2026)<\/h1>\n<p>[\/vc_column_text][vc_separator type=\u00a0\u00bbnormal\u00a0\u00bb border_style=\u00a0\u00bb\u00a0\u00bb thickness=\u00a0\u00bb10px\u00a0\u00bb color=\u00a0\u00bb#00eeff\u00a0\u00bb][vc_empty_space height=\u00a0\u00bb8px\u00a0\u00bb][vc_column_text]On trouve ici une collection de r\u00f4les vari\u00e9s et de langues diff\u00e9rentes, ainsi qu\u2019une diversit\u00e9 de registres au sein de chacune d\u2019elles ; des acteurs reconnus tels qu\u2019Aina Clotet, Maggie Civantos, Magi, Eva Longoria, Marina Lozano, Jean Dujardin, Petrie Willink et d\u2019autres y figurent en bonne place, aux c\u00f4t\u00e9s de nombreux com\u00e9diens moins connus mais tout aussi talentueux \u2014 et tout aussi remarquables.[\/vc_column_text][\/vc_column][vc_column width=\u00a0\u00bb1\/6&Prime;][\/vc_column][\/vc_row][vc_row row_type=\u00a0\u00bbrow\u00a0\u00bb use_row_as_full_screen_section=\u00a0\u00bbno\u00a0\u00bb type=\u00a0\u00bbgrid\u00a0\u00bb text_align=\u00a0\u00bbleft\u00a0\u00bb background_animation=\u00a0\u00bbnone\u00a0\u00bb css_animation=\u00a0\u00bb\u00a0\u00bb][vc_column width=\u00a0\u00bb1\/2&Prime; css=\u00a0\u00bb.vc_custom_1770150712907{margin-top: 52px !important;}\u00a0\u00bb][vc_empty_space height=\u00a0\u00bb52px\u00a0\u00bb][vc_video link=\u00a0\u00bbhttps:\/\/vimeo.com\/1139377501&Prime; align=\u00a0\u00bbcenter\u00a0\u00bb][vc_column_text]<\/p>\n<h2>Bande d\u00e9mo anglaise (2026)<\/h2>\n<p>[\/vc_column_text][vc_separator type=\u00a0\u00bbnormal\u00a0\u00bb border_style=\u00a0\u00bb\u00a0\u00bb thickness=\u00a0\u00bb10px\u00a0\u00bb color=\u00a0\u00bb#00eeff\u00a0\u00bb][vc_empty_space height=\u00a0\u00bb8px\u00a0\u00bb][vc_column_text]Ici, Colin Morgan met en valeur sa ma\u00eetrise de l\u2019anglais, dont il est natif, en incarnant un gangster \u00e0 l\u2019\u00e9locution soign\u00e9e, un roi du XIX\u1d49 si\u00e8cle \u00e0 bout de nerfs, un agent des douanes issu de la classe ouvri\u00e8re au ton passif-agressif, un semi-hooligan et, enfin, un mafieux espagnol inspir\u00e9 de Poutine.[\/vc_column_text][\/vc_column][vc_column width=\u00a0\u00bb1\/2&Prime; css=\u00a0\u00bb.vc_custom_1770150717688{margin-top: 52px !important;}\u00a0\u00bb][vc_empty_space height=\u00a0\u00bb52px\u00a0\u00bb][vc_video link=\u00a0\u00bbhttps:\/\/vimeo.com\/1139378121&Prime; align=\u00a0\u00bbcenter\u00a0\u00bb][vc_column_text]<\/p>\n<h2>Bande d\u00e9mo fran\u00e7aise (2026)<\/h2>\n<p>[\/vc_column_text][vc_separator type=\u00a0\u00bbnormal\u00a0\u00bb border_style=\u00a0\u00bb\u00a0\u00bb thickness=\u00a0\u00bb10px\u00a0\u00bb color=\u00a0\u00bb#00eeff\u00a0\u00bb][vc_empty_space height=\u00a0\u00bb8px\u00a0\u00bb][vc_column_text]Dans cette d\u00e9mo, Colin Morgan d\u00e9montre sa ma\u00eetrise de la langue fran\u00e7aise, sa langue maternelle, en interpr\u00e9tant successivement un Qu\u00e9b\u00e9cois \u2014 ou Canadien fran\u00e7ais \u2014 qui se retrouve dans un h\u00f4pital espagnol, un vagabond excentrique, un violeur se prenant pour un Casanova, un brigand du XIX\u1d49 si\u00e8cle, un monarque fatigu\u00e9, un serveur facilement irritable, et m\u00eame un microbe sexuellement transmissible. Les accents varient, tout comme les attitudes et les gestes, afin de distinguer clairement chaque performance.[\/vc_column_text][\/vc_column][\/vc_row][vc_row row_type=\u00a0\u00bbrow\u00a0\u00bb use_row_as_full_screen_section=\u00a0\u00bbno\u00a0\u00bb type=\u00a0\u00bbgrid\u00a0\u00bb text_align=\u00a0\u00bbleft\u00a0\u00bb background_animation=\u00a0\u00bbnone\u00a0\u00bb css_animation=\u00a0\u00bb\u00a0\u00bb][vc_column width=\u00a0\u00bb1\/2&Prime; css=\u00a0\u00bb.vc_custom_1770150722173{margin-top: 52px !important;}\u00a0\u00bb][vc_empty_space height=\u00a0\u00bb52px\u00a0\u00bb][vc_video link=\u00a0\u00bbhttps:\/\/vimeo.com\/1139377875&Prime; align=\u00a0\u00bbcenter\u00a0\u00bb][vc_column_text]<\/p>\n<h2>Bande d\u00e9mo espagnole et catalane (2026)<\/h2>\n<p>[\/vc_column_text][vc_separator type=\u00a0\u00bbnormal\u00a0\u00bb border_style=\u00a0\u00bb\u00a0\u00bb thickness=\u00a0\u00bb10px\u00a0\u00bb color=\u00a0\u00bb#00eeff\u00a0\u00bb][vc_empty_space height=\u00a0\u00bb8px\u00a0\u00bb][vc_column_text]Dans le court-m\u00e9trage Saturats (alias Saturados), Colin interpr\u00e8te un homme japonais \u2014 un choix risqu\u00e9, mais qui refl\u00e8te son entr\u00e9e audacieuse dans les r\u00f4les en langue espagnole. Suivent un barman mexicain homophobe, un mafieux russe hispanophile, un ouvrier bilingue avec une version alternative en catalan, un Qu\u00e9b\u00e9cois ayant appris l\u2019espagnol dans l\u2019urgence, un semi-hooligan un peu ben\u00eat qui se r\u00e9v\u00e8le \u00eatre un parfait locuteur catalan, et enfin un client satisfait d\u2019un site de livraison, que certains soup\u00e7onnent d\u2019avoir \u00e9t\u00e9 doubl\u00e9. (C&rsquo;est faux.)<\/p>\n<p>[\/vc_column_text][\/vc_column][vc_column width=\u00a0\u00bb1\/2&Prime; css=\u00a0\u00bb.vc_custom_1770150734256{margin-top: 52px !important;margin-bottom: 104px !important;}\u00a0\u00bb][vc_empty_space height=\u00a0\u00bb52px\u00a0\u00bb][vc_video link=\u00a0\u00bbhttps:\/\/vimeo.com\/1143833120&Prime; align=\u00a0\u00bbcenter\u00a0\u00bb][vc_column_text]<\/p>\n<h2>Bande d\u00e9mo comique (2026)<\/h2>\n<p>[\/vc_column_text][vc_separator type=\u00a0\u00bbnormal\u00a0\u00bb border_style=\u00a0\u00bb\u00a0\u00bb thickness=\u00a0\u00bb10px\u00a0\u00bb color=\u00a0\u00bb#00eeff\u00a0\u00bb][vc_empty_space height=\u00a0\u00bb8px\u00a0\u00bb][vc_column_text]Cette bande d\u00e9bute par l\u2019interpr\u00e9tation d\u2019un arch\u00e9type bien connu de l\u2019industrie cin\u00e9matographique : l\u2019\u00e9ternel figurant mis en avant, un homme qui ne conna\u00eet pas suffisamment le m\u00e9tier pour gravir les \u00e9chelons. Malheureusement, nous pouvons tous nous reconna\u00eetre en lui, ce qui rend le r\u00f4le plus dr\u00f4le qu\u2019il ne devrait l\u2019\u00eatre. S\u2019y ajoutent \u00e9galement quelques s\u00e9quences volontairement absurdes : le serveur fran\u00e7ais excessivement susceptible, le brigand d\u00e9boussol\u00e9, l\u2019avocat proc\u00e9durier charognard qui peine \u00e0 lire un prompteur, le semi-hooligan une fois de plus, un avocat du Sud avec l&rsquo;accent de Nouvelle-Orl\u00e9ans aussi approximatif que possible, la publicit\u00e9 pour le site web, et enfin un clin d\u2019\u0153il \u00e0 un Colin plus jeune : une cr\u00e9ature de Venice Beach d\u00e9bitant ses paroles \u00e0 toute vitesse, pleine d\u2019id\u00e9es et d\u2019argot, mais sans aucune capacit\u00e9 de suivi, tel la g\u00e9n\u00e9ration des Gen X.[\/vc_column_text][\/vc_column][\/vc_row]<\/p>\n","protected":false},"excerpt":{"rendered":"<p>[vc_row row_type=\u00a0\u00bbrow\u00a0\u00bb use_row_as_full_screen_section=\u00a0\u00bbno\u00a0\u00bb type=\u00a0\u00bbgrid\u00a0\u00bb text_align=\u00a0\u00bbleft\u00a0\u00bb background_animation=\u00a0\u00bbnone\u00a0\u00bb css_animation=\u00a0\u00bb\u00a0\u00bb][vc_column width=\u00a0\u00bb1\/6&Prime;][\/vc_column][vc_column width=\u00a0\u00bb2\/3&Prime;][vc_video link=\u00a0\u00bbhttps:\/\/vimeo.com\/1139377091&Prime; align=\u00a0\u00bbcenter\u00a0\u00bb][vc_column_text] Bande d\u00e9mo (g\u00e9n\u00e9rale) \/ Showreel (2026) [\/vc_column_text][vc_separator type=\u00a0\u00bbnormal\u00a0\u00bb border_style=\u00a0\u00bb\u00a0\u00bb thickness=\u00a0\u00bb10px\u00a0\u00bb color=\u00a0\u00bb#00eeff\u00a0\u00bb][vc_empty_space height=\u00a0\u00bb8px\u00a0\u00bb][vc_column_text]On trouve ici une collection de r\u00f4les vari\u00e9s et de langues diff\u00e9rentes, ainsi qu\u2019une diversit\u00e9 de registres au sein de chacune d\u2019elles ;&#8230;<\/p>\n","protected":false},"author":1,"featured_media":0,"parent":0,"menu_order":0,"comment_status":"closed","ping_status":"closed","template":"full_width.php","meta":{"_monsterinsights_skip_tracking":false,"_monsterinsights_sitenote_active":false,"_monsterinsights_sitenote_note":"","_monsterinsights_sitenote_category":0,"footnotes":""},"class_list":["post-445","page","type-page","status-publish","hentry"],"yoast_head":"<!-- This site is optimized with the Yoast SEO plugin v26.9 - https:\/\/yoast.com\/product\/yoast-seo-wordpress\/ -->\n<title>Colin Morgan Actor | Videobook<\/title>\n<meta name=\"description\" content=\"Videobook con los \u00faltimos trabajos del actor Colin Morgan.\" \/>\n<meta name=\"robots\" content=\"index, follow, max-snippet:-1, max-image-preview:large, max-video-preview:-1\" \/>\n<link rel=\"canonical\" href=\"http:\/\/colinmorganactor.com\/fr\/videobook\/\" \/>\n<meta property=\"og:locale\" content=\"fr_FR\" \/>\n<meta property=\"og:type\" content=\"article\" \/>\n<meta property=\"og:title\" content=\"Colin Morgan Actor | Videobook\" \/>\n<meta property=\"og:description\" content=\"Videobook con los \u00faltimos trabajos del actor Colin Morgan.\" \/>\n<meta property=\"og:url\" content=\"http:\/\/colinmorganactor.com\/fr\/videobook\/\" \/>\n<meta property=\"og:site_name\" content=\"Colin Morgan\" \/>\n<meta property=\"article:modified_time\" content=\"2026-02-05T20:23:48+00:00\" \/>\n<meta name=\"twitter:card\" content=\"summary_large_image\" \/>\n<meta name=\"twitter:label1\" content=\"Dur\u00e9e de lecture estim\u00e9e\" \/>\n\t<meta name=\"twitter:data1\" content=\"4 minutes\" \/>\n<script type=\"application\/ld+json\" class=\"yoast-schema-graph\">{\"@context\":\"https:\/\/schema.org\",\"@graph\":[{\"@type\":\"WebPage\",\"@id\":\"http:\/\/colinmorganactor.com\/fr\/videobook\/\",\"url\":\"http:\/\/colinmorganactor.com\/fr\/videobook\/\",\"name\":\"Colin Morgan Actor | Videobook\",\"isPartOf\":{\"@id\":\"http:\/\/colinmorganactor.com\/fr\/#website\"},\"datePublished\":\"2015-10-28T17:30:30+00:00\",\"dateModified\":\"2026-02-05T20:23:48+00:00\",\"description\":\"Videobook con los \u00faltimos trabajos del actor Colin Morgan.\",\"breadcrumb\":{\"@id\":\"http:\/\/colinmorganactor.com\/fr\/videobook\/#breadcrumb\"},\"inLanguage\":\"fr-FR\",\"potentialAction\":[{\"@type\":\"ReadAction\",\"target\":[\"http:\/\/colinmorganactor.com\/fr\/videobook\/\"]}]},{\"@type\":\"BreadcrumbList\",\"@id\":\"http:\/\/colinmorganactor.com\/fr\/videobook\/#breadcrumb\",\"itemListElement\":[{\"@type\":\"ListItem\",\"position\":1,\"name\":\"Portada\",\"item\":\"http:\/\/colinmorganactor.com\/fr\/\"},{\"@type\":\"ListItem\",\"position\":2,\"name\":\"BANDE D\u00c9MO\"}]},{\"@type\":\"WebSite\",\"@id\":\"http:\/\/colinmorganactor.com\/fr\/#website\",\"url\":\"http:\/\/colinmorganactor.com\/fr\/\",\"name\":\"Colin Morgan\",\"description\":\"Actor\",\"potentialAction\":[{\"@type\":\"SearchAction\",\"target\":{\"@type\":\"EntryPoint\",\"urlTemplate\":\"http:\/\/colinmorganactor.com\/fr\/?s={search_term_string}\"},\"query-input\":{\"@type\":\"PropertyValueSpecification\",\"valueRequired\":true,\"valueName\":\"search_term_string\"}}],\"inLanguage\":\"fr-FR\"}]}<\/script>\n<!-- \/ Yoast SEO plugin. -->","yoast_head_json":{"title":"Colin Morgan Actor | Videobook","description":"Videobook con los \u00faltimos trabajos del actor Colin Morgan.","robots":{"index":"index","follow":"follow","max-snippet":"max-snippet:-1","max-image-preview":"max-image-preview:large","max-video-preview":"max-video-preview:-1"},"canonical":"http:\/\/colinmorganactor.com\/fr\/videobook\/","og_locale":"fr_FR","og_type":"article","og_title":"Colin Morgan Actor | Videobook","og_description":"Videobook con los \u00faltimos trabajos del actor Colin Morgan.","og_url":"http:\/\/colinmorganactor.com\/fr\/videobook\/","og_site_name":"Colin Morgan","article_modified_time":"2026-02-05T20:23:48+00:00","twitter_card":"summary_large_image","twitter_misc":{"Dur\u00e9e de lecture estim\u00e9e":"4 minutes"},"schema":{"@context":"https:\/\/schema.org","@graph":[{"@type":"WebPage","@id":"http:\/\/colinmorganactor.com\/fr\/videobook\/","url":"http:\/\/colinmorganactor.com\/fr\/videobook\/","name":"Colin Morgan Actor | Videobook","isPartOf":{"@id":"http:\/\/colinmorganactor.com\/fr\/#website"},"datePublished":"2015-10-28T17:30:30+00:00","dateModified":"2026-02-05T20:23:48+00:00","description":"Videobook con los \u00faltimos trabajos del actor Colin Morgan.","breadcrumb":{"@id":"http:\/\/colinmorganactor.com\/fr\/videobook\/#breadcrumb"},"inLanguage":"fr-FR","potentialAction":[{"@type":"ReadAction","target":["http:\/\/colinmorganactor.com\/fr\/videobook\/"]}]},{"@type":"BreadcrumbList","@id":"http:\/\/colinmorganactor.com\/fr\/videobook\/#breadcrumb","itemListElement":[{"@type":"ListItem","position":1,"name":"Portada","item":"http:\/\/colinmorganactor.com\/fr\/"},{"@type":"ListItem","position":2,"name":"BANDE D\u00c9MO"}]},{"@type":"WebSite","@id":"http:\/\/colinmorganactor.com\/fr\/#website","url":"http:\/\/colinmorganactor.com\/fr\/","name":"Colin Morgan","description":"Actor","potentialAction":[{"@type":"SearchAction","target":{"@type":"EntryPoint","urlTemplate":"http:\/\/colinmorganactor.com\/fr\/?s={search_term_string}"},"query-input":{"@type":"PropertyValueSpecification","valueRequired":true,"valueName":"search_term_string"}}],"inLanguage":"fr-FR"}]}},"_links":{"self":[{"href":"http:\/\/colinmorganactor.com\/fr\/wp-json\/wp\/v2\/pages\/445","targetHints":{"allow":["GET"]}}],"collection":[{"href":"http:\/\/colinmorganactor.com\/fr\/wp-json\/wp\/v2\/pages"}],"about":[{"href":"http:\/\/colinmorganactor.com\/fr\/wp-json\/wp\/v2\/types\/page"}],"author":[{"embeddable":true,"href":"http:\/\/colinmorganactor.com\/fr\/wp-json\/wp\/v2\/users\/1"}],"replies":[{"embeddable":true,"href":"http:\/\/colinmorganactor.com\/fr\/wp-json\/wp\/v2\/comments?post=445"}],"version-history":[{"count":7,"href":"http:\/\/colinmorganactor.com\/fr\/wp-json\/wp\/v2\/pages\/445\/revisions"}],"predecessor-version":[{"id":623,"href":"http:\/\/colinmorganactor.com\/fr\/wp-json\/wp\/v2\/pages\/445\/revisions\/623"}],"wp:attachment":[{"href":"http:\/\/colinmorganactor.com\/fr\/wp-json\/wp\/v2\/media?parent=445"}],"curies":[{"name":"wp","href":"https:\/\/api.w.org\/{rel}","templated":true}]}}