{"id":13,"date":"2015-10-28T18:30:30","date_gmt":"2015-10-28T17:30:30","guid":{"rendered":"http:\/\/www.peppapell.com\/?page_id=13"},"modified":"2026-02-18T18:04:14","modified_gmt":"2026-02-18T17:04:14","slug":"videobook","status":"publish","type":"page","link":"https:\/\/colinmorganactor.com\/es\/videobook\/","title":{"rendered":"Videobook \/ Reel"},"content":{"rendered":"<p>[vc_row row_type=\u00bbrow\u00bb use_row_as_full_screen_section=\u00bbno\u00bb type=\u00bbgrid\u00bb text_align=\u00bbleft\u00bb background_animation=\u00bbnone\u00bb css_animation=\u00bb\u00bb][vc_column width=\u00bb1\/6&#8243;][\/vc_column][vc_column width=\u00bb2\/3&#8243;][vc_video link=\u00bbhttps:\/\/vimeo.com\/1139377091&#8243; align=\u00bbcenter\u00bb][vc_column_text]<\/p>\n<h1>Videobook \/ Demo Reel general (2026)<\/h1>\n<p>[\/vc_column_text][vc_separator type=\u00bbnormal\u00bb border_style=\u00bb\u00bb color=\u00bb#00eeff\u00bb][vc_empty_space height=\u00bb8px\u00bb][vc_column_text]Aqu\u00ed se presenta una colecci\u00f3n de roles variados y de diferentes idiomas, junto con distintos registros dentro de cada uno de ellos; actores reconocidos como Aina Clotet, Maggie Civantos, Magi, Eva Longoria, Marina Lozano, Jean Dujardin, Petrie Willink y otros tienen una presencia destacada, junto a numerosos int\u00e9rpretes menos conocidos pero igual de talentosos \u2014 y no menos maravillosos.[\/vc_column_text][\/vc_column][vc_column width=\u00bb1\/6&#8243;][\/vc_column][\/vc_row][vc_row row_type=\u00bbrow\u00bb use_row_as_full_screen_section=\u00bbno\u00bb type=\u00bbgrid\u00bb text_align=\u00bbleft\u00bb background_animation=\u00bbnone\u00bb css_animation=\u00bb\u00bb css=\u00bb.vc_custom_1770150365355{margin-top: 52px !important;}\u00bb][vc_column width=\u00bb1\/2&#8243; css=\u00bb.vc_custom_1770150435430{margin-top: 52px !important;}\u00bb][vc_video link=\u00bbhttps:\/\/vimeo.com\/1139377501&#8243; align=\u00bbcenter\u00bb][vc_column_text]<\/p>\n<h2>Demo reel en ingl\u00e9s (2026)<\/h2>\n<p>[\/vc_column_text][vc_separator type=\u00bbnormal\u00bb border_style=\u00bb\u00bb color=\u00bb#00eeff\u00bb][vc_empty_space height=\u00bb8px\u00bb][vc_column_text]En este caso, Colin Morgan pone de manifiesto su dominio del ingl\u00e9s, nativo por ser californiano, al dar vida a un g\u00e1nster de hablar refinado, a un rey del siglo XIX exasperado, a un agente de aduanas de clase laboral con una actitud pasivo-agresiva, a un semi-hooligan y, por \u00faltimo, a un mafioso espa\u00f1ol inspirado en Putin.[\/vc_column_text][\/vc_column][vc_column width=\u00bb1\/2&#8243; css=\u00bb.vc_custom_1770150445799{margin-top: 52px !important;}\u00bb][vc_video link=\u00bbhttps:\/\/vimeo.com\/1139378121&#8243; align=\u00bbcenter\u00bb][vc_column_text]<\/p>\n<h2>Demo reel en franc\u00e9s (2026)<\/h2>\n<p>[\/vc_column_text][vc_separator type=\u00bbnormal\u00bb border_style=\u00bb\u00bb color=\u00bb#00eeff\u00bb][vc_empty_space height=\u00bb8px\u00bb][vc_column_text]En esta pieza, Colin Morgan demuestra su dominio del idioma franc\u00e9s, su lengua materna, interpretando a un quebequ\u00e9s \u2014 o canadiense franc\u00f3fono \u2014 que acaba en un hospital espa\u00f1ol, a un vagabundo exc\u00e9ntrico, a un violador que se cree un Casanova, a un bandolero del siglo XIX, a un monarca cansado, a un camarero de car\u00e1cter irascible e incluso a un germen de transmisi\u00f3n sexual. Los acentos var\u00edan, al igual que los gestos y las actitudes, con el objetivo de diferenciar claramente cada interpretaci\u00f3n.[\/vc_column_text][\/vc_column][\/vc_row][vc_row row_type=\u00bbrow\u00bb use_row_as_full_screen_section=\u00bbno\u00bb type=\u00bbgrid\u00bb text_align=\u00bbleft\u00bb background_animation=\u00bbnone\u00bb css_animation=\u00bb\u00bb css=\u00bb.vc_custom_1770150357595{margin-top: 52px !important;}\u00bb][vc_column width=\u00bb1\/2&#8243; css=\u00bb.vc_custom_1770150452777{margin-top: 52px !important;}\u00bb][vc_video link=\u00bbhttps:\/\/vimeo.com\/1139377875&#8243; align=\u00bbcenter\u00bb][vc_column_text]<\/p>\n<h2>Demo reel en espa\u00f1ol y catal\u00e1n (2026)<\/h2>\n<p>[\/vc_column_text][vc_separator type=\u00bbnormal\u00bb border_style=\u00bb\u00bb color=\u00bb#00eeff\u00bb][vc_empty_space height=\u00bb8px\u00bb][vc_column_text]En el cortometraje Saturats, tambi\u00e9n conocido como Saturados, Colin interpreta a un hombre japon\u00e9s, una elecci\u00f3n arriesgada, pero que refleja su audaz incursi\u00f3n en los papeles en lengua espa\u00f1ola. A continuaci\u00f3n aparecen un camarero mexicano hom\u00f3fobo, un mafioso ruso e hispan\u00f3filo, un manitas biling\u00fce con una versi\u00f3n alternativa en catal\u00e1n, un quebequ\u00e9s que aprendi\u00f3 el castellano con prisas, un semi-hooligan algo bobalic\u00f3n que resulta ser un hablante impecable de catal\u00e1n y, finalmente, un cliente satisfecho de una web de env\u00edos que algunos sospechan que fue doblado. (No lo fue.)[\/vc_column_text][\/vc_column][vc_column width=\u00bb1\/2&#8243; css=\u00bb.vc_custom_1770150543719{margin-top: 52px !important;margin-bottom: 104px !important;}\u00bb][vc_video link=\u00bbhttps:\/\/vimeo.com\/1143833120&#8243; align=\u00bbcenter\u00bb][vc_column_text]<\/p>\n<h2>Demo reel c\u00f3mico (2026)<\/h2>\n<p>[\/vc_column_text][vc_separator type=\u00bbnormal\u00bb border_style=\u00bb\u00bb color=\u00bb#00eeff\u00bb][vc_empty_space height=\u00bb8px\u00bb][vc_column_text]Este montaje comienza con la interpretaci\u00f3n de un arquetipo demasiado conocido en la industria cinematogr\u00e1fica: el eterno figurante con frase, un tipo que no sabe lo suficiente del sector como para ascender profesionalmente. Lamentablemente, todos podemos identificarnos con \u00e9l, lo que hace que el papel resulte m\u00e1s gracioso de lo que deber\u00eda. Tambi\u00e9n se incluyen algunas secuencias deliberadamente absurdas: el camarero franc\u00e9s excesivamente susceptible, el bandolero desconcertado, un abogado oportunista por no decir carro\u00f1ero y apenas es capaz de leer un teleprompter, el semi-hooligan una vez m\u00e1s, un abogado sure\u00f1o con un acento muy inspirado en el de Nueva Orleans, el anuncio de la web de env\u00edos, y para terminar, un gui\u00f1o a un Colin m\u00e1s joven: una criatura de Venice Beach que habla a toda velocidad, llena de ideas y jerga, pero sin capacidad alguna de llevarlas a cabo; algo caracter\u00edstico de los integrantes de la Generaci\u00f3n X.[\/vc_column_text][\/vc_column][\/vc_row]<\/p>\n","protected":false},"excerpt":{"rendered":"<p>[vc_row row_type=\u00bbrow\u00bb use_row_as_full_screen_section=\u00bbno\u00bb type=\u00bbgrid\u00bb text_align=\u00bbleft\u00bb background_animation=\u00bbnone\u00bb css_animation=\u00bb\u00bb][vc_column width=\u00bb1\/6&#8243;][\/vc_column][vc_column width=\u00bb2\/3&#8243;][vc_video link=\u00bbhttps:\/\/vimeo.com\/1139377091&#8243; align=\u00bbcenter\u00bb][vc_column_text] Videobook \/ Demo Reel general (2026) [\/vc_column_text][vc_separator type=\u00bbnormal\u00bb border_style=\u00bb\u00bb color=\u00bb#00eeff\u00bb][vc_empty_space height=\u00bb8px\u00bb][vc_column_text]Aqu\u00ed se presenta una colecci\u00f3n de roles variados y de diferentes idiomas, junto con distintos registros dentro de cada uno de ellos; actores reconocidos&#8230;<\/p>\n","protected":false},"author":1,"featured_media":0,"parent":0,"menu_order":0,"comment_status":"closed","ping_status":"closed","template":"full_width.php","meta":{"_monsterinsights_skip_tracking":false,"_monsterinsights_sitenote_active":false,"_monsterinsights_sitenote_note":"","_monsterinsights_sitenote_category":0,"footnotes":""},"class_list":["post-13","page","type-page","status-publish","hentry"],"yoast_head":"<!-- This site is optimized with the Yoast SEO plugin v26.9 - https:\/\/yoast.com\/product\/yoast-seo-wordpress\/ -->\n<title>Colin Morgan Actor | Videobook<\/title>\n<meta name=\"description\" content=\"Videobook con los \u00faltimos trabajos del actor Colin Morgan.\" \/>\n<meta name=\"robots\" content=\"index, follow, max-snippet:-1, max-image-preview:large, max-video-preview:-1\" \/>\n<link rel=\"canonical\" href=\"https:\/\/colinmorganactor.com\/es\/videobook\/\" \/>\n<meta property=\"og:locale\" content=\"es_ES\" \/>\n<meta property=\"og:type\" content=\"article\" \/>\n<meta property=\"og:title\" content=\"Colin Morgan Actor | Videobook\" \/>\n<meta property=\"og:description\" content=\"Videobook con los \u00faltimos trabajos del actor Colin Morgan.\" \/>\n<meta property=\"og:url\" content=\"https:\/\/colinmorganactor.com\/es\/videobook\/\" \/>\n<meta property=\"og:site_name\" content=\"Colin Morgan\" \/>\n<meta property=\"article:modified_time\" content=\"2026-02-18T17:04:14+00:00\" \/>\n<meta name=\"twitter:card\" content=\"summary_large_image\" \/>\n<meta name=\"twitter:label1\" content=\"Tiempo de lectura\" \/>\n\t<meta name=\"twitter:data1\" content=\"3 minutos\" \/>\n<script type=\"application\/ld+json\" class=\"yoast-schema-graph\">{\"@context\":\"https:\/\/schema.org\",\"@graph\":[{\"@type\":\"WebPage\",\"@id\":\"https:\/\/colinmorganactor.com\/es\/videobook\/\",\"url\":\"https:\/\/colinmorganactor.com\/es\/videobook\/\",\"name\":\"Colin Morgan Actor | Videobook\",\"isPartOf\":{\"@id\":\"http:\/\/colinmorganactor.com\/es\/#website\"},\"datePublished\":\"2015-10-28T17:30:30+00:00\",\"dateModified\":\"2026-02-18T17:04:14+00:00\",\"description\":\"Videobook con los \u00faltimos trabajos del actor Colin Morgan.\",\"breadcrumb\":{\"@id\":\"https:\/\/colinmorganactor.com\/es\/videobook\/#breadcrumb\"},\"inLanguage\":\"es\",\"potentialAction\":[{\"@type\":\"ReadAction\",\"target\":[\"https:\/\/colinmorganactor.com\/es\/videobook\/\"]}]},{\"@type\":\"BreadcrumbList\",\"@id\":\"https:\/\/colinmorganactor.com\/es\/videobook\/#breadcrumb\",\"itemListElement\":[{\"@type\":\"ListItem\",\"position\":1,\"name\":\"Portada\",\"item\":\"http:\/\/colinmorganactor.com\/es\/\"},{\"@type\":\"ListItem\",\"position\":2,\"name\":\"Videobook \/ Reel\"}]},{\"@type\":\"WebSite\",\"@id\":\"http:\/\/colinmorganactor.com\/es\/#website\",\"url\":\"http:\/\/colinmorganactor.com\/es\/\",\"name\":\"Colin Morgan\",\"description\":\"Actor\",\"potentialAction\":[{\"@type\":\"SearchAction\",\"target\":{\"@type\":\"EntryPoint\",\"urlTemplate\":\"http:\/\/colinmorganactor.com\/es\/?s={search_term_string}\"},\"query-input\":{\"@type\":\"PropertyValueSpecification\",\"valueRequired\":true,\"valueName\":\"search_term_string\"}}],\"inLanguage\":\"es\"}]}<\/script>\n<!-- \/ Yoast SEO plugin. -->","yoast_head_json":{"title":"Colin Morgan Actor | Videobook","description":"Videobook con los \u00faltimos trabajos del actor Colin Morgan.","robots":{"index":"index","follow":"follow","max-snippet":"max-snippet:-1","max-image-preview":"max-image-preview:large","max-video-preview":"max-video-preview:-1"},"canonical":"https:\/\/colinmorganactor.com\/es\/videobook\/","og_locale":"es_ES","og_type":"article","og_title":"Colin Morgan Actor | Videobook","og_description":"Videobook con los \u00faltimos trabajos del actor Colin Morgan.","og_url":"https:\/\/colinmorganactor.com\/es\/videobook\/","og_site_name":"Colin Morgan","article_modified_time":"2026-02-18T17:04:14+00:00","twitter_card":"summary_large_image","twitter_misc":{"Tiempo de lectura":"3 minutos"},"schema":{"@context":"https:\/\/schema.org","@graph":[{"@type":"WebPage","@id":"https:\/\/colinmorganactor.com\/es\/videobook\/","url":"https:\/\/colinmorganactor.com\/es\/videobook\/","name":"Colin Morgan Actor | Videobook","isPartOf":{"@id":"http:\/\/colinmorganactor.com\/es\/#website"},"datePublished":"2015-10-28T17:30:30+00:00","dateModified":"2026-02-18T17:04:14+00:00","description":"Videobook con los \u00faltimos trabajos del actor Colin Morgan.","breadcrumb":{"@id":"https:\/\/colinmorganactor.com\/es\/videobook\/#breadcrumb"},"inLanguage":"es","potentialAction":[{"@type":"ReadAction","target":["https:\/\/colinmorganactor.com\/es\/videobook\/"]}]},{"@type":"BreadcrumbList","@id":"https:\/\/colinmorganactor.com\/es\/videobook\/#breadcrumb","itemListElement":[{"@type":"ListItem","position":1,"name":"Portada","item":"http:\/\/colinmorganactor.com\/es\/"},{"@type":"ListItem","position":2,"name":"Videobook \/ Reel"}]},{"@type":"WebSite","@id":"http:\/\/colinmorganactor.com\/es\/#website","url":"http:\/\/colinmorganactor.com\/es\/","name":"Colin Morgan","description":"Actor","potentialAction":[{"@type":"SearchAction","target":{"@type":"EntryPoint","urlTemplate":"http:\/\/colinmorganactor.com\/es\/?s={search_term_string}"},"query-input":{"@type":"PropertyValueSpecification","valueRequired":true,"valueName":"search_term_string"}}],"inLanguage":"es"}]}},"_links":{"self":[{"href":"https:\/\/colinmorganactor.com\/es\/wp-json\/wp\/v2\/pages\/13","targetHints":{"allow":["GET"]}}],"collection":[{"href":"https:\/\/colinmorganactor.com\/es\/wp-json\/wp\/v2\/pages"}],"about":[{"href":"https:\/\/colinmorganactor.com\/es\/wp-json\/wp\/v2\/types\/page"}],"author":[{"embeddable":true,"href":"https:\/\/colinmorganactor.com\/es\/wp-json\/wp\/v2\/users\/1"}],"replies":[{"embeddable":true,"href":"https:\/\/colinmorganactor.com\/es\/wp-json\/wp\/v2\/comments?post=13"}],"version-history":[{"count":9,"href":"https:\/\/colinmorganactor.com\/es\/wp-json\/wp\/v2\/pages\/13\/revisions"}],"predecessor-version":[{"id":831,"href":"https:\/\/colinmorganactor.com\/es\/wp-json\/wp\/v2\/pages\/13\/revisions\/831"}],"wp:attachment":[{"href":"https:\/\/colinmorganactor.com\/es\/wp-json\/wp\/v2\/media?parent=13"}],"curies":[{"name":"wp","href":"https:\/\/api.w.org\/{rel}","templated":true}]}}