{"id":440,"date":"2015-10-28T19:33:48","date_gmt":"2015-10-28T18:33:48","guid":{"rendered":"https:\/\/colinmorganactor.com\/bio-actor\/"},"modified":"2025-12-09T12:45:37","modified_gmt":"2025-12-09T11:45:37","slug":"bio-actor","status":"publish","type":"page","link":"https:\/\/colinmorganactor.com\/fr\/bio-actor\/","title":{"rendered":"Bio"},"content":{"rendered":"<p>[vc_row row_type=\u00a0\u00bbrow\u00a0\u00bb use_row_as_full_screen_section=\u00a0\u00bbyes\u00a0\u00bb type=\u00a0\u00bbfull_width\u00a0\u00bb text_align=\u00a0\u00bbleft\u00a0\u00bb background_image=\u00a0\u00bb150&Prime; background_animation=\u00a0\u00bbnone\u00a0\u00bb css_animation=\u00a0\u00bb\u00a0\u00bb][vc_column width=\u00a0\u00bb1\/2&Prime; css=\u00a0\u00bb.vc_custom_1452591374070{margin-top: 2% !important;margin-right: 2% !important;margin-bottom: 2% !important;margin-left: 2% !important;padding-top: 30px !important;padding-right: 30px !important;padding-bottom: 30px !important;padding-left: 30px !important;background-color: rgba(0,0,0,0.85) !important;*background-color: rgb(0,0,0) !important;}\u00a0\u00bb][vc_column_text]<\/p>\n<h1>Biographie<\/h1>\n<div>\n<p><strong>Colin Morgan<\/strong> est n\u00e9 \u00e0 Los Angeles et a grandi en Californie du Nord. Une fois sa vocation choisie, sa formation d\u2019acteur l\u2019a amen\u00e9 \u00e0 voyager dans diff\u00e9rentes villes, comme Los Angeles o\u00f9 il a \u00e9tudi\u00e9, New York o\u00f9 il a \u00e9tudi\u00e9 pour de vrai, \u00e0 Madrid o\u00f9 il est mont\u00e9 sur sc\u00e8ne et, parmi d\u2019autres villes, Barcelone o\u00f9 il a poursuivi sa formation tout en se construisant son cr\u00e9neau.<\/p>\n<p>\u00c9tant donn\u00e9 qu\u2019un acteur est \u00e0 la fois l\u2019artiste et l\u2019\u0153uvre, Colin consid\u00e8re son parcours comme un projet en voie de d\u00e9veloppement permanent et encourage souvent ses coll\u00e8gues du milieu \u00e0 voir leur processus de la m\u00eame mani\u00e8re. Son parcours professionnel inclut des longs m\u00e9trages, des voix off et une quantit\u00e9 tr\u00e8s modeste de pi\u00e8ces port\u00e9es \u00e0 la sc\u00e8ne.<\/p>\n<p>Ayant r\u00e9cemment eu deux enfants, sa conscience de la vie et de toute activit\u00e9 ludique s\u2019est \u00e9largie. La nouvelle importance qu\u2019il accorde au jeu, au soin de l\u2019autre, au fait de donner et de recevoir, s\u2019est superpos\u00e9e \u00e0 sa profession. Comme Shakespeare l\u2019a bien dit : \u00ab Le monde entier est une sc\u00e8ne \u00bb. La question est maintenant\u2026 qui ose venir jouer ?<\/p>\n<\/div>\n<p>[\/vc_column_text][\/vc_column][vc_column width=\u00a0\u00bb1\/4&Prime;][\/vc_column][vc_column width=\u00a0\u00bb1\/4&Prime;][\/vc_column][\/vc_row]<\/p>\n","protected":false},"excerpt":{"rendered":"<p>[vc_row row_type=\u00a0\u00bbrow\u00a0\u00bb use_row_as_full_screen_section=\u00a0\u00bbyes\u00a0\u00bb type=\u00a0\u00bbfull_width\u00a0\u00bb text_align=\u00a0\u00bbleft\u00a0\u00bb background_image=\u00a0\u00bb150&Prime; background_animation=\u00a0\u00bbnone\u00a0\u00bb css_animation=\u00a0\u00bb\u00a0\u00bb][vc_column width=\u00a0\u00bb1\/2&Prime; css=\u00a0\u00bb.vc_custom_1452591374070{margin-top: 2% !important;margin-right: 2% !important;margin-bottom: 2% !important;margin-left: 2% !important;padding-top: 30px !important;padding-right: 30px !important;padding-bottom: 30px !important;padding-left: 30px !important;background-color: rgba(0,0,0,0.85) !important;*background-color: rgb(0,0,0) !important;}\u00a0\u00bb][vc_column_text] Biographie Colin Morgan est n\u00e9 \u00e0 Los Angeles et a grandi en Californie du Nord&#8230;.<\/p>\n","protected":false},"author":1,"featured_media":0,"parent":0,"menu_order":0,"comment_status":"closed","ping_status":"closed","template":"full_screen.php","meta":{"_monsterinsights_skip_tracking":false,"_monsterinsights_sitenote_active":false,"_monsterinsights_sitenote_note":"","_monsterinsights_sitenote_category":0,"footnotes":""},"class_list":["post-440","page","type-page","status-publish","hentry"],"yoast_head":"<!-- This site is optimized with the Yoast SEO plugin v26.9 - https:\/\/yoast.com\/product\/yoast-seo-wordpress\/ -->\n<title>Colin Morgan Actor | Biograf\u00eda<\/title>\n<meta name=\"description\" content=\"Colin Morgan est n\u00e9 \u00e0 Los Angeles et a grandi en Californie du Nord. Une fois sa vocation choisie, sa formation d\u2019acteur l\u2019a amen\u00e9 \u00e0 voyager dans diff\u00e9rentes villes, comme Los Angeles o\u00f9 il a \u00e9tudi\u00e9, New York o\u00f9 il a \u00e9tudi\u00e9 pour de vrai, \u00e0 Madrid o\u00f9 il est mont\u00e9 sur sc\u00e8ne et, parmi d\u2019autres villes, Barcelone o\u00f9 il a poursuivi sa formation tout en se construisant son cr\u00e9neau.\" \/>\n<meta name=\"robots\" content=\"index, follow, max-snippet:-1, max-image-preview:large, max-video-preview:-1\" \/>\n<link rel=\"canonical\" href=\"https:\/\/colinmorganactor.com\/fr\/bio-actor\/\" \/>\n<meta property=\"og:locale\" content=\"fr_FR\" \/>\n<meta property=\"og:type\" content=\"article\" \/>\n<meta property=\"og:title\" content=\"Colin Morgan Actor | Biograf\u00eda\" \/>\n<meta property=\"og:description\" content=\"Colin Morgan est n\u00e9 \u00e0 Los Angeles et a grandi en Californie du Nord. Une fois sa vocation choisie, sa formation d\u2019acteur l\u2019a amen\u00e9 \u00e0 voyager dans diff\u00e9rentes villes, comme Los Angeles o\u00f9 il a \u00e9tudi\u00e9, New York o\u00f9 il a \u00e9tudi\u00e9 pour de vrai, \u00e0 Madrid o\u00f9 il est mont\u00e9 sur sc\u00e8ne et, parmi d\u2019autres villes, Barcelone o\u00f9 il a poursuivi sa formation tout en se construisant son cr\u00e9neau.\" \/>\n<meta property=\"og:url\" content=\"https:\/\/colinmorganactor.com\/fr\/bio-actor\/\" \/>\n<meta property=\"og:site_name\" content=\"Colin Morgan\" \/>\n<meta property=\"article:modified_time\" content=\"2025-12-09T11:45:37+00:00\" \/>\n<meta name=\"twitter:card\" content=\"summary_large_image\" \/>\n<meta name=\"twitter:label1\" content=\"Dur\u00e9e de lecture estim\u00e9e\" \/>\n\t<meta name=\"twitter:data1\" content=\"1 minute\" \/>\n<script type=\"application\/ld+json\" class=\"yoast-schema-graph\">{\"@context\":\"https:\/\/schema.org\",\"@graph\":[{\"@type\":\"WebPage\",\"@id\":\"https:\/\/colinmorganactor.com\/fr\/bio-actor\/\",\"url\":\"https:\/\/colinmorganactor.com\/fr\/bio-actor\/\",\"name\":\"Colin Morgan Actor | Biograf\u00eda\",\"isPartOf\":{\"@id\":\"https:\/\/colinmorganactor.com\/fr\/#website\"},\"datePublished\":\"2015-10-28T18:33:48+00:00\",\"dateModified\":\"2025-12-09T11:45:37+00:00\",\"description\":\"Colin Morgan est n\u00e9 \u00e0 Los Angeles et a grandi en Californie du Nord. Une fois sa vocation choisie, sa formation d\u2019acteur l\u2019a amen\u00e9 \u00e0 voyager dans diff\u00e9rentes villes, comme Los Angeles o\u00f9 il a \u00e9tudi\u00e9, New York o\u00f9 il a \u00e9tudi\u00e9 pour de vrai, \u00e0 Madrid o\u00f9 il est mont\u00e9 sur sc\u00e8ne et, parmi d\u2019autres villes, Barcelone o\u00f9 il a poursuivi sa formation tout en se construisant son cr\u00e9neau.\",\"breadcrumb\":{\"@id\":\"https:\/\/colinmorganactor.com\/fr\/bio-actor\/#breadcrumb\"},\"inLanguage\":\"fr-FR\",\"potentialAction\":[{\"@type\":\"ReadAction\",\"target\":[\"https:\/\/colinmorganactor.com\/fr\/bio-actor\/\"]}]},{\"@type\":\"BreadcrumbList\",\"@id\":\"https:\/\/colinmorganactor.com\/fr\/bio-actor\/#breadcrumb\",\"itemListElement\":[{\"@type\":\"ListItem\",\"position\":1,\"name\":\"Portada\",\"item\":\"https:\/\/colinmorganactor.com\/fr\/\"},{\"@type\":\"ListItem\",\"position\":2,\"name\":\"Bio\"}]},{\"@type\":\"WebSite\",\"@id\":\"https:\/\/colinmorganactor.com\/fr\/#website\",\"url\":\"https:\/\/colinmorganactor.com\/fr\/\",\"name\":\"Colin Morgan\",\"description\":\"Actor\",\"potentialAction\":[{\"@type\":\"SearchAction\",\"target\":{\"@type\":\"EntryPoint\",\"urlTemplate\":\"https:\/\/colinmorganactor.com\/fr\/?s={search_term_string}\"},\"query-input\":{\"@type\":\"PropertyValueSpecification\",\"valueRequired\":true,\"valueName\":\"search_term_string\"}}],\"inLanguage\":\"fr-FR\"}]}<\/script>\n<!-- \/ Yoast SEO plugin. -->","yoast_head_json":{"title":"Colin Morgan Actor | Biograf\u00eda","description":"Colin Morgan est n\u00e9 \u00e0 Los Angeles et a grandi en Californie du Nord. Une fois sa vocation choisie, sa formation d\u2019acteur l\u2019a amen\u00e9 \u00e0 voyager dans diff\u00e9rentes villes, comme Los Angeles o\u00f9 il a \u00e9tudi\u00e9, New York o\u00f9 il a \u00e9tudi\u00e9 pour de vrai, \u00e0 Madrid o\u00f9 il est mont\u00e9 sur sc\u00e8ne et, parmi d\u2019autres villes, Barcelone o\u00f9 il a poursuivi sa formation tout en se construisant son cr\u00e9neau.","robots":{"index":"index","follow":"follow","max-snippet":"max-snippet:-1","max-image-preview":"max-image-preview:large","max-video-preview":"max-video-preview:-1"},"canonical":"https:\/\/colinmorganactor.com\/fr\/bio-actor\/","og_locale":"fr_FR","og_type":"article","og_title":"Colin Morgan Actor | Biograf\u00eda","og_description":"Colin Morgan est n\u00e9 \u00e0 Los Angeles et a grandi en Californie du Nord. Une fois sa vocation choisie, sa formation d\u2019acteur l\u2019a amen\u00e9 \u00e0 voyager dans diff\u00e9rentes villes, comme Los Angeles o\u00f9 il a \u00e9tudi\u00e9, New York o\u00f9 il a \u00e9tudi\u00e9 pour de vrai, \u00e0 Madrid o\u00f9 il est mont\u00e9 sur sc\u00e8ne et, parmi d\u2019autres villes, Barcelone o\u00f9 il a poursuivi sa formation tout en se construisant son cr\u00e9neau.","og_url":"https:\/\/colinmorganactor.com\/fr\/bio-actor\/","og_site_name":"Colin Morgan","article_modified_time":"2025-12-09T11:45:37+00:00","twitter_card":"summary_large_image","twitter_misc":{"Dur\u00e9e de lecture estim\u00e9e":"1 minute"},"schema":{"@context":"https:\/\/schema.org","@graph":[{"@type":"WebPage","@id":"https:\/\/colinmorganactor.com\/fr\/bio-actor\/","url":"https:\/\/colinmorganactor.com\/fr\/bio-actor\/","name":"Colin Morgan Actor | Biograf\u00eda","isPartOf":{"@id":"https:\/\/colinmorganactor.com\/fr\/#website"},"datePublished":"2015-10-28T18:33:48+00:00","dateModified":"2025-12-09T11:45:37+00:00","description":"Colin Morgan est n\u00e9 \u00e0 Los Angeles et a grandi en Californie du Nord. Une fois sa vocation choisie, sa formation d\u2019acteur l\u2019a amen\u00e9 \u00e0 voyager dans diff\u00e9rentes villes, comme Los Angeles o\u00f9 il a \u00e9tudi\u00e9, New York o\u00f9 il a \u00e9tudi\u00e9 pour de vrai, \u00e0 Madrid o\u00f9 il est mont\u00e9 sur sc\u00e8ne et, parmi d\u2019autres villes, Barcelone o\u00f9 il a poursuivi sa formation tout en se construisant son cr\u00e9neau.","breadcrumb":{"@id":"https:\/\/colinmorganactor.com\/fr\/bio-actor\/#breadcrumb"},"inLanguage":"fr-FR","potentialAction":[{"@type":"ReadAction","target":["https:\/\/colinmorganactor.com\/fr\/bio-actor\/"]}]},{"@type":"BreadcrumbList","@id":"https:\/\/colinmorganactor.com\/fr\/bio-actor\/#breadcrumb","itemListElement":[{"@type":"ListItem","position":1,"name":"Portada","item":"https:\/\/colinmorganactor.com\/fr\/"},{"@type":"ListItem","position":2,"name":"Bio"}]},{"@type":"WebSite","@id":"https:\/\/colinmorganactor.com\/fr\/#website","url":"https:\/\/colinmorganactor.com\/fr\/","name":"Colin Morgan","description":"Actor","potentialAction":[{"@type":"SearchAction","target":{"@type":"EntryPoint","urlTemplate":"https:\/\/colinmorganactor.com\/fr\/?s={search_term_string}"},"query-input":{"@type":"PropertyValueSpecification","valueRequired":true,"valueName":"search_term_string"}}],"inLanguage":"fr-FR"}]}},"_links":{"self":[{"href":"https:\/\/colinmorganactor.com\/fr\/wp-json\/wp\/v2\/pages\/440","targetHints":{"allow":["GET"]}}],"collection":[{"href":"https:\/\/colinmorganactor.com\/fr\/wp-json\/wp\/v2\/pages"}],"about":[{"href":"https:\/\/colinmorganactor.com\/fr\/wp-json\/wp\/v2\/types\/page"}],"author":[{"embeddable":true,"href":"https:\/\/colinmorganactor.com\/fr\/wp-json\/wp\/v2\/users\/1"}],"replies":[{"embeddable":true,"href":"https:\/\/colinmorganactor.com\/fr\/wp-json\/wp\/v2\/comments?post=440"}],"version-history":[{"count":0,"href":"https:\/\/colinmorganactor.com\/fr\/wp-json\/wp\/v2\/pages\/440\/revisions"}],"wp:attachment":[{"href":"https:\/\/colinmorganactor.com\/fr\/wp-json\/wp\/v2\/media?parent=440"}],"curies":[{"name":"wp","href":"https:\/\/api.w.org\/{rel}","templated":true}]}}