{"id":854,"date":"2026-02-21T17:40:03","date_gmt":"2026-02-21T16:40:03","guid":{"rendered":"https:\/\/colinmorganactor.com\/?page_id=854"},"modified":"2026-02-21T17:51:19","modified_gmt":"2026-02-21T16:51:19","slug":"doublages-voix-en-off","status":"publish","type":"page","link":"https:\/\/colinmorganactor.com\/fr\/doublages-voix-en-off\/","title":{"rendered":"Doublages\/Voix en Off"},"content":{"rendered":"<p>[vc_row row_type=\u00a0\u00bbrow\u00a0\u00bb use_row_as_full_screen_section=\u00a0\u00bbno\u00a0\u00bb type=\u00a0\u00bbgrid\u00a0\u00bb text_align=\u00a0\u00bbleft\u00a0\u00bb background_animation=\u00a0\u00bbnone\u00a0\u00bb css_animation=\u00a0\u00bb\u00a0\u00bb][vc_column width=\u00a0\u00bb1\/6&Prime;][\/vc_column][vc_column width=\u00a0\u00bb2\/3&Prime;][vc_column_text]<\/p>\n<h1>COM\u00c9DIEN ET VOIX OFF MULTILINGUE<\/h1>\n<p>[\/vc_column_text][vc_separator type=\u00a0\u00bbnormal\u00a0\u00bb border_style=\u00a0\u00bb\u00a0\u00bb color=\u00a0\u00bb#00eeff\u00a0\u00bb][vc_empty_space height=\u00a0\u00bb8px\u00a0\u00bb][vc_column_text css=\u00a0\u00bb.vc_custom_1771691277623{margin-top: 24px !important;margin-bottom: 24px !important;border-top-width: 24px !important;border-bottom-width: 24px !important;}\u00a0\u00bb]<\/p>\n<p data-path-to-node=\"6\">Explorez le portfolio de voix off de <b data-path-to-node=\"11\" data-index-in-node=\"37\">Colin Morgan<\/b>. Acteur form\u00e9 \u00e0 New York et Los Angeles, il propose des services professionnels de narration et d&rsquo;interpr\u00e9tation en plusieurs langues pour le cin\u00e9ma, la publicit\u00e9 et des projets internationaux.<\/p>\n<p>[\/vc_column_text][vc_raw_html]JTNDaWZyYW1lJTIwd2lkdGglM0QlMjIxMDAlMjUlMjIlMjBoZWlnaHQlM0QlMjIzMDAlMjIlMjBzY3JvbGxpbmclM0QlMjJubyUyMiUyMGZyYW1lYm9yZGVyJTNEJTIybm8lMjIlMjBhbGxvdyUzRCUyMmF1dG9wbGF5JTIyJTIwc3JjJTNEJTIyaHR0cHMlM0ElMkYlMkZ3LnNvdW5kY2xvdWQuY29tJTJGcGxheWVyJTJGJTNGdXJsJTNEaHR0cHMlMjUzQSUyRiUyRmFwaS5zb3VuZGNsb3VkLmNvbSUyRnRyYWNrcyUyRnNvdW5kY2xvdWQlMjUyNTNBdHJhY2tzJTI1MjUzQTUyNTgzMzU4MCUyNmNvbG9yJTNEJTI1MjMwMDAwMDAlMjZhdXRvX3BsYXklM0RmYWxzZSUyNmhpZGVfcmVsYXRlZCUzRGZhbHNlJTI2c2hvd19jb21tZW50cyUzRHRydWUlMjZzaG93X3VzZXIlM0R0cnVlJTI2c2hvd19yZXBvc3RzJTNEZmFsc2UlMjZzaG93X3RlYXNlciUzRHRydWUlMjZ2aXN1YWwlM0R0cnVlJTIyJTNFJTNDJTJGaWZyYW1lJTNFJTNDZGl2JTIwc3R5bGUlM0QlMjJmb250LXNpemUlM0ElMjAxMHB4JTNCJTIwY29sb3IlM0ElMjAlMjNjY2NjY2MlM0JsaW5lLWJyZWFrJTNBJTIwYW55d2hlcmUlM0J3b3JkLWJyZWFrJTNBJTIwbm9ybWFsJTNCb3ZlcmZsb3clM0ElMjBoaWRkZW4lM0J3aGl0ZS1zcGFjZSUzQSUyMG5vd3JhcCUzQnRleHQtb3ZlcmZsb3clM0ElMjBlbGxpcHNpcyUzQiUyMGZvbnQtZmFtaWx5JTNBJTIwSW50ZXJzdGF0ZSUyQ0x1Y2lkYSUyMEdyYW5kZSUyQ0x1Y2lkYSUyMFNhbnMlMjBVbmljb2RlJTJDTHVjaWRhJTIwU2FucyUyQ0dhcnVkYSUyQ1ZlcmRhbmElMkNUYWhvbWElMkNzYW5zLXNlcmlmJTNCZm9udC13ZWlnaHQlM0ElMjAxMDAlM0IlMjIlM0UlM0NhJTIwaHJlZiUzRCUyMmh0dHBzJTNBJTJGJTJGc291bmRjbG91ZC5jb20lMkZjb2xpbi1tb3JnYW4tODE2MTk0NDQzJTIyJTIwdGl0bGUlM0QlMjJDb2xpbiUyME1vcmdhbiUyMiUyMHRhcmdldCUzRCUyMl9ibGFuayUyMiUyMHN0eWxlJTNEJTIyY29sb3IlM0ElMjAlMjNjY2NjY2MlM0IlMjB0ZXh0LWRlY29yYXRpb24lM0ElMjBub25lJTNCJTIyJTNFQ29saW4lMjBNb3JnYW4lM0MlMkZhJTNFJTIwJUMyJUI3JTIwJTNDYSUyMGhyZWYlM0QlMjJodHRwcyUzQSUyRiUyRnNvdW5kY2xvdWQuY29tJTJGY29saW4tbW9yZ2FuLTgxNjE5NDQ0MyUyRmNvbGluLW1vcmdhbi12by1yZWVsJTIyJTIwdGl0bGUlM0QlMjJDb2xpbiUyME1vcmdhbiUyMFZPJTIwUmVlbCUyMiUyMHRhcmdldCUzRCUyMl9ibGFuayUyMiUyMHN0eWxlJTNEJTIyY29sb3IlM0ElMjAlMjNjY2NjY2MlM0IlMjB0ZXh0LWRlY29yYXRpb24lM0ElMjBub25lJTNCJTIyJTNFQ29saW4lMjBNb3JnYW4lMjBWTyUyMFJlZWwlM0MlMkZhJTNFJTNDJTJGZGl2JTNF[\/vc_raw_html][vc_column_text css=\u00a0\u00bb.vc_custom_1771692631761{margin-top: 72px !important;margin-bottom: 24px !important;border-top-width: 24px !important;border-bottom-width: 24px !important;}\u00a0\u00bb]<\/p>\n<p data-path-to-node=\"12\">Pr\u00eat \u00e0 donner vie \u00e0 votre prochain projet ? <a href=\"https:\/\/colinmorganactor.com\/fr\/contacto\/\"><b data-path-to-node=\"12\" data-index-in-node=\"44\">Cliquez ici pour prendre contact.<\/b><\/a><\/p>\n<p data-path-to-node=\"13\">Si vous souhaitez approfondir sa tessiture vocale et d\u00e9couvrir la polyvalence qu&rsquo;il apporte \u00e0 chaque projet, nous vous invitons \u00e0 consulter la collection compl\u00e8te. <b data-path-to-node=\"13\" data-index-in-node=\"164\">D\u00e9couvrez les enregistrements suivants<\/b> et faites l&rsquo;exp\u00e9rience de ses derni\u00e8res performances professionnelles.<\/p>\n<p>[\/vc_column_text][vc_raw_html]JTNDaWZyYW1lJTIwd2lkdGglM0QlMjIxMDAlMjUlMjIlMjBoZWlnaHQlM0QlMjIxNjYlMjIlMjBzY3JvbGxpbmclM0QlMjJubyUyMiUyMGZyYW1lYm9yZGVyJTNEJTIybm8lMjIlMjBhbGxvdyUzRCUyMmF1dG9wbGF5JTIyJTIwc3JjJTNEJTIyaHR0cHMlM0ElMkYlMkZ3LnNvdW5kY2xvdWQuY29tJTJGcGxheWVyJTJGJTNGdXJsJTNEaHR0cHMlMjUzQSUyRiUyRmFwaS5zb3VuZGNsb3VkLmNvbSUyRnRyYWNrcyUyRnNvdW5kY2xvdWQlMjUyNTNBdHJhY2tzJTI1MjUzQTExNDkwNTQ2NjclMjZjb2xvciUzRCUyNTIzMDAwMDAwJTI2YXV0b19wbGF5JTNEZmFsc2UlMjZoaWRlX3JlbGF0ZWQlM0RmYWxzZSUyNnNob3dfY29tbWVudHMlM0R0cnVlJTI2c2hvd191c2VyJTNEdHJ1ZSUyNnNob3dfcmVwb3N0cyUzRGZhbHNlJTI2c2hvd190ZWFzZXIlM0R0cnVlJTIyJTNFJTNDJTJGaWZyYW1lJTNFJTNDZGl2JTIwc3R5bGUlM0QlMjJmb250LXNpemUlM0ElMjAxMHB4JTNCJTIwY29sb3IlM0ElMjAlMjNjY2NjY2MlM0JsaW5lLWJyZWFrJTNBJTIwYW55d2hlcmUlM0J3b3JkLWJyZWFrJTNBJTIwbm9ybWFsJTNCb3ZlcmZsb3clM0ElMjBoaWRkZW4lM0J3aGl0ZS1zcGFjZSUzQSUyMG5vd3JhcCUzQnRleHQtb3ZlcmZsb3clM0ElMjBlbGxpcHNpcyUzQiUyMGZvbnQtZmFtaWx5JTNBJTIwSW50ZXJzdGF0ZSUyQ0x1Y2lkYSUyMEdyYW5kZSUyQ0x1Y2lkYSUyMFNhbnMlMjBVbmljb2RlJTJDTHVjaWRhJTIwU2FucyUyQ0dhcnVkYSUyQ1ZlcmRhbmElMkNUYWhvbWElMkNzYW5zLXNlcmlmJTNCZm9udC13ZWlnaHQlM0ElMjAxMDAlM0IlMjIlM0UlM0NhJTIwaHJlZiUzRCUyMmh0dHBzJTNBJTJGJTJGc291bmRjbG91ZC5jb20lMkZjb2xpbi1tb3JnYW4tODE2MTk0NDQzJTIyJTIwdGl0bGUlM0QlMjJDb2xpbiUyME1vcmdhbiUyMiUyMHRhcmdldCUzRCUyMl9ibGFuayUyMiUyMHN0eWxlJTNEJTIyY29sb3IlM0ElMjAlMjNjY2NjY2MlM0IlMjB0ZXh0LWRlY29yYXRpb24lM0ElMjBub25lJTNCJTIyJTNFQ29saW4lMjBNb3JnYW4lM0MlMkZhJTNFJTIwJUMyJUI3JTIwJTNDYSUyMGhyZWYlM0QlMjJodHRwcyUzQSUyRiUyRnNvdW5kY2xvdWQuY29tJTJGY29saW4tbW9yZ2FuLTgxNjE5NDQ0MyUyRnBhcmZ1bXMtbGFjb3N0ZSUyMiUyMHRpdGxlJTNEJTIyUGFyZnVtcyUyMExhY29zdGUlMjIlMjB0YXJnZXQlM0QlMjJfYmxhbmslMjIlMjBzdHlsZSUzRCUyMmNvbG9yJTNBJTIwJTIzY2NjY2NjJTNCJTIwdGV4dC1kZWNvcmF0aW9uJTNBJTIwbm9uZSUzQiUyMiUzRVBhcmZ1bXMlMjBMYWNvc3RlJTNDJTJGYSUzRSUzQyUyRmRpdiUzRQ==[\/vc_raw_html][vc_separator type=\u00a0\u00bbnormal\u00a0\u00bb border_style=\u00a0\u00bb\u00a0\u00bb color=\u00a0\u00bb#00eeff\u00a0\u00bb][vc_raw_html]JTNDaWZyYW1lJTIwd2lkdGglM0QlMjIxMDAlMjUlMjIlMjBoZWlnaHQlM0QlMjIxNjYlMjIlMjBzY3JvbGxpbmclM0QlMjJubyUyMiUyMGZyYW1lYm9yZGVyJTNEJTIybm8lMjIlMjBhbGxvdyUzRCUyMmF1dG9wbGF5JTIyJTIwc3JjJTNEJTIyaHR0cHMlM0ElMkYlMkZ3LnNvdW5kY2xvdWQuY29tJTJGcGxheWVyJTJGJTNGdXJsJTNEaHR0cHMlMjUzQSUyRiUyRmFwaS5zb3VuZGNsb3VkLmNvbSUyRnRyYWNrcyUyRnNvdW5kY2xvdWQlMjUyNTNBdHJhY2tzJTI1MjUzQTY5NTY3NDM1NyUyNmNvbG9yJTNEJTI1MjMwMDAwMDAlMjZhdXRvX3BsYXklM0RmYWxzZSUyNmhpZGVfcmVsYXRlZCUzRGZhbHNlJTI2c2hvd19jb21tZW50cyUzRHRydWUlMjZzaG93X3VzZXIlM0R0cnVlJTI2c2hvd19yZXBvc3RzJTNEZmFsc2UlMjZzaG93X3RlYXNlciUzRHRydWUlMjIlM0UlM0MlMkZpZnJhbWUlM0UlM0NkaXYlMjBzdHlsZSUzRCUyMmZvbnQtc2l6ZSUzQSUyMDEwcHglM0IlMjBjb2xvciUzQSUyMCUyM2NjY2NjYyUzQmxpbmUtYnJlYWslM0ElMjBhbnl3aGVyZSUzQndvcmQtYnJlYWslM0ElMjBub3JtYWwlM0JvdmVyZmxvdyUzQSUyMGhpZGRlbiUzQndoaXRlLXNwYWNlJTNBJTIwbm93cmFwJTNCdGV4dC1vdmVyZmxvdyUzQSUyMGVsbGlwc2lzJTNCJTIwZm9udC1mYW1pbHklM0ElMjBJbnRlcnN0YXRlJTJDTHVjaWRhJTIwR3JhbmRlJTJDTHVjaWRhJTIwU2FucyUyMFVuaWNvZGUlMkNMdWNpZGElMjBTYW5zJTJDR2FydWRhJTJDVmVyZGFuYSUyQ1RhaG9tYSUyQ3NhbnMtc2VyaWYlM0Jmb250LXdlaWdodCUzQSUyMDEwMCUzQiUyMiUzRSUzQ2ElMjBocmVmJTNEJTIyaHR0cHMlM0ElMkYlMkZzb3VuZGNsb3VkLmNvbSUyRmNvbGluLW1vcmdhbi04MTYxOTQ0NDMlMjIlMjB0aXRsZSUzRCUyMkNvbGluJTIwTW9yZ2FuJTIyJTIwdGFyZ2V0JTNEJTIyX2JsYW5rJTIyJTIwc3R5bGUlM0QlMjJjb2xvciUzQSUyMCUyM2NjY2NjYyUzQiUyMHRleHQtZGVjb3JhdGlvbiUzQSUyMG5vbmUlM0IlMjIlM0VDb2xpbiUyME1vcmdhbiUzQyUyRmElM0UlMjAlQzIlQjclMjAlM0NhJTIwaHJlZiUzRCUyMmh0dHBzJTNBJTJGJTJGc291bmRjbG91ZC5jb20lMkZjb2xpbi1tb3JnYW4tODE2MTk0NDQzJTJGcmFkaW8tdm8tMSUyMiUyMHRpdGxlJTNEJTIyUmFkaW8lMjBWLk8uJTIwc2VsZi10YXBlZCUyMGF1ZGl0aW9uJTIyJTIwdGFyZ2V0JTNEJTIyX2JsYW5rJTIyJTIwc3R5bGUlM0QlMjJjb2xvciUzQSUyMCUyM2NjY2NjYyUzQiUyMHRleHQtZGVjb3JhdGlvbiUzQSUyMG5vbmUlM0IlMjIlM0VSYWRpbyUyMFYuTy4lMjBzZWxmLXRhcGVkJTIwYXVkaXRpb24lM0MlMkZhJTNFJTNDJTJGZGl2JTNF[\/vc_raw_html][vc_separator type=\u00a0\u00bbnormal\u00a0\u00bb border_style=\u00a0\u00bb\u00a0\u00bb color=\u00a0\u00bb#00eeff\u00a0\u00bb][vc_raw_html]JTNDaWZyYW1lJTIwd2lkdGglM0QlMjIxMDAlMjUlMjIlMjBoZWlnaHQlM0QlMjIxNjYlMjIlMjBzY3JvbGxpbmclM0QlMjJubyUyMiUyMGZyYW1lYm9yZGVyJTNEJTIybm8lMjIlMjBhbGxvdyUzRCUyMmF1dG9wbGF5JTIyJTIwc3JjJTNEJTIyaHR0cHMlM0ElMkYlMkZ3LnNvdW5kY2xvdWQuY29tJTJGcGxheWVyJTJGJTNGdXJsJTNEaHR0cHMlMjUzQSUyRiUyRmFwaS5zb3VuZGNsb3VkLmNvbSUyRnRyYWNrcyUyRnNvdW5kY2xvdWQlMjUyNTNBdHJhY2tzJTI1MjUzQTYxMDAwNjUxMiUyNmNvbG9yJTNEJTI1MjNmZjAwMDAlMjZhdXRvX3BsYXklM0RmYWxzZSUyNmhpZGVfcmVsYXRlZCUzRGZhbHNlJTI2c2hvd19jb21tZW50cyUzRHRydWUlMjZzaG93X3VzZXIlM0R0cnVlJTI2c2hvd19yZXBvc3RzJTNEZmFsc2UlMjZzaG93X3RlYXNlciUzRHRydWUlMjIlM0UlM0MlMkZpZnJhbWUlM0UlM0NkaXYlMjBzdHlsZSUzRCUyMmZvbnQtc2l6ZSUzQSUyMDEwcHglM0IlMjBjb2xvciUzQSUyMCUyM2NjY2NjYyUzQmxpbmUtYnJlYWslM0ElMjBhbnl3aGVyZSUzQndvcmQtYnJlYWslM0ElMjBub3JtYWwlM0JvdmVyZmxvdyUzQSUyMGhpZGRlbiUzQndoaXRlLXNwYWNlJTNBJTIwbm93cmFwJTNCdGV4dC1vdmVyZmxvdyUzQSUyMGVsbGlwc2lzJTNCJTIwZm9udC1mYW1pbHklM0ElMjBJbnRlcnN0YXRlJTJDTHVjaWRhJTIwR3JhbmRlJTJDTHVjaWRhJTIwU2FucyUyMFVuaWNvZGUlMkNMdWNpZGElMjBTYW5zJTJDR2FydWRhJTJDVmVyZGFuYSUyQ1RhaG9tYSUyQ3NhbnMtc2VyaWYlM0Jmb250LXdlaWdodCUzQSUyMDEwMCUzQiUyMiUzRSUzQ2ElMjBocmVmJTNEJTIyaHR0cHMlM0ElMkYlMkZzb3VuZGNsb3VkLmNvbSUyRmNvbGluLW1vcmdhbi04MTYxOTQ0NDMlMjIlMjB0aXRsZSUzRCUyMkNvbGluJTIwTW9yZ2FuJTIyJTIwdGFyZ2V0JTNEJTIyX2JsYW5rJTIyJTIwc3R5bGUlM0QlMjJjb2xvciUzQSUyMCUyM2NjY2NjYyUzQiUyMHRleHQtZGVjb3JhdGlvbiUzQSUyMG5vbmUlM0IlMjIlM0VDb2xpbiUyME1vcmdhbiUzQyUyRmElM0UlMjAlQzIlQjclMjAlM0NhJTIwaHJlZiUzRCUyMmh0dHBzJTNBJTJGJTJGc291bmRjbG91ZC5jb20lMkZjb2xpbi1tb3JnYW4tODE2MTk0NDQzJTJGcmVhZGluZy1vZi1ob3dhcmQtcm9hcmtlJTIyJTIwdGl0bGUlM0QlMjJSZWFkaW5nJTIwb2YlMjBIb3dhcmQlMjBSb2Fya2UlMjIlMjB0YXJnZXQlM0QlMjJfYmxhbmslMjIlMjBzdHlsZSUzRCUyMmNvbG9yJTNBJTIwJTIzY2NjY2NjJTNCJTIwdGV4dC1kZWNvcmF0aW9uJTNBJTIwbm9uZSUzQiUyMiUzRVJlYWRpbmclMjBvZiUyMEhvd2FyZCUyMFJvYXJrZSUzQyUyRmElM0UlM0MlMkZkaXYlM0U=[\/vc_raw_html][vc_separator type=\u00a0\u00bbnormal\u00a0\u00bb border_style=\u00a0\u00bb\u00a0\u00bb color=\u00a0\u00bb#00eeff\u00a0\u00bb][vc_raw_html]JTNDaWZyYW1lJTIwd2lkdGglM0QlMjIxMDAlMjUlMjIlMjBoZWlnaHQlM0QlMjIxNjYlMjIlMjBzY3JvbGxpbmclM0QlMjJubyUyMiUyMGZyYW1lYm9yZGVyJTNEJTIybm8lMjIlMjBhbGxvdyUzRCUyMmF1dG9wbGF5JTIyJTIwc3JjJTNEJTIyaHR0cHMlM0ElMkYlMkZ3LnNvdW5kY2xvdWQuY29tJTJGcGxheWVyJTJGJTNGdXJsJTNEaHR0cHMlMjUzQSUyRiUyRmFwaS5zb3VuZGNsb3VkLmNvbSUyRnRyYWNrcyUyRnNvdW5kY2xvdWQlMjUyNTNBdHJhY2tzJTI1MjUzQTU3NDU4MTA0NSUyNmNvbG9yJTNEJTI1MjNmZjAwMDAlMjZhdXRvX3BsYXklM0RmYWxzZSUyNmhpZGVfcmVsYXRlZCUzRGZhbHNlJTI2c2hvd19jb21tZW50cyUzRHRydWUlMjZzaG93X3VzZXIlM0R0cnVlJTI2c2hvd19yZXBvc3RzJTNEZmFsc2UlMjZzaG93X3RlYXNlciUzRHRydWUlMjIlM0UlM0MlMkZpZnJhbWUlM0UlM0NkaXYlMjBzdHlsZSUzRCUyMmZvbnQtc2l6ZSUzQSUyMDEwcHglM0IlMjBjb2xvciUzQSUyMCUyM2NjY2NjYyUzQmxpbmUtYnJlYWslM0ElMjBhbnl3aGVyZSUzQndvcmQtYnJlYWslM0ElMjBub3JtYWwlM0JvdmVyZmxvdyUzQSUyMGhpZGRlbiUzQndoaXRlLXNwYWNlJTNBJTIwbm93cmFwJTNCdGV4dC1vdmVyZmxvdyUzQSUyMGVsbGlwc2lzJTNCJTIwZm9udC1mYW1pbHklM0ElMjBJbnRlcnN0YXRlJTJDTHVjaWRhJTIwR3JhbmRlJTJDTHVjaWRhJTIwU2FucyUyMFVuaWNvZGUlMkNMdWNpZGElMjBTYW5zJTJDR2FydWRhJTJDVmVyZGFuYSUyQ1RhaG9tYSUyQ3NhbnMtc2VyaWYlM0Jmb250LXdlaWdodCUzQSUyMDEwMCUzQiUyMiUzRSUzQ2ElMjBocmVmJTNEJTIyaHR0cHMlM0ElMkYlMkZzb3VuZGNsb3VkLmNvbSUyRmNvbGluLW1vcmdhbi04MTYxOTQ0NDMlMjIlMjB0aXRsZSUzRCUyMkNvbGluJTIwTW9yZ2FuJTIyJTIwdGFyZ2V0JTNEJTIyX2JsYW5rJTIyJTIwc3R5bGUlM0QlMjJjb2xvciUzQSUyMCUyM2NjY2NjYyUzQiUyMHRleHQtZGVjb3JhdGlvbiUzQSUyMG5vbmUlM0IlMjIlM0VDb2xpbiUyME1vcmdhbiUzQyUyRmElM0UlMjAlQzIlQjclMjAlM0NhJTIwaHJlZiUzRCUyMmh0dHBzJTNBJTJGJTJGc291bmRjbG91ZC5jb20lMkZjb2xpbi1tb3JnYW4tODE2MTk0NDQzJTJGYW1hem9uLWZ1bGZpbGxtZW50LWZyZW5jaCUyMiUyMHRpdGxlJTNEJTIyQW1hem9uJTIwRnVsZmlsbG1lbnQlMjAtRnJlbmNoJTIyJTIwdGFyZ2V0JTNEJTIyX2JsYW5rJTIyJTIwc3R5bGUlM0QlMjJjb2xvciUzQSUyMCUyM2NjY2NjYyUzQiUyMHRleHQtZGVjb3JhdGlvbiUzQSUyMG5vbmUlM0IlMjIlM0VBbWF6b24lMjBGdWxmaWxsbWVudCUyMC1GcmVuY2glM0MlMkZhJTNFJTNDJTJGZGl2JTNF[\/vc_raw_html][vc_separator type=\u00a0\u00bbnormal\u00a0\u00bb border_style=\u00a0\u00bb\u00a0\u00bb color=\u00a0\u00bb#00eeff\u00a0\u00bb][vc_raw_html]JTNDaWZyYW1lJTIwd2lkdGglM0QlMjIxMDAlMjUlMjIlMjBoZWlnaHQlM0QlMjIxNjYlMjIlMjBzY3JvbGxpbmclM0QlMjJubyUyMiUyMGZyYW1lYm9yZGVyJTNEJTIybm8lMjIlMjBhbGxvdyUzRCUyMmF1dG9wbGF5JTIyJTIwc3JjJTNEJTIyaHR0cHMlM0ElMkYlMkZ3LnNvdW5kY2xvdWQuY29tJTJGcGxheWVyJTJGJTNGdXJsJTNEaHR0cHMlMjUzQSUyRiUyRmFwaS5zb3VuZGNsb3VkLmNvbSUyRnRyYWNrcyUyRnNvdW5kY2xvdWQlMjUyNTNBdHJhY2tzJTI1MjUzQTU3NDEwMDYxMyUyNmNvbG9yJTNEJTI1MjNmZjAwMDAlMjZhdXRvX3BsYXklM0RmYWxzZSUyNmhpZGVfcmVsYXRlZCUzRGZhbHNlJTI2c2hvd19jb21tZW50cyUzRHRydWUlMjZzaG93X3VzZXIlM0R0cnVlJTI2c2hvd19yZXBvc3RzJTNEZmFsc2UlMjZzaG93X3RlYXNlciUzRHRydWUlMjIlM0UlM0MlMkZpZnJhbWUlM0UlM0NkaXYlMjBzdHlsZSUzRCUyMmZvbnQtc2l6ZSUzQSUyMDEwcHglM0IlMjBjb2xvciUzQSUyMCUyM2NjY2NjYyUzQmxpbmUtYnJlYWslM0ElMjBhbnl3aGVyZSUzQndvcmQtYnJlYWslM0ElMjBub3JtYWwlM0JvdmVyZmxvdyUzQSUyMGhpZGRlbiUzQndoaXRlLXNwYWNlJTNBJTIwbm93cmFwJTNCdGV4dC1vdmVyZmxvdyUzQSUyMGVsbGlwc2lzJTNCJTIwZm9udC1mYW1pbHklM0ElMjBJbnRlcnN0YXRlJTJDTHVjaWRhJTIwR3JhbmRlJTJDTHVjaWRhJTIwU2FucyUyMFVuaWNvZGUlMkNMdWNpZGElMjBTYW5zJTJDR2FydWRhJTJDVmVyZGFuYSUyQ1RhaG9tYSUyQ3NhbnMtc2VyaWYlM0Jmb250LXdlaWdodCUzQSUyMDEwMCUzQiUyMiUzRSUzQ2ElMjBocmVmJTNEJTIyaHR0cHMlM0ElMkYlMkZzb3VuZGNsb3VkLmNvbSUyRmNvbGluLW1vcmdhbi04MTYxOTQ0NDMlMjIlMjB0aXRsZSUzRCUyMkNvbGluJTIwTW9yZ2FuJTIyJTIwdGFyZ2V0JTNEJTIyX2JsYW5rJTIyJTIwc3R5bGUlM0QlMjJjb2xvciUzQSUyMCUyM2NjY2NjYyUzQiUyMHRleHQtZGVjb3JhdGlvbiUzQSUyMG5vbmUlM0IlMjIlM0VDb2xpbiUyME1vcmdhbiUzQyUyRmElM0UlMjAlQzIlQjclMjAlM0NhJTIwaHJlZiUzRCUyMmh0dHBzJTNBJTJGJTJGc291bmRjbG91ZC5jb20lMkZjb2xpbi1tb3JnYW4tODE2MTk0NDQzJTJGYW1hem9uLWZ1bGZpbGxtZW50LXNwYW5pc2gtY29weSUyMiUyMHRpdGxlJTNEJTIyQW1hem9uJTIwRnVsZmlsbG1lbnQlMjAtU3BhbmlzaCUyMiUyMHRhcmdldCUzRCUyMl9ibGFuayUyMiUyMHN0eWxlJTNEJTIyY29sb3IlM0ElMjAlMjNjY2NjY2MlM0IlMjB0ZXh0LWRlY29yYXRpb24lM0ElMjBub25lJTNCJTIyJTNFQW1hem9uJTIwRnVsZmlsbG1lbnQlMjAtU3BhbmlzaCUzQyUyRmElM0UlM0MlMkZkaXYlM0U=[\/vc_raw_html][vc_separator type=\u00a0\u00bbnormal\u00a0\u00bb border_style=\u00a0\u00bb\u00a0\u00bb color=\u00a0\u00bb#00eeff\u00a0\u00bb][vc_raw_html]JTNDaWZyYW1lJTIwd2lkdGglM0QlMjIxMDAlMjUlMjIlMjBoZWlnaHQlM0QlMjIxNjYlMjIlMjBzY3JvbGxpbmclM0QlMjJubyUyMiUyMGZyYW1lYm9yZGVyJTNEJTIybm8lMjIlMjBhbGxvdyUzRCUyMmF1dG9wbGF5JTIyJTIwc3JjJTNEJTIyaHR0cHMlM0ElMkYlMkZ3LnNvdW5kY2xvdWQuY29tJTJGcGxheWVyJTJGJTNGdXJsJTNEaHR0cHMlMjUzQSUyRiUyRmFwaS5zb3VuZGNsb3VkLmNvbSUyRnRyYWNrcyUyRnNvdW5kY2xvdWQlMjUyNTNBdHJhY2tzJTI1MjUzQTU2NzUxOTU2MSUyNmNvbG9yJTNEJTI1MjMwMDAwMDAlMjZhdXRvX3BsYXklM0RmYWxzZSUyNmhpZGVfcmVsYXRlZCUzRGZhbHNlJTI2c2hvd19jb21tZW50cyUzRHRydWUlMjZzaG93X3VzZXIlM0R0cnVlJTI2c2hvd19yZXBvc3RzJTNEZmFsc2UlMjZzaG93X3RlYXNlciUzRHRydWUlMjIlM0UlM0MlMkZpZnJhbWUlM0UlM0NkaXYlMjBzdHlsZSUzRCUyMmZvbnQtc2l6ZSUzQSUyMDEwcHglM0IlMjBjb2xvciUzQSUyMCUyM2NjY2NjYyUzQmxpbmUtYnJlYWslM0ElMjBhbnl3aGVyZSUzQndvcmQtYnJlYWslM0ElMjBub3JtYWwlM0JvdmVyZmxvdyUzQSUyMGhpZGRlbiUzQndoaXRlLXNwYWNlJTNBJTIwbm93cmFwJTNCdGV4dC1vdmVyZmxvdyUzQSUyMGVsbGlwc2lzJTNCJTIwZm9udC1mYW1pbHklM0ElMjBJbnRlcnN0YXRlJTJDTHVjaWRhJTIwR3JhbmRlJTJDTHVjaWRhJTIwU2FucyUyMFVuaWNvZGUlMkNMdWNpZGElMjBTYW5zJTJDR2FydWRhJTJDVmVyZGFuYSUyQ1RhaG9tYSUyQ3NhbnMtc2VyaWYlM0Jmb250LXdlaWdodCUzQSUyMDEwMCUzQiUyMiUzRSUzQ2ElMjBocmVmJTNEJTIyaHR0cHMlM0ElMkYlMkZzb3VuZGNsb3VkLmNvbSUyRmNvbGluLW1vcmdhbi04MTYxOTQ0NDMlMjIlMjB0aXRsZSUzRCUyMkNvbGluJTIwTW9yZ2FuJTIyJTIwdGFyZ2V0JTNEJTIyX2JsYW5rJTIyJTIwc3R5bGUlM0QlMjJjb2xvciUzQSUyMCUyM2NjY2NjYyUzQiUyMHRleHQtZGVjb3JhdGlvbiUzQSUyMG5vbmUlM0IlMjIlM0VDb2xpbiUyME1vcmdhbiUzQyUyRmElM0UlMjAlQzIlQjclMjAlM0NhJTIwaHJlZiUzRCUyMmh0dHBzJTNBJTJGJTJGc291bmRjbG91ZC5jb20lMkZjb2xpbi1tb3JnYW4tODE2MTk0NDQzJTJGaW50b3RoZXNreWRvdGNvbSUyMiUyMHRpdGxlJTNEJTIySW50b1RoZVNreURvdENvbSUyMiUyMHRhcmdldCUzRCUyMl9ibGFuayUyMiUyMHN0eWxlJTNEJTIyY29sb3IlM0ElMjAlMjNjY2NjY2MlM0IlMjB0ZXh0LWRlY29yYXRpb24lM0ElMjBub25lJTNCJTIyJTNFSW50b1RoZVNreURvdENvbSUzQyUyRmElM0UlM0MlMkZkaXYlM0U=[\/vc_raw_html][vc_separator type=\u00a0\u00bbnormal\u00a0\u00bb border_style=\u00a0\u00bb\u00a0\u00bb color=\u00a0\u00bb#00eeff\u00a0\u00bb][vc_raw_html]JTNDaWZyYW1lJTIwd2lkdGglM0QlMjIxMDAlMjUlMjIlMjBoZWlnaHQlM0QlMjIxNjYlMjIlMjBzY3JvbGxpbmclM0QlMjJubyUyMiUyMGZyYW1lYm9yZGVyJTNEJTIybm8lMjIlMjBhbGxvdyUzRCUyMmF1dG9wbGF5JTIyJTIwc3JjJTNEJTIyaHR0cHMlM0ElMkYlMkZ3LnNvdW5kY2xvdWQuY29tJTJGcGxheWVyJTJGJTNGdXJsJTNEaHR0cHMlMjUzQSUyRiUyRmFwaS5zb3VuZGNsb3VkLmNvbSUyRnRyYWNrcyUyRnNvdW5kY2xvdWQlMjUyNTNBdHJhY2tzJTI1MjUzQTUzNTYzNzg3NyUyNmNvbG9yJTNEJTI1MjMwMDAwMDAlMjZhdXRvX3BsYXklM0RmYWxzZSUyNmhpZGVfcmVsYXRlZCUzRGZhbHNlJTI2c2hvd19jb21tZW50cyUzRHRydWUlMjZzaG93X3VzZXIlM0R0cnVlJTI2c2hvd19yZXBvc3RzJTNEZmFsc2UlMjZzaG93X3RlYXNlciUzRHRydWUlMjIlM0UlM0MlMkZpZnJhbWUlM0UlM0NkaXYlMjBzdHlsZSUzRCUyMmZvbnQtc2l6ZSUzQSUyMDEwcHglM0IlMjBjb2xvciUzQSUyMCUyM2NjY2NjYyUzQmxpbmUtYnJlYWslM0ElMjBhbnl3aGVyZSUzQndvcmQtYnJlYWslM0ElMjBub3JtYWwlM0JvdmVyZmxvdyUzQSUyMGhpZGRlbiUzQndoaXRlLXNwYWNlJTNBJTIwbm93cmFwJTNCdGV4dC1vdmVyZmxvdyUzQSUyMGVsbGlwc2lzJTNCJTIwZm9udC1mYW1pbHklM0ElMjBJbnRlcnN0YXRlJTJDTHVjaWRhJTIwR3JhbmRlJTJDTHVjaWRhJTIwU2FucyUyMFVuaWNvZGUlMkNMdWNpZGElMjBTYW5zJTJDR2FydWRhJTJDVmVyZGFuYSUyQ1RhaG9tYSUyQ3NhbnMtc2VyaWYlM0Jmb250LXdlaWdodCUzQSUyMDEwMCUzQiUyMiUzRSUzQ2ElMjBocmVmJTNEJTIyaHR0cHMlM0ElMkYlMkZzb3VuZGNsb3VkLmNvbSUyRmNvbGluLW1vcmdhbi04MTYxOTQ0NDMlMjIlMjB0aXRsZSUzRCUyMkNvbGluJTIwTW9yZ2FuJTIyJTIwdGFyZ2V0JTNEJTIyX2JsYW5rJTIyJTIwc3R5bGUlM0QlMjJjb2xvciUzQSUyMCUyM2NjY2NjYyUzQiUyMHRleHQtZGVjb3JhdGlvbiUzQSUyMG5vbmUlM0IlMjIlM0VDb2xpbiUyME1vcmdhbiUzQyUyRmElM0UlMjAlQzIlQjclMjAlM0NhJTIwaHJlZiUzRCUyMmh0dHBzJTNBJTJGJTJGc291bmRjbG91ZC5jb20lMkZjb2xpbi1tb3JnYW4tODE2MTk0NDQzJTJGYmV0aGVsbC1ib3N0b24tYWNjZW50JTIyJTIwdGl0bGUlM0QlMjJCZXRoZWxsJTIwQm9zdG9uJTIwQWNjZW50JTIyJTIwdGFyZ2V0JTNEJTIyX2JsYW5rJTIyJTIwc3R5bGUlM0QlMjJjb2xvciUzQSUyMCUyM2NjY2NjYyUzQiUyMHRleHQtZGVjb3JhdGlvbiUzQSUyMG5vbmUlM0IlMjIlM0VCZXRoZWxsJTIwQm9zdG9uJTIwQWNjZW50JTNDJTJGYSUzRSUzQyUyRmRpdiUzRQ==[\/vc_raw_html][vc_column_text css=\u00a0\u00bb.vc_custom_1771692672706{margin-top: 36px !important;margin-bottom: 24px !important;border-top-width: 24px !important;border-bottom-width: 24px !important;}\u00a0\u00bb]<\/p>\n<p data-path-to-node=\"8\">Pr\u00eat \u00e0 donner vie \u00e0 votre prochain projet avec une voix unique et polyvalente ? Que ce soit pour le cin\u00e9ma, la publicit\u00e9 ou la narration haut de gamme, Colin Morgan est disponible pour des collaborations internationales. <a href=\"https:\/\/colinmorganactor.com\/fr\/contacto\/\"><b data-path-to-node=\"14\" data-index-in-node=\"221\">Cliquez ici pour nous contacter et discuter de la mani\u00e8re dont nous pouvons sublimer votre production.<\/b><\/a><\/p>\n<p>[\/vc_column_text][vc_row_inner row_type=\u00a0\u00bbrow\u00a0\u00bb type=\u00a0\u00bbfull_width\u00a0\u00bb use_row_as_full_screen_section_slide=\u00a0\u00bbno\u00a0\u00bb text_align=\u00a0\u00bbleft\u00a0\u00bb css_animation=\u00a0\u00bb\u00a0\u00bb][vc_column_inner][\/vc_column_inner][\/vc_row_inner][\/vc_column][vc_column width=\u00a0\u00bb1\/6&Prime;][\/vc_column][\/vc_row]<\/p>\n","protected":false},"excerpt":{"rendered":"<p>[vc_row row_type=\u00a0\u00bbrow\u00a0\u00bb use_row_as_full_screen_section=\u00a0\u00bbno\u00a0\u00bb type=\u00a0\u00bbgrid\u00a0\u00bb text_align=\u00a0\u00bbleft\u00a0\u00bb background_animation=\u00a0\u00bbnone\u00a0\u00bb css_animation=\u00a0\u00bb\u00a0\u00bb][vc_column width=\u00a0\u00bb1\/6&Prime;][\/vc_column][vc_column width=\u00a0\u00bb2\/3&Prime;][vc_column_text] COM\u00c9DIEN ET VOIX OFF MULTILINGUE [\/vc_column_text][vc_separator type=\u00a0\u00bbnormal\u00a0\u00bb border_style=\u00a0\u00bb\u00a0\u00bb color=\u00a0\u00bb#00eeff\u00a0\u00bb][vc_empty_space height=\u00a0\u00bb8px\u00a0\u00bb][vc_column_text css=\u00a0\u00bb.vc_custom_1771691277623{margin-top: 24px !important;margin-bottom: 24px !important;border-top-width: 24px !important;border-bottom-width: 24px !important;}\u00a0\u00bb] Explorez le portfolio de voix off de Colin Morgan. Acteur form\u00e9 \u00e0 New York et Los Angeles,&#8230;<\/p>\n","protected":false},"author":2,"featured_media":0,"parent":0,"menu_order":0,"comment_status":"closed","ping_status":"closed","template":"full_width.php","meta":{"_monsterinsights_skip_tracking":false,"_monsterinsights_sitenote_active":false,"_monsterinsights_sitenote_note":"","_monsterinsights_sitenote_category":0,"footnotes":""},"class_list":["post-854","page","type-page","status-publish","hentry"],"yoast_head":"<!-- This site is optimized with the Yoast SEO plugin v26.9 - https:\/\/yoast.com\/product\/yoast-seo-wordpress\/ -->\n<title>Colin Morgan Actor | Videobook<\/title>\n<meta name=\"description\" content=\"Videobook con los \u00faltimos trabajos del actor Colin Morgan.\" \/>\n<meta name=\"robots\" content=\"index, follow, max-snippet:-1, max-image-preview:large, max-video-preview:-1\" \/>\n<link rel=\"canonical\" href=\"https:\/\/colinmorganactor.com\/fr\/doublages-voix-en-off\/\" \/>\n<meta property=\"og:locale\" content=\"fr_FR\" \/>\n<meta property=\"og:type\" content=\"article\" \/>\n<meta property=\"og:title\" content=\"Colin Morgan Actor | Videobook\" \/>\n<meta property=\"og:description\" content=\"Videobook con los \u00faltimos trabajos del actor Colin Morgan.\" \/>\n<meta property=\"og:url\" content=\"https:\/\/colinmorganactor.com\/fr\/doublages-voix-en-off\/\" \/>\n<meta property=\"og:site_name\" content=\"Colin Morgan\" \/>\n<meta property=\"article:modified_time\" content=\"2026-02-21T16:51:19+00:00\" \/>\n<meta name=\"twitter:card\" content=\"summary_large_image\" \/>\n<meta name=\"twitter:label1\" content=\"Dur\u00e9e de lecture estim\u00e9e\" \/>\n\t<meta name=\"twitter:data1\" content=\"1 minute\" \/>\n<script type=\"application\/ld+json\" class=\"yoast-schema-graph\">{\"@context\":\"https:\/\/schema.org\",\"@graph\":[{\"@type\":\"WebPage\",\"@id\":\"https:\/\/colinmorganactor.com\/fr\/doublages-voix-en-off\/\",\"url\":\"https:\/\/colinmorganactor.com\/fr\/doublages-voix-en-off\/\",\"name\":\"Colin Morgan Actor | Videobook\",\"isPartOf\":{\"@id\":\"https:\/\/colinmorganactor.com\/fr\/#website\"},\"datePublished\":\"2026-02-21T16:40:03+00:00\",\"dateModified\":\"2026-02-21T16:51:19+00:00\",\"description\":\"Videobook con los \u00faltimos trabajos del actor Colin Morgan.\",\"breadcrumb\":{\"@id\":\"https:\/\/colinmorganactor.com\/fr\/doublages-voix-en-off\/#breadcrumb\"},\"inLanguage\":\"fr-FR\",\"potentialAction\":[{\"@type\":\"ReadAction\",\"target\":[\"https:\/\/colinmorganactor.com\/fr\/doublages-voix-en-off\/\"]}]},{\"@type\":\"BreadcrumbList\",\"@id\":\"https:\/\/colinmorganactor.com\/fr\/doublages-voix-en-off\/#breadcrumb\",\"itemListElement\":[{\"@type\":\"ListItem\",\"position\":1,\"name\":\"Portada\",\"item\":\"https:\/\/colinmorganactor.com\/fr\/\"},{\"@type\":\"ListItem\",\"position\":2,\"name\":\"Doublages\/Voix en Off\"}]},{\"@type\":\"WebSite\",\"@id\":\"https:\/\/colinmorganactor.com\/fr\/#website\",\"url\":\"https:\/\/colinmorganactor.com\/fr\/\",\"name\":\"Colin Morgan\",\"description\":\"Actor\",\"potentialAction\":[{\"@type\":\"SearchAction\",\"target\":{\"@type\":\"EntryPoint\",\"urlTemplate\":\"https:\/\/colinmorganactor.com\/fr\/?s={search_term_string}\"},\"query-input\":{\"@type\":\"PropertyValueSpecification\",\"valueRequired\":true,\"valueName\":\"search_term_string\"}}],\"inLanguage\":\"fr-FR\"}]}<\/script>\n<!-- \/ Yoast SEO plugin. -->","yoast_head_json":{"title":"Colin Morgan Actor | Videobook","description":"Videobook con los \u00faltimos trabajos del actor Colin Morgan.","robots":{"index":"index","follow":"follow","max-snippet":"max-snippet:-1","max-image-preview":"max-image-preview:large","max-video-preview":"max-video-preview:-1"},"canonical":"https:\/\/colinmorganactor.com\/fr\/doublages-voix-en-off\/","og_locale":"fr_FR","og_type":"article","og_title":"Colin Morgan Actor | Videobook","og_description":"Videobook con los \u00faltimos trabajos del actor Colin Morgan.","og_url":"https:\/\/colinmorganactor.com\/fr\/doublages-voix-en-off\/","og_site_name":"Colin Morgan","article_modified_time":"2026-02-21T16:51:19+00:00","twitter_card":"summary_large_image","twitter_misc":{"Dur\u00e9e de lecture estim\u00e9e":"1 minute"},"schema":{"@context":"https:\/\/schema.org","@graph":[{"@type":"WebPage","@id":"https:\/\/colinmorganactor.com\/fr\/doublages-voix-en-off\/","url":"https:\/\/colinmorganactor.com\/fr\/doublages-voix-en-off\/","name":"Colin Morgan Actor | Videobook","isPartOf":{"@id":"https:\/\/colinmorganactor.com\/fr\/#website"},"datePublished":"2026-02-21T16:40:03+00:00","dateModified":"2026-02-21T16:51:19+00:00","description":"Videobook con los \u00faltimos trabajos del actor Colin Morgan.","breadcrumb":{"@id":"https:\/\/colinmorganactor.com\/fr\/doublages-voix-en-off\/#breadcrumb"},"inLanguage":"fr-FR","potentialAction":[{"@type":"ReadAction","target":["https:\/\/colinmorganactor.com\/fr\/doublages-voix-en-off\/"]}]},{"@type":"BreadcrumbList","@id":"https:\/\/colinmorganactor.com\/fr\/doublages-voix-en-off\/#breadcrumb","itemListElement":[{"@type":"ListItem","position":1,"name":"Portada","item":"https:\/\/colinmorganactor.com\/fr\/"},{"@type":"ListItem","position":2,"name":"Doublages\/Voix en Off"}]},{"@type":"WebSite","@id":"https:\/\/colinmorganactor.com\/fr\/#website","url":"https:\/\/colinmorganactor.com\/fr\/","name":"Colin Morgan","description":"Actor","potentialAction":[{"@type":"SearchAction","target":{"@type":"EntryPoint","urlTemplate":"https:\/\/colinmorganactor.com\/fr\/?s={search_term_string}"},"query-input":{"@type":"PropertyValueSpecification","valueRequired":true,"valueName":"search_term_string"}}],"inLanguage":"fr-FR"}]}},"_links":{"self":[{"href":"https:\/\/colinmorganactor.com\/fr\/wp-json\/wp\/v2\/pages\/854","targetHints":{"allow":["GET"]}}],"collection":[{"href":"https:\/\/colinmorganactor.com\/fr\/wp-json\/wp\/v2\/pages"}],"about":[{"href":"https:\/\/colinmorganactor.com\/fr\/wp-json\/wp\/v2\/types\/page"}],"author":[{"embeddable":true,"href":"https:\/\/colinmorganactor.com\/fr\/wp-json\/wp\/v2\/users\/2"}],"replies":[{"embeddable":true,"href":"https:\/\/colinmorganactor.com\/fr\/wp-json\/wp\/v2\/comments?post=854"}],"version-history":[{"count":3,"href":"https:\/\/colinmorganactor.com\/fr\/wp-json\/wp\/v2\/pages\/854\/revisions"}],"predecessor-version":[{"id":868,"href":"https:\/\/colinmorganactor.com\/fr\/wp-json\/wp\/v2\/pages\/854\/revisions\/868"}],"wp:attachment":[{"href":"https:\/\/colinmorganactor.com\/fr\/wp-json\/wp\/v2\/media?parent=854"}],"curies":[{"name":"wp","href":"https:\/\/api.w.org\/{rel}","templated":true}]}}